{"id":1958,"date":"2023-05-26T18:26:31","date_gmt":"2023-05-26T16:26:31","guid":{"rendered":"https:\/\/karlosarguinano.com\/hotel\/suite-junior-con-terraza-y-vistas-al-mar\/"},"modified":"2025-01-15T15:19:39","modified_gmt":"2025-01-15T14:19:39","slug":"suite-junior-avec-terrasse-et-vue-sur-la-mer","status":"publish","type":"page","link":"https:\/\/karlosarguinano.com\/fr\/hotel\/suite-junior-avec-terrasse-et-vue-sur-la-mer\/","title":{"rendered":"Suite junior avec terrasse et vue sur la mer"},"content":{"rendered":"\n<div class=\"wp-block-uagb-container uagb-block-212cf5c6 alignfull uagb-is-root-container\"><div class=\"uagb-container-inner-blocks-wrap\">\n<h1 class=\"wp-block-heading has-text-align-center has-white-color has-text-color\">Suite junior avec terrasse et vue sur la mer<\/h1>\n\n\n\n<p class=\"has-text-align-center has-white-color has-text-color\">Junior avec terrasse et vue sur la mer<\/p>\n\n\n\n<div class=\"wp-block-uagb-buttons uagb-buttons__outer-wrap uagb-btn__default-btn uagb-btn-tablet__default-btn uagb-btn-mobile__default-btn uagb-block-62581265\"><div class=\"uagb-buttons__wrap uagb-buttons-layout-wrap \">\n<div class=\"wp-block-uagb-buttons-child uagb-buttons__outer-wrap uagb-block-9854e79f wp-block-button\"><div class=\"uagb-button__wrapper\"><a class=\"uagb-buttons-repeater wp-block-button__link\" aria-label=\"\" href=\"https:\/\/karlosarguinano.com\/fr\/reservation\/#uagb-tabs__tab1\" rel=\"follow noopener\" target=\"_self\" role=\"button\"><div class=\"uagb-button__link\">R\u00e9server une chambre<\/div><\/a><\/div><\/div>\n<\/div><\/div>\n<\/div><\/div>\n\n\n\n<div class=\"wp-block-uagb-container horizontal-list uagb-block-c30f04f1 alignfull uagb-is-root-container\"><div class=\"uagb-container-inner-blocks-wrap\">\n<ul class=\"wp-block-list\">\n<li>Suite double<\/li>\n\n\n\n<li>Vues \u00e0 la mer<\/li>\n\n\n\n<li>Wifi<\/li>\n\n\n\n<li>Petit-d\u00e9jeuner continental<\/li>\n<\/ul>\n<\/div><\/div>\n\n\n\n<div class=\"wp-block-uagb-container uagb-block-f200179d alignfull uagb-is-root-container\"><div class=\"uagb-container-inner-blocks-wrap\">\t\t\t\t\t<div\n\t\t\t\t\t\tclass=\"wp-block-uagb-image-gallery uagb-block-0d4b2e95     \"\n\t\t\t\t\t\tstyle=\"\"\n\t\t\t\t\t>\n\t\t\t\t\t\t\t\t\t\t\t<div class=\"spectra-image-gallery spectra-image-gallery__layout--carousel\">\n\t\t\t\t\t\t\t\t<div class=\"uagb-slick-carousel uagb-block-0d4b2e95\">\n\t\t\t\t\t\t\t\t\t\t\t\t<div class='spectra-image-gallery__media-wrapper' data-spectra-gallery-image-id='442'>\n\t\t\t\t\t\t\t<div class=\"spectra-image-gallery__media spectra-image-gallery__media--carousel\">\n\t\t\t\t<picture>\n\t\t\t\t\t<source media=\"(min-width: 1024px)\" srcset=\"https:\/\/karlosarguinano.com\/public\/media\/2023\/05\/KA_Febr23_480_Ret.jpg\">\n\t\t\t\t\t<source media=\"(min-width: 768px)\" srcset=\"https:\/\/karlosarguinano.com\/public\/media\/2023\/05\/KA_Febr23_480_Ret-1024x683.jpg\">\n\t\t\t\t\t<img decoding=\"async\" class=\"spectra-image-gallery__media-thumbnail spectra-image-gallery__media-thumbnail--carousel\" src=\"https:\/\/karlosarguinano.com\/public\/media\/2023\/05\/KA_Febr23_480_Ret.jpg\" alt=\"\" loading=\"lazy\" \/>\n\t\t\t\t<\/picture>\n\t\t\t\t<div class=\"spectra-image-gallery__media-thumbnail-blurrer\"><\/div>\n\t\t\t\t\t\t\t\t\t\t\t<div class=\"spectra-image-gallery__media-thumbnail-caption-wrapper spectra-image-gallery__media-thumbnail-caption-wrapper--overlay\"><\/div>\n\t\t\t\t\t\t\t\t<\/div>\n\t\t\t\t\t\t<\/div>\n\t\t\t\t\t\t<div class='spectra-image-gallery__media-wrapper' data-spectra-gallery-image-id='878'>\n\t\t\t\t\t\t\t<div class=\"spectra-image-gallery__media spectra-image-gallery__media--carousel\">\n\t\t\t\t<picture>\n\t\t\t\t\t<source media=\"(min-width: 1024px)\" srcset=\"https:\/\/karlosarguinano.com\/public\/media\/2023\/06\/hotel-karlos-arguinano-suite3-1.jpg\">\n\t\t\t\t\t<source media=\"(min-width: 768px)\" srcset=\"https:\/\/karlosarguinano.com\/public\/media\/2023\/06\/hotel-karlos-arguinano-suite3-1-1024x682.jpg\">\n\t\t\t\t\t<img decoding=\"async\" class=\"spectra-image-gallery__media-thumbnail spectra-image-gallery__media-thumbnail--carousel\" src=\"https:\/\/karlosarguinano.com\/public\/media\/2023\/06\/hotel-karlos-arguinano-suite3-1.jpg\" alt=\"\" loading=\"lazy\" \/>\n\t\t\t\t<\/picture>\n\t\t\t\t<div class=\"spectra-image-gallery__media-thumbnail-blurrer\"><\/div>\n\t\t\t\t\t\t\t\t\t\t\t<div class=\"spectra-image-gallery__media-thumbnail-caption-wrapper spectra-image-gallery__media-thumbnail-caption-wrapper--overlay\"><\/div>\n\t\t\t\t\t\t\t\t<\/div>\n\t\t\t\t\t\t<\/div>\n\t\t\t\t\t\t<div class='spectra-image-gallery__media-wrapper' data-spectra-gallery-image-id='440'>\n\t\t\t\t\t\t\t<div class=\"spectra-image-gallery__media spectra-image-gallery__media--carousel\">\n\t\t\t\t<picture>\n\t\t\t\t\t<source media=\"(min-width: 1024px)\" srcset=\"https:\/\/karlosarguinano.com\/public\/media\/2023\/05\/KA_Febr23_470_Ret.jpg\">\n\t\t\t\t\t<source media=\"(min-width: 768px)\" srcset=\"https:\/\/karlosarguinano.com\/public\/media\/2023\/05\/KA_Febr23_470_Ret-1024x683.jpg\">\n\t\t\t\t\t<img decoding=\"async\" class=\"spectra-image-gallery__media-thumbnail spectra-image-gallery__media-thumbnail--carousel\" src=\"https:\/\/karlosarguinano.com\/public\/media\/2023\/05\/KA_Febr23_470_Ret.jpg\" alt=\"\" loading=\"lazy\" \/>\n\t\t\t\t<\/picture>\n\t\t\t\t<div class=\"spectra-image-gallery__media-thumbnail-blurrer\"><\/div>\n\t\t\t\t\t\t\t\t\t\t\t<div class=\"spectra-image-gallery__media-thumbnail-caption-wrapper spectra-image-gallery__media-thumbnail-caption-wrapper--overlay\"><\/div>\n\t\t\t\t\t\t\t\t<\/div>\n\t\t\t\t\t\t<\/div>\n\t\t\t\t\t\t<div class='spectra-image-gallery__media-wrapper' data-spectra-gallery-image-id='876'>\n\t\t\t\t\t\t\t<div class=\"spectra-image-gallery__media spectra-image-gallery__media--carousel\">\n\t\t\t\t<picture>\n\t\t\t\t\t<source media=\"(min-width: 1024px)\" srcset=\"https:\/\/karlosarguinano.com\/public\/media\/2023\/06\/hotel-karlos-arguinano-suite4-3.jpg\">\n\t\t\t\t\t<source media=\"(min-width: 768px)\" srcset=\"https:\/\/karlosarguinano.com\/public\/media\/2023\/06\/hotel-karlos-arguinano-suite4-3-1024x682.jpg\">\n\t\t\t\t\t<img decoding=\"async\" class=\"spectra-image-gallery__media-thumbnail spectra-image-gallery__media-thumbnail--carousel\" src=\"https:\/\/karlosarguinano.com\/public\/media\/2023\/06\/hotel-karlos-arguinano-suite4-3.jpg\" alt=\"\" loading=\"lazy\" \/>\n\t\t\t\t<\/picture>\n\t\t\t\t<div class=\"spectra-image-gallery__media-thumbnail-blurrer\"><\/div>\n\t\t\t\t\t\t\t\t\t\t\t<div class=\"spectra-image-gallery__media-thumbnail-caption-wrapper spectra-image-gallery__media-thumbnail-caption-wrapper--overlay\"><\/div>\n\t\t\t\t\t\t\t\t<\/div>\n\t\t\t\t\t\t<\/div>\n\t\t\t\t\t\t<div class='spectra-image-gallery__media-wrapper' data-spectra-gallery-image-id='446'>\n\t\t\t\t\t\t\t<div class=\"spectra-image-gallery__media spectra-image-gallery__media--carousel\">\n\t\t\t\t<picture>\n\t\t\t\t\t<source media=\"(min-width: 1024px)\" srcset=\"https:\/\/karlosarguinano.com\/public\/media\/2023\/05\/KA_Febr23_492_Ret.jpg\">\n\t\t\t\t\t<source media=\"(min-width: 768px)\" srcset=\"https:\/\/karlosarguinano.com\/public\/media\/2023\/05\/KA_Febr23_492_Ret-1024x683.jpg\">\n\t\t\t\t\t<img decoding=\"async\" class=\"spectra-image-gallery__media-thumbnail spectra-image-gallery__media-thumbnail--carousel\" src=\"https:\/\/karlosarguinano.com\/public\/media\/2023\/05\/KA_Febr23_492_Ret.jpg\" alt=\"\" loading=\"lazy\" \/>\n\t\t\t\t<\/picture>\n\t\t\t\t<div class=\"spectra-image-gallery__media-thumbnail-blurrer\"><\/div>\n\t\t\t\t\t\t\t\t\t\t\t<div class=\"spectra-image-gallery__media-thumbnail-caption-wrapper spectra-image-gallery__media-thumbnail-caption-wrapper--overlay\"><\/div>\n\t\t\t\t\t\t\t\t<\/div>\n\t\t\t\t\t\t<\/div>\n\t\t\t\t\t\t<div class='spectra-image-gallery__media-wrapper' data-spectra-gallery-image-id='877'>\n\t\t\t\t\t\t\t<div class=\"spectra-image-gallery__media spectra-image-gallery__media--carousel\">\n\t\t\t\t<picture>\n\t\t\t\t\t<source media=\"(min-width: 1024px)\" srcset=\"https:\/\/karlosarguinano.com\/public\/media\/2023\/06\/hotel-karlos-arguinano-suite5-1.jpg\">\n\t\t\t\t\t<source media=\"(min-width: 768px)\" srcset=\"https:\/\/karlosarguinano.com\/public\/media\/2023\/06\/hotel-karlos-arguinano-suite5-1-1024x682.jpg\">\n\t\t\t\t\t<img decoding=\"async\" class=\"spectra-image-gallery__media-thumbnail spectra-image-gallery__media-thumbnail--carousel\" src=\"https:\/\/karlosarguinano.com\/public\/media\/2023\/06\/hotel-karlos-arguinano-suite5-1.jpg\" alt=\"\" loading=\"lazy\" \/>\n\t\t\t\t<\/picture>\n\t\t\t\t<div class=\"spectra-image-gallery__media-thumbnail-blurrer\"><\/div>\n\t\t\t\t\t\t\t\t\t\t\t<div class=\"spectra-image-gallery__media-thumbnail-caption-wrapper spectra-image-gallery__media-thumbnail-caption-wrapper--overlay\"><\/div>\n\t\t\t\t\t\t\t\t<\/div>\n\t\t\t\t\t\t<\/div>\n\t\t\t\t\t\t<div class='spectra-image-gallery__media-wrapper' data-spectra-gallery-image-id='441'>\n\t\t\t\t\t\t\t<div class=\"spectra-image-gallery__media spectra-image-gallery__media--carousel\">\n\t\t\t\t<picture>\n\t\t\t\t\t<source media=\"(min-width: 1024px)\" srcset=\"https:\/\/karlosarguinano.com\/public\/media\/2023\/05\/KA_Febr23_476_Ret.jpg\">\n\t\t\t\t\t<source media=\"(min-width: 768px)\" srcset=\"https:\/\/karlosarguinano.com\/public\/media\/2023\/05\/KA_Febr23_476_Ret-1024x683.jpg\">\n\t\t\t\t\t<img decoding=\"async\" class=\"spectra-image-gallery__media-thumbnail spectra-image-gallery__media-thumbnail--carousel\" src=\"https:\/\/karlosarguinano.com\/public\/media\/2023\/05\/KA_Febr23_476_Ret.jpg\" alt=\"\" loading=\"lazy\" \/>\n\t\t\t\t<\/picture>\n\t\t\t\t<div class=\"spectra-image-gallery__media-thumbnail-blurrer\"><\/div>\n\t\t\t\t\t\t\t\t\t\t\t<div class=\"spectra-image-gallery__media-thumbnail-caption-wrapper spectra-image-gallery__media-thumbnail-caption-wrapper--overlay\"><\/div>\n\t\t\t\t\t\t\t\t<\/div>\n\t\t\t\t\t\t<\/div>\n\t\t\t\t\t\t<div class='spectra-image-gallery__media-wrapper' data-spectra-gallery-image-id='445'>\n\t\t\t\t\t\t\t<div class=\"spectra-image-gallery__media spectra-image-gallery__media--carousel\">\n\t\t\t\t<picture>\n\t\t\t\t\t<source media=\"(min-width: 1024px)\" srcset=\"https:\/\/karlosarguinano.com\/public\/media\/2023\/05\/KA_Febr23_490_Ret.jpg\">\n\t\t\t\t\t<source media=\"(min-width: 768px)\" srcset=\"https:\/\/karlosarguinano.com\/public\/media\/2023\/05\/KA_Febr23_490_Ret-1024x683.jpg\">\n\t\t\t\t\t<img decoding=\"async\" class=\"spectra-image-gallery__media-thumbnail spectra-image-gallery__media-thumbnail--carousel\" src=\"https:\/\/karlosarguinano.com\/public\/media\/2023\/05\/KA_Febr23_490_Ret.jpg\" alt=\"\" loading=\"lazy\" \/>\n\t\t\t\t<\/picture>\n\t\t\t\t<div class=\"spectra-image-gallery__media-thumbnail-blurrer\"><\/div>\n\t\t\t\t\t\t\t\t\t\t\t<div class=\"spectra-image-gallery__media-thumbnail-caption-wrapper spectra-image-gallery__media-thumbnail-caption-wrapper--overlay\"><\/div>\n\t\t\t\t\t\t\t\t<\/div>\n\t\t\t\t\t\t<\/div>\n\t\t\t\t\t\t<div class='spectra-image-gallery__media-wrapper' data-spectra-gallery-image-id='444'>\n\t\t\t\t\t\t\t<div class=\"spectra-image-gallery__media spectra-image-gallery__media--carousel\">\n\t\t\t\t<picture>\n\t\t\t\t\t<source media=\"(min-width: 1024px)\" srcset=\"https:\/\/karlosarguinano.com\/public\/media\/2023\/05\/KA_Febr23_486_Ret.jpg\">\n\t\t\t\t\t<source media=\"(min-width: 768px)\" srcset=\"https:\/\/karlosarguinano.com\/public\/media\/2023\/05\/KA_Febr23_486_Ret-1024x683.jpg\">\n\t\t\t\t\t<img decoding=\"async\" class=\"spectra-image-gallery__media-thumbnail spectra-image-gallery__media-thumbnail--carousel\" src=\"https:\/\/karlosarguinano.com\/public\/media\/2023\/05\/KA_Febr23_486_Ret.jpg\" alt=\"\" loading=\"lazy\" \/>\n\t\t\t\t<\/picture>\n\t\t\t\t<div class=\"spectra-image-gallery__media-thumbnail-blurrer\"><\/div>\n\t\t\t\t\t\t\t\t\t\t\t<div class=\"spectra-image-gallery__media-thumbnail-caption-wrapper spectra-image-gallery__media-thumbnail-caption-wrapper--overlay\"><\/div>\n\t\t\t\t\t\t\t\t<\/div>\n\t\t\t\t\t\t<\/div>\n\t\t\t\t\t\t<div class='spectra-image-gallery__media-wrapper' data-spectra-gallery-image-id='695'>\n\t\t\t\t\t\t\t<div class=\"spectra-image-gallery__media spectra-image-gallery__media--carousel\">\n\t\t\t\t<picture>\n\t\t\t\t\t<source media=\"(min-width: 1024px)\" srcset=\"https:\/\/karlosarguinano.com\/public\/media\/2023\/05\/KA_Hotel_KarlosArguinano_1.jpg\">\n\t\t\t\t\t<source media=\"(min-width: 768px)\" srcset=\"https:\/\/karlosarguinano.com\/public\/media\/2023\/05\/KA_Hotel_KarlosArguinano_1-1024x679.jpg\">\n\t\t\t\t\t<img decoding=\"async\" class=\"spectra-image-gallery__media-thumbnail spectra-image-gallery__media-thumbnail--carousel\" src=\"https:\/\/karlosarguinano.com\/public\/media\/2023\/05\/KA_Hotel_KarlosArguinano_1.jpg\" alt=\"\" loading=\"lazy\" \/>\n\t\t\t\t<\/picture>\n\t\t\t\t<div class=\"spectra-image-gallery__media-thumbnail-blurrer\"><\/div>\n\t\t\t\t\t\t\t\t\t\t\t<div class=\"spectra-image-gallery__media-thumbnail-caption-wrapper spectra-image-gallery__media-thumbnail-caption-wrapper--overlay\"><\/div>\n\t\t\t\t\t\t\t\t<\/div>\n\t\t\t\t\t\t<\/div>\n\t\t\t\t\t\t<div class='spectra-image-gallery__media-wrapper' data-spectra-gallery-image-id='447'>\n\t\t\t\t\t\t\t<div class=\"spectra-image-gallery__media spectra-image-gallery__media--carousel\">\n\t\t\t\t<picture>\n\t\t\t\t\t<source media=\"(min-width: 1024px)\" srcset=\"https:\/\/karlosarguinano.com\/public\/media\/2023\/05\/KA_Febr23_495_Ret.jpg\">\n\t\t\t\t\t<source media=\"(min-width: 768px)\" srcset=\"https:\/\/karlosarguinano.com\/public\/media\/2023\/05\/KA_Febr23_495_Ret-1024x683.jpg\">\n\t\t\t\t\t<img decoding=\"async\" class=\"spectra-image-gallery__media-thumbnail spectra-image-gallery__media-thumbnail--carousel\" src=\"https:\/\/karlosarguinano.com\/public\/media\/2023\/05\/KA_Febr23_495_Ret.jpg\" alt=\"\" loading=\"lazy\" \/>\n\t\t\t\t<\/picture>\n\t\t\t\t<div class=\"spectra-image-gallery__media-thumbnail-blurrer\"><\/div>\n\t\t\t\t\t\t\t\t\t\t\t<div class=\"spectra-image-gallery__media-thumbnail-caption-wrapper spectra-image-gallery__media-thumbnail-caption-wrapper--overlay\"><\/div>\n\t\t\t\t\t\t\t\t<\/div>\n\t\t\t\t\t\t<\/div>\n\t\t\t\t\t\t\t\t\t\t\t<\/div>\n\t\t\t\t\t\t\t<\/div>\n\t\t\t\t\t\t\t\t\t\t\t<\/div>\n\t\t\t\t\t\t\t\t\t<\/div><\/div>\n\n\n\n<div class=\"wp-block-uagb-container uagb-block-3a7b5996 alignfull uagb-is-root-container\"><div class=\"uagb-container-inner-blocks-wrap\">\n<div class=\"wp-block-uagb-container uagb-block-ca67f6bf\">\n<h2 class=\"wp-block-heading\">Dormir avec le bruit de la mer<\/h2>\n<\/div>\n\n\n\n<div class=\"wp-block-uagb-container horizontal-list-border uagb-block-4f0e1f61\">\n<ul class=\"wp-block-list\">\n<li>Vues \u00e0 la mer<\/li>\n\n\n\n<li>2 lits individuels<\/li>\n\n\n\n<li>Salle de bain priv\u00e9e avec baignoire<\/li>\n\n\n\n<li>T\u00e9l\u00e9vision<\/li>\n\n\n\n<li>Wifi<\/li>\n\n\n\n<li>S\u00e9choir<\/li>\n\n\n\n<li>Petit-d\u00e9jeuner continental<\/li>\n\n\n\n<li>Air conditionn\u00e9<\/li>\n\n\n\n<li>Chauffage<\/li>\n<\/ul>\n\n\n\n<p class=\"has-small-font-size\">* Il n&rsquo;est pas accessible aux fauteuils roulants ou aux personnes \u00e0 mobilit\u00e9 r\u00e9duite.<\/p>\n<\/div>\n<\/div><\/div>\n\n\n\n<div class=\"wp-block-uagb-container uagb-block-1e59f8cf alignfull uagb-is-root-container\"><div class=\"uagb-container-inner-blocks-wrap\">\n<div class=\"wp-block-uagb-container uagb-block-0757e0fb\">\n<figure class=\"wp-block-image size-full\"><img loading=\"lazy\" decoding=\"async\" width=\"2000\" height=\"1235\" src=\"https:\/\/karlosarguinano.com\/public\/media\/2023\/05\/KA_Febr23_358_Orig@2x-1.jpg\" alt=\"\" class=\"wp-image-121\" srcset=\"https:\/\/karlosarguinano.com\/public\/media\/2023\/05\/KA_Febr23_358_Orig@2x-1.jpg 2000w, https:\/\/karlosarguinano.com\/public\/media\/2023\/05\/KA_Febr23_358_Orig@2x-1-300x185.jpg 300w, https:\/\/karlosarguinano.com\/public\/media\/2023\/05\/KA_Febr23_358_Orig@2x-1-1024x632.jpg 1024w, https:\/\/karlosarguinano.com\/public\/media\/2023\/05\/KA_Febr23_358_Orig@2x-1-768x474.jpg 768w, https:\/\/karlosarguinano.com\/public\/media\/2023\/05\/KA_Febr23_358_Orig@2x-1-1536x948.jpg 1536w\" sizes=\"auto, (max-width: 2000px) 100vw, 2000px\" \/><\/figure>\n<\/div>\n\n\n\n<div class=\"wp-block-uagb-container tarifa uagb-block-18519b47\">\n<h4 class=\"wp-block-heading has-text-align-center has-rojo-color has-text-color\">Suite<\/h4>\n\n\n\n<hr class=\"wp-block-separator has-alpha-channel-opacity linea\"\/>\n\n\n\n<p><\/p>\n\n\n\n<p class=\"has-text-align-center\"><strong>Haute saison<\/strong><\/p>\n\n\n\n<p class=\"has-text-align-center\">Juillet et ao\u00fbt<\/p>\n\n\n\n<p class=\"has-text-align-center\"><br><strong>Moyenne saison<\/strong><\/p>\n\n\n\n<p class=\"has-text-align-center\"> 15-30 juin et 1-15 septembre<\/p>\n\n\n\n<p><\/p>\n\n\n\n<div class=\"wp-block-uagb-buttons uagb-buttons__outer-wrap uagb-btn__default-btn uagb-btn-tablet__default-btn uagb-btn-mobile__default-btn uagb-block-c1d9e067\"><div class=\"uagb-buttons__wrap uagb-buttons-layout-wrap \">\n<div class=\"wp-block-uagb-buttons-child uagb-buttons__outer-wrap uagb-block-738b68e7 wp-block-button\"><div class=\"uagb-button__wrapper\"><a class=\"uagb-buttons-repeater wp-block-button__link\" aria-label=\"\" href=\"https:\/\/karlosarguinano.com\/fr\/reservation\/#uagb-tabs__tab1\" rel=\"follow noopener\" target=\"_self\" role=\"button\"><div class=\"uagb-button__link\">R\u00e9server une chambre<\/div><\/a><\/div><\/div>\n<\/div><\/div>\n<\/div>\n<\/div><\/div>\n\n\n\n<div class=\"wp-block-uagb-container uagb-block-db58db99 alignfull uagb-is-root-container\"><div class=\"uagb-container-inner-blocks-wrap\">\n<hr class=\"wp-block-separator has-alpha-channel-opacity linea\"\/>\n<\/div><\/div>\n\n\n\n<div class=\"wp-block-uagb-container barracontacto uagb-block-2c0c7ca8 alignfull uagb-is-root-container\"><div class=\"uagb-container-inner-blocks-wrap\">\n<div class=\"wp-block-uagb-container ayudar uagb-block-deea7d51\">\n<h3 class=\"wp-block-heading has-text-align-center\">Offrez une nuit d&rsquo;h\u00f4tel &#8211; Pack KA1<\/h3>\n\n\n\n<p class=\"has-text-align-center\">1 nuit en chambre double du dimanche au jeudi.<br>1 d\u00e9jeuner ou d\u00eener (menu d\u00e9gustation) pour 2 personnes.<br>1 petit-d\u00e9jeuner pour 2 personnes.<\/p>\n\n\n\n<p class=\"has-text-align-center\"><strong>300\u20ac<\/strong>*<br>*Pack \u00e9changeable en basse saison. Consulter les disponibilit\u00e9s.<\/p>\n\n\n\n<p class=\"has-text-align-center\"><a href=\"https:\/\/karlosarguinano.com\/fr\/carte-cadeau-shop\/\" title=\"\">Offrez pack KA1<\/a><\/p>\n<\/div>\n\n\n\n<div class=\"wp-block-uagb-container uagb-block-863bc333\">\n<h3 class=\"wp-block-heading has-text-align-center\">Offrez un Menu D\u00e9gustation<\/h3>\n\n\n\n<p class=\"has-text-align-center\">Menu d\u00e9gustation pour deux personnes.<br>Boissons et caf\u00e9 inclus.<\/p>\n\n\n\n<p class=\"has-text-align-center\"><strong>130\u20ac<\/strong> (65\u20ac\/pax)*<br>*Possibilit\u00e9\u00a0d\u2019ajouter\u00a0plus\u00a0de\u00a0personnes.<\/p>\n\n\n\n<p class=\"has-text-align-center\"><a href=\"https:\/\/karlosarguinano.com\/fr\/carte-cadeau-shop\/\" title=\"\">Offrez Menu D\u00e9gustation<\/a><\/p>\n<\/div>\n<\/div><\/div>\n\n\n\n<div class=\"wp-block-uagb-container barracontacto uag-hide-desktop uag-hide-tab uag-hide-mob uagb-block-bda9da02 alignfull uagb-is-root-container\"><div class=\"uagb-container-inner-blocks-wrap\">\n<div class=\"wp-block-uagb-container ayudar uagb-block-0ac094d4\">\n<h3 class=\"wp-block-heading has-text-align-center\">Offrez une nuit d&rsquo;h\u00f4tel &#8211; Pack KA1<\/h3>\n\n\n\n<p class=\"has-text-align-center\">1 nuit en chambre double du dimanche au jeudi.<br>1 d\u00e9jeuner ou d\u00eener (menu d\u00e9gustation) pour 2 personnes.<br>1 petit-d\u00e9jeuner pour 2 personnes.<\/p>\n\n\n\n<p class=\"has-text-align-center\"><strong>300\u20ac<\/strong>*<br>*Pack \u00e9changeable en basse saison. Consulter les disponibilit\u00e9s.<\/p>\n\n\n\n<p class=\"has-text-align-center\"><a href=\"https:\/\/karlosarguinano.com\/fr\/carte-cadeau-shop\/\" title=\"\">Offrez pack KA1<\/a><\/p>\n<\/div>\n\n\n\n<div class=\"wp-block-uagb-container uagb-block-848c5263\">\n<h3 class=\"wp-block-heading has-text-align-center\">Offrez une nuit d&rsquo;h\u00f4tel &#8211; Pack KA2<\/h3>\n\n\n\n<p class=\"has-text-align-center\">2 nuits en chambre double<br>1 d\u00e9jeuner ou d\u00eener (menu d\u00e9gustation) pour 2 personnes.<br>2 petit-d\u00e9jeuner pour 2 personnes.<\/p>\n\n\n\n<p class=\"has-text-align-center\"><strong>490\u20ac<\/strong>*<br>*Pack \u00e9changeable en basse saison. Consulter les disponibilit\u00e9s.<\/p>\n\n\n\n<p class=\"has-text-align-center\"><a href=\"https:\/\/karlosarguinano.com\/fr\/carte-cadeau-shop\/\" title=\"\">Offrez pack KA2<\/a><\/p>\n<\/div>\n<\/div><\/div>\n\n\n\n<div class=\"wp-block-uagb-container uagb-block-e91ecf14 alignfull uagb-is-root-container\"><div class=\"uagb-container-inner-blocks-wrap\">\n<hr class=\"wp-block-separator has-alpha-channel-opacity linea\"\/>\n<\/div><\/div>\n","protected":false},"excerpt":{"rendered":"<p>Suite junior avec terrasse et vue sur la mer Junior avec terrasse et vue sur la mer Dormir avec le bruit de la mer * Il n&rsquo;est pas accessible aux fauteuils roulants ou aux personnes \u00e0 mobilit\u00e9 r\u00e9duite. Suite Haute saison Juillet et ao\u00fbt Moyenne saison 15-30 juin et 1-15 septembre Offrez une nuit d&rsquo;h\u00f4tel [&hellip;]<\/p>\n","protected":false},"author":1,"featured_media":0,"parent":1765,"menu_order":0,"comment_status":"closed","ping_status":"closed","template":"homepage.php","meta":{"_uag_custom_page_level_css":"","slim_seo":{"title":"Suite junior avec terrasse et vue sur la mer - Karlos Argui\u00f1ano","description":"Suite junior avec terrasse et vue sur la mer Junior avec terrasse et vue sur la mer Dormir avec le bruit de la mer * Il n'est pas accessible aux fauteuils roula"},"footnotes":""},"class_list":["post-1958","page","type-page","status-publish","hentry"],"uagb_featured_image_src":{"full":false,"thumbnail":false,"medium":false,"medium_large":false,"large":false,"1536x1536":false,"2048x2048":false},"uagb_author_info":{"display_name":"axliweb","author_link":"https:\/\/karlosarguinano.com\/fr\/author\/axliweb\/"},"uagb_comment_info":0,"uagb_excerpt":"Suite junior avec terrasse et vue sur la mer Junior avec terrasse et vue sur la mer Dormir avec le bruit de la mer * Il n&rsquo;est pas accessible aux fauteuils roulants ou aux personnes \u00e0 mobilit\u00e9 r\u00e9duite. Suite Haute saison Juillet et ao\u00fbt Moyenne saison 15-30 juin et 1-15 septembre Offrez une nuit d&rsquo;h\u00f4tel\u2026","_links":{"self":[{"href":"https:\/\/karlosarguinano.com\/fr\/wp-json\/wp\/v2\/pages\/1958","targetHints":{"allow":["GET"]}}],"collection":[{"href":"https:\/\/karlosarguinano.com\/fr\/wp-json\/wp\/v2\/pages"}],"about":[{"href":"https:\/\/karlosarguinano.com\/fr\/wp-json\/wp\/v2\/types\/page"}],"author":[{"embeddable":true,"href":"https:\/\/karlosarguinano.com\/fr\/wp-json\/wp\/v2\/users\/1"}],"replies":[{"embeddable":true,"href":"https:\/\/karlosarguinano.com\/fr\/wp-json\/wp\/v2\/comments?post=1958"}],"version-history":[{"count":14,"href":"https:\/\/karlosarguinano.com\/fr\/wp-json\/wp\/v2\/pages\/1958\/revisions"}],"predecessor-version":[{"id":3220,"href":"https:\/\/karlosarguinano.com\/fr\/wp-json\/wp\/v2\/pages\/1958\/revisions\/3220"}],"up":[{"embeddable":true,"href":"https:\/\/karlosarguinano.com\/fr\/wp-json\/wp\/v2\/pages\/1765"}],"wp:attachment":[{"href":"https:\/\/karlosarguinano.com\/fr\/wp-json\/wp\/v2\/media?parent=1958"}],"curies":[{"name":"wp","href":"https:\/\/api.w.org\/{rel}","templated":true}]}}