{"id":1956,"date":"2023-05-26T18:27:19","date_gmt":"2023-05-26T16:27:19","guid":{"rendered":"https:\/\/karlosarguinano.com\/hotel\/doble-con-vista-a-la-calle\/"},"modified":"2025-01-15T15:15:44","modified_gmt":"2025-01-15T14:15:44","slug":"chambre-double-avec-vue-sur-la-rue","status":"publish","type":"page","link":"https:\/\/karlosarguinano.com\/fr\/hotel\/chambre-double-avec-vue-sur-la-rue\/","title":{"rendered":"Chambre double avec vue sur la rue"},"content":{"rendered":"\n<div class=\"wp-block-uagb-container uagb-block-59e1bd24 alignfull uagb-is-root-container\"><div class=\"uagb-container-inner-blocks-wrap\">\n<h1 class=\"wp-block-heading has-text-align-center has-white-color has-text-color\">Chambre double avec vue sur la rue<\/h1>\n\n\n\n<p class=\"has-text-align-center has-white-color has-text-color\">Double avec vue sur la rue<\/p>\n\n\n\n<div class=\"wp-block-uagb-buttons uagb-buttons__outer-wrap uagb-btn__default-btn uagb-btn-tablet__default-btn uagb-btn-mobile__default-btn uagb-block-5cb67770\"><div class=\"uagb-buttons__wrap uagb-buttons-layout-wrap \">\n<div class=\"wp-block-uagb-buttons-child uagb-buttons__outer-wrap uagb-block-59b10115 wp-block-button\"><div class=\"uagb-button__wrapper\"><a class=\"uagb-buttons-repeater wp-block-button__link\" aria-label=\"\" href=\"https:\/\/karlosarguinano.com\/fr\/reservation\/#uagb-tabs__tab1\" rel=\"follow noopener\" target=\"_self\" role=\"button\"><div class=\"uagb-button__link\">R\u00e9server une chambre<\/div><\/a><\/div><\/div>\n<\/div><\/div>\n<\/div><\/div>\n\n\n\n<div class=\"wp-block-uagb-container horizontal-list uagb-block-8be55b7b alignfull uagb-is-root-container\"><div class=\"uagb-container-inner-blocks-wrap\">\n<ul class=\"wp-block-list\">\n<li>Chambre double<\/li>\n\n\n\n<li>Vues \u00e0 la rue<\/li>\n\n\n\n<li>Wifi<\/li>\n\n\n\n<li>Petit-d\u00e9jeuner continental<\/li>\n<\/ul>\n<\/div><\/div>\n\n\n\n<div class=\"wp-block-uagb-container uagb-block-ff70f4ef alignfull uagb-is-root-container\"><div class=\"uagb-container-inner-blocks-wrap\">\t\t\t\t\t<div\n\t\t\t\t\t\tclass=\"wp-block-uagb-image-gallery uagb-block-11f7aee1     \"\n\t\t\t\t\t\tstyle=\"\"\n\t\t\t\t\t>\n\t\t\t\t\t\t\t\t\t\t\t<div class=\"spectra-image-gallery spectra-image-gallery__layout--carousel\">\n\t\t\t\t\t\t\t\t<div class=\"uagb-slick-carousel uagb-block-11f7aee1\">\n\t\t\t\t\t\t\t\t\t\t\t\t<div class='spectra-image-gallery__media-wrapper' data-spectra-gallery-image-id='885'>\n\t\t\t\t\t\t\t<div class=\"spectra-image-gallery__media spectra-image-gallery__media--carousel\">\n\t\t\t\t<picture>\n\t\t\t\t\t<source media=\"(min-width: 1024px)\" srcset=\"https:\/\/karlosarguinano.com\/public\/media\/2023\/06\/hotel_karlos_arguinano_habitacion_doble_vistas_mar.jpg\">\n\t\t\t\t\t<source media=\"(min-width: 768px)\" srcset=\"https:\/\/karlosarguinano.com\/public\/media\/2023\/06\/hotel_karlos_arguinano_habitacion_doble_vistas_mar-1024x682.jpg\">\n\t\t\t\t\t<img decoding=\"async\" class=\"spectra-image-gallery__media-thumbnail spectra-image-gallery__media-thumbnail--carousel\" src=\"https:\/\/karlosarguinano.com\/public\/media\/2023\/06\/hotel_karlos_arguinano_habitacion_doble_vistas_mar-1024x682.jpg\" alt=\"\" loading=\"lazy\" \/>\n\t\t\t\t<\/picture>\n\t\t\t\t<div class=\"spectra-image-gallery__media-thumbnail-blurrer\"><\/div>\n\t\t\t\t\t\t\t\t\t\t\t<div class=\"spectra-image-gallery__media-thumbnail-caption-wrapper spectra-image-gallery__media-thumbnail-caption-wrapper--overlay\"><\/div>\n\t\t\t\t\t\t\t\t<\/div>\n\t\t\t\t\t\t<\/div>\n\t\t\t\t\t\t<div class='spectra-image-gallery__media-wrapper' data-spectra-gallery-image-id='889'>\n\t\t\t\t\t\t\t<div class=\"spectra-image-gallery__media spectra-image-gallery__media--carousel\">\n\t\t\t\t<picture>\n\t\t\t\t\t<source media=\"(min-width: 1024px)\" srcset=\"https:\/\/karlosarguinano.com\/public\/media\/2023\/06\/hotel_karlos_arguinano_habitacion_doble_vistas_mar4.jpg\">\n\t\t\t\t\t<source media=\"(min-width: 768px)\" srcset=\"https:\/\/karlosarguinano.com\/public\/media\/2023\/06\/hotel_karlos_arguinano_habitacion_doble_vistas_mar4-1024x683.jpg\">\n\t\t\t\t\t<img decoding=\"async\" class=\"spectra-image-gallery__media-thumbnail spectra-image-gallery__media-thumbnail--carousel\" src=\"https:\/\/karlosarguinano.com\/public\/media\/2023\/06\/hotel_karlos_arguinano_habitacion_doble_vistas_mar4-1024x683.jpg\" alt=\"\" loading=\"lazy\" \/>\n\t\t\t\t<\/picture>\n\t\t\t\t<div class=\"spectra-image-gallery__media-thumbnail-blurrer\"><\/div>\n\t\t\t\t\t\t\t\t\t\t\t<div class=\"spectra-image-gallery__media-thumbnail-caption-wrapper spectra-image-gallery__media-thumbnail-caption-wrapper--overlay\"><\/div>\n\t\t\t\t\t\t\t\t<\/div>\n\t\t\t\t\t\t<\/div>\n\t\t\t\t\t\t<div class='spectra-image-gallery__media-wrapper' data-spectra-gallery-image-id='888'>\n\t\t\t\t\t\t\t<div class=\"spectra-image-gallery__media spectra-image-gallery__media--carousel\">\n\t\t\t\t<picture>\n\t\t\t\t\t<source media=\"(min-width: 1024px)\" srcset=\"https:\/\/karlosarguinano.com\/public\/media\/2023\/06\/hotel_karlos_arguinano_habitacion_doble_vistas_mar3.jpg\">\n\t\t\t\t\t<source media=\"(min-width: 768px)\" srcset=\"https:\/\/karlosarguinano.com\/public\/media\/2023\/06\/hotel_karlos_arguinano_habitacion_doble_vistas_mar3-1024x683.jpg\">\n\t\t\t\t\t<img decoding=\"async\" class=\"spectra-image-gallery__media-thumbnail spectra-image-gallery__media-thumbnail--carousel\" src=\"https:\/\/karlosarguinano.com\/public\/media\/2023\/06\/hotel_karlos_arguinano_habitacion_doble_vistas_mar3-1024x683.jpg\" alt=\"\" loading=\"lazy\" \/>\n\t\t\t\t<\/picture>\n\t\t\t\t<div class=\"spectra-image-gallery__media-thumbnail-blurrer\"><\/div>\n\t\t\t\t\t\t\t\t\t\t\t<div class=\"spectra-image-gallery__media-thumbnail-caption-wrapper spectra-image-gallery__media-thumbnail-caption-wrapper--overlay\"><\/div>\n\t\t\t\t\t\t\t\t<\/div>\n\t\t\t\t\t\t<\/div>\n\t\t\t\t\t\t<div class='spectra-image-gallery__media-wrapper' data-spectra-gallery-image-id='887'>\n\t\t\t\t\t\t\t<div class=\"spectra-image-gallery__media spectra-image-gallery__media--carousel\">\n\t\t\t\t<picture>\n\t\t\t\t\t<source media=\"(min-width: 1024px)\" srcset=\"https:\/\/karlosarguinano.com\/public\/media\/2023\/06\/hotel_karlos_arguinano_habitacion_doble_vistas_mar2.jpg\">\n\t\t\t\t\t<source media=\"(min-width: 768px)\" srcset=\"https:\/\/karlosarguinano.com\/public\/media\/2023\/06\/hotel_karlos_arguinano_habitacion_doble_vistas_mar2-1024x683.jpg\">\n\t\t\t\t\t<img decoding=\"async\" class=\"spectra-image-gallery__media-thumbnail spectra-image-gallery__media-thumbnail--carousel\" src=\"https:\/\/karlosarguinano.com\/public\/media\/2023\/06\/hotel_karlos_arguinano_habitacion_doble_vistas_mar2-1024x683.jpg\" alt=\"\" loading=\"lazy\" \/>\n\t\t\t\t<\/picture>\n\t\t\t\t<div class=\"spectra-image-gallery__media-thumbnail-blurrer\"><\/div>\n\t\t\t\t\t\t\t\t\t\t\t<div class=\"spectra-image-gallery__media-thumbnail-caption-wrapper spectra-image-gallery__media-thumbnail-caption-wrapper--overlay\"><\/div>\n\t\t\t\t\t\t\t\t<\/div>\n\t\t\t\t\t\t<\/div>\n\t\t\t\t\t\t<div class='spectra-image-gallery__media-wrapper' data-spectra-gallery-image-id='452'>\n\t\t\t\t\t\t\t<div class=\"spectra-image-gallery__media spectra-image-gallery__media--carousel\">\n\t\t\t\t<picture>\n\t\t\t\t\t<source media=\"(min-width: 1024px)\" srcset=\"https:\/\/karlosarguinano.com\/public\/media\/2023\/05\/KA_Febr23_361_Ret.jpg\">\n\t\t\t\t\t<source media=\"(min-width: 768px)\" srcset=\"https:\/\/karlosarguinano.com\/public\/media\/2023\/05\/KA_Febr23_361_Ret-1024x683.jpg\">\n\t\t\t\t\t<img decoding=\"async\" class=\"spectra-image-gallery__media-thumbnail spectra-image-gallery__media-thumbnail--carousel\" src=\"https:\/\/karlosarguinano.com\/public\/media\/2023\/05\/KA_Febr23_361_Ret-1024x683.jpg\" alt=\"\" loading=\"lazy\" \/>\n\t\t\t\t<\/picture>\n\t\t\t\t<div class=\"spectra-image-gallery__media-thumbnail-blurrer\"><\/div>\n\t\t\t\t\t\t\t\t\t\t\t<div class=\"spectra-image-gallery__media-thumbnail-caption-wrapper spectra-image-gallery__media-thumbnail-caption-wrapper--overlay\"><\/div>\n\t\t\t\t\t\t\t\t<\/div>\n\t\t\t\t\t\t<\/div>\n\t\t\t\t\t\t<div class='spectra-image-gallery__media-wrapper' data-spectra-gallery-image-id='456'>\n\t\t\t\t\t\t\t<div class=\"spectra-image-gallery__media spectra-image-gallery__media--carousel\">\n\t\t\t\t<picture>\n\t\t\t\t\t<source media=\"(min-width: 1024px)\" srcset=\"https:\/\/karlosarguinano.com\/public\/media\/2023\/05\/KA_Febr23_374_Ret.jpg\">\n\t\t\t\t\t<source media=\"(min-width: 768px)\" srcset=\"https:\/\/karlosarguinano.com\/public\/media\/2023\/05\/KA_Febr23_374_Ret-1024x683.jpg\">\n\t\t\t\t\t<img decoding=\"async\" class=\"spectra-image-gallery__media-thumbnail spectra-image-gallery__media-thumbnail--carousel\" src=\"https:\/\/karlosarguinano.com\/public\/media\/2023\/05\/KA_Febr23_374_Ret-1024x683.jpg\" alt=\"\" loading=\"lazy\" \/>\n\t\t\t\t<\/picture>\n\t\t\t\t<div class=\"spectra-image-gallery__media-thumbnail-blurrer\"><\/div>\n\t\t\t\t\t\t\t\t\t\t\t<div class=\"spectra-image-gallery__media-thumbnail-caption-wrapper spectra-image-gallery__media-thumbnail-caption-wrapper--overlay\"><\/div>\n\t\t\t\t\t\t\t\t<\/div>\n\t\t\t\t\t\t<\/div>\n\t\t\t\t\t\t<div class='spectra-image-gallery__media-wrapper' data-spectra-gallery-image-id='900'>\n\t\t\t\t\t\t\t<div class=\"spectra-image-gallery__media spectra-image-gallery__media--carousel\">\n\t\t\t\t<picture>\n\t\t\t\t\t<source media=\"(min-width: 1024px)\" srcset=\"https:\/\/karlosarguinano.com\/public\/media\/2023\/06\/Hotel-Karlos-Arguinano-Zarautz6.jpg\">\n\t\t\t\t\t<source media=\"(min-width: 768px)\" srcset=\"https:\/\/karlosarguinano.com\/public\/media\/2023\/06\/Hotel-Karlos-Arguinano-Zarautz6-1024x682.jpg\">\n\t\t\t\t\t<img decoding=\"async\" class=\"spectra-image-gallery__media-thumbnail spectra-image-gallery__media-thumbnail--carousel\" src=\"https:\/\/karlosarguinano.com\/public\/media\/2023\/06\/Hotel-Karlos-Arguinano-Zarautz6-1024x682.jpg\" alt=\"\" loading=\"lazy\" \/>\n\t\t\t\t<\/picture>\n\t\t\t\t<div class=\"spectra-image-gallery__media-thumbnail-blurrer\"><\/div>\n\t\t\t\t\t\t\t\t\t\t\t<div class=\"spectra-image-gallery__media-thumbnail-caption-wrapper spectra-image-gallery__media-thumbnail-caption-wrapper--overlay\"><\/div>\n\t\t\t\t\t\t\t\t<\/div>\n\t\t\t\t\t\t<\/div>\n\t\t\t\t\t\t<div class='spectra-image-gallery__media-wrapper' data-spectra-gallery-image-id='901'>\n\t\t\t\t\t\t\t<div class=\"spectra-image-gallery__media spectra-image-gallery__media--carousel\">\n\t\t\t\t<picture>\n\t\t\t\t\t<source media=\"(min-width: 1024px)\" srcset=\"https:\/\/karlosarguinano.com\/public\/media\/2023\/06\/Hotel-Karlos-Arguinano-Zarautz7.jpg\">\n\t\t\t\t\t<source media=\"(min-width: 768px)\" srcset=\"https:\/\/karlosarguinano.com\/public\/media\/2023\/06\/Hotel-Karlos-Arguinano-Zarautz7-1024x683.jpg\">\n\t\t\t\t\t<img decoding=\"async\" class=\"spectra-image-gallery__media-thumbnail spectra-image-gallery__media-thumbnail--carousel\" src=\"https:\/\/karlosarguinano.com\/public\/media\/2023\/06\/Hotel-Karlos-Arguinano-Zarautz7-1024x683.jpg\" alt=\"\" loading=\"lazy\" \/>\n\t\t\t\t<\/picture>\n\t\t\t\t<div class=\"spectra-image-gallery__media-thumbnail-blurrer\"><\/div>\n\t\t\t\t\t\t\t\t\t\t\t<div class=\"spectra-image-gallery__media-thumbnail-caption-wrapper spectra-image-gallery__media-thumbnail-caption-wrapper--overlay\"><\/div>\n\t\t\t\t\t\t\t\t<\/div>\n\t\t\t\t\t\t<\/div>\n\t\t\t\t\t\t<div class='spectra-image-gallery__media-wrapper' data-spectra-gallery-image-id='899'>\n\t\t\t\t\t\t\t<div class=\"spectra-image-gallery__media spectra-image-gallery__media--carousel\">\n\t\t\t\t<picture>\n\t\t\t\t\t<source media=\"(min-width: 1024px)\" srcset=\"https:\/\/karlosarguinano.com\/public\/media\/2023\/06\/Hotel-Karlos-Arguinano-Zarautz5.jpg\">\n\t\t\t\t\t<source media=\"(min-width: 768px)\" srcset=\"https:\/\/karlosarguinano.com\/public\/media\/2023\/06\/Hotel-Karlos-Arguinano-Zarautz5-1024x683.jpg\">\n\t\t\t\t\t<img decoding=\"async\" class=\"spectra-image-gallery__media-thumbnail spectra-image-gallery__media-thumbnail--carousel\" src=\"https:\/\/karlosarguinano.com\/public\/media\/2023\/06\/Hotel-Karlos-Arguinano-Zarautz5-1024x683.jpg\" alt=\"\" loading=\"lazy\" \/>\n\t\t\t\t<\/picture>\n\t\t\t\t<div class=\"spectra-image-gallery__media-thumbnail-blurrer\"><\/div>\n\t\t\t\t\t\t\t\t\t\t\t<div class=\"spectra-image-gallery__media-thumbnail-caption-wrapper spectra-image-gallery__media-thumbnail-caption-wrapper--overlay\"><\/div>\n\t\t\t\t\t\t\t\t<\/div>\n\t\t\t\t\t\t<\/div>\n\t\t\t\t\t\t<div class='spectra-image-gallery__media-wrapper' data-spectra-gallery-image-id='454'>\n\t\t\t\t\t\t\t<div class=\"spectra-image-gallery__media spectra-image-gallery__media--carousel\">\n\t\t\t\t<picture>\n\t\t\t\t\t<source media=\"(min-width: 1024px)\" srcset=\"https:\/\/karlosarguinano.com\/public\/media\/2023\/05\/KA_Febr23_365_Ret.jpg\">\n\t\t\t\t\t<source media=\"(min-width: 768px)\" srcset=\"https:\/\/karlosarguinano.com\/public\/media\/2023\/05\/KA_Febr23_365_Ret-1024x683.jpg\">\n\t\t\t\t\t<img decoding=\"async\" class=\"spectra-image-gallery__media-thumbnail spectra-image-gallery__media-thumbnail--carousel\" src=\"https:\/\/karlosarguinano.com\/public\/media\/2023\/05\/KA_Febr23_365_Ret-1024x683.jpg\" alt=\"\" loading=\"lazy\" \/>\n\t\t\t\t<\/picture>\n\t\t\t\t<div class=\"spectra-image-gallery__media-thumbnail-blurrer\"><\/div>\n\t\t\t\t\t\t\t\t\t\t\t<div class=\"spectra-image-gallery__media-thumbnail-caption-wrapper spectra-image-gallery__media-thumbnail-caption-wrapper--overlay\"><\/div>\n\t\t\t\t\t\t\t\t<\/div>\n\t\t\t\t\t\t<\/div>\n\t\t\t\t\t\t<div class='spectra-image-gallery__media-wrapper' data-spectra-gallery-image-id='453'>\n\t\t\t\t\t\t\t<div class=\"spectra-image-gallery__media spectra-image-gallery__media--carousel\">\n\t\t\t\t<picture>\n\t\t\t\t\t<source media=\"(min-width: 1024px)\" srcset=\"https:\/\/karlosarguinano.com\/public\/media\/2023\/05\/KA_Febr23_363_Ret.jpg\">\n\t\t\t\t\t<source media=\"(min-width: 768px)\" srcset=\"https:\/\/karlosarguinano.com\/public\/media\/2023\/05\/KA_Febr23_363_Ret-1024x683.jpg\">\n\t\t\t\t\t<img decoding=\"async\" class=\"spectra-image-gallery__media-thumbnail spectra-image-gallery__media-thumbnail--carousel\" src=\"https:\/\/karlosarguinano.com\/public\/media\/2023\/05\/KA_Febr23_363_Ret-1024x683.jpg\" alt=\"\" loading=\"lazy\" \/>\n\t\t\t\t<\/picture>\n\t\t\t\t<div class=\"spectra-image-gallery__media-thumbnail-blurrer\"><\/div>\n\t\t\t\t\t\t\t\t\t\t\t<div class=\"spectra-image-gallery__media-thumbnail-caption-wrapper spectra-image-gallery__media-thumbnail-caption-wrapper--overlay\"><\/div>\n\t\t\t\t\t\t\t\t<\/div>\n\t\t\t\t\t\t<\/div>\n\t\t\t\t\t\t<div class='spectra-image-gallery__media-wrapper' data-spectra-gallery-image-id='455'>\n\t\t\t\t\t\t\t<div class=\"spectra-image-gallery__media spectra-image-gallery__media--carousel\">\n\t\t\t\t<picture>\n\t\t\t\t\t<source media=\"(min-width: 1024px)\" srcset=\"https:\/\/karlosarguinano.com\/public\/media\/2023\/05\/KA_Febr23_368_Ret.jpg\">\n\t\t\t\t\t<source media=\"(min-width: 768px)\" srcset=\"https:\/\/karlosarguinano.com\/public\/media\/2023\/05\/KA_Febr23_368_Ret-1024x683.jpg\">\n\t\t\t\t\t<img decoding=\"async\" class=\"spectra-image-gallery__media-thumbnail spectra-image-gallery__media-thumbnail--carousel\" src=\"https:\/\/karlosarguinano.com\/public\/media\/2023\/05\/KA_Febr23_368_Ret-1024x683.jpg\" alt=\"\" loading=\"lazy\" \/>\n\t\t\t\t<\/picture>\n\t\t\t\t<div class=\"spectra-image-gallery__media-thumbnail-blurrer\"><\/div>\n\t\t\t\t\t\t\t\t\t\t\t<div class=\"spectra-image-gallery__media-thumbnail-caption-wrapper spectra-image-gallery__media-thumbnail-caption-wrapper--overlay\"><\/div>\n\t\t\t\t\t\t\t\t<\/div>\n\t\t\t\t\t\t<\/div>\n\t\t\t\t\t\t<div class='spectra-image-gallery__media-wrapper' data-spectra-gallery-image-id='898'>\n\t\t\t\t\t\t\t<div class=\"spectra-image-gallery__media spectra-image-gallery__media--carousel\">\n\t\t\t\t<picture>\n\t\t\t\t\t<source media=\"(min-width: 1024px)\" srcset=\"https:\/\/karlosarguinano.com\/public\/media\/2023\/06\/Hotel-Karlos-Arguinano-Zarautz4.jpg\">\n\t\t\t\t\t<source media=\"(min-width: 768px)\" srcset=\"https:\/\/karlosarguinano.com\/public\/media\/2023\/06\/Hotel-Karlos-Arguinano-Zarautz4-1024x683.jpg\">\n\t\t\t\t\t<img decoding=\"async\" class=\"spectra-image-gallery__media-thumbnail spectra-image-gallery__media-thumbnail--carousel\" src=\"https:\/\/karlosarguinano.com\/public\/media\/2023\/06\/Hotel-Karlos-Arguinano-Zarautz4-1024x683.jpg\" alt=\"\" loading=\"lazy\" \/>\n\t\t\t\t<\/picture>\n\t\t\t\t<div class=\"spectra-image-gallery__media-thumbnail-blurrer\"><\/div>\n\t\t\t\t\t\t\t\t\t\t\t<div class=\"spectra-image-gallery__media-thumbnail-caption-wrapper spectra-image-gallery__media-thumbnail-caption-wrapper--overlay\"><\/div>\n\t\t\t\t\t\t\t\t<\/div>\n\t\t\t\t\t\t<\/div>\n\t\t\t\t\t\t<div class='spectra-image-gallery__media-wrapper' data-spectra-gallery-image-id='902'>\n\t\t\t\t\t\t\t<div class=\"spectra-image-gallery__media spectra-image-gallery__media--carousel\">\n\t\t\t\t<picture>\n\t\t\t\t\t<source media=\"(min-width: 1024px)\" srcset=\"https:\/\/karlosarguinano.com\/public\/media\/2023\/06\/Hotel-Karlos-Arguinano-Zarautz8.jpg\">\n\t\t\t\t\t<source media=\"(min-width: 768px)\" srcset=\"https:\/\/karlosarguinano.com\/public\/media\/2023\/06\/Hotel-Karlos-Arguinano-Zarautz8-1024x683.jpg\">\n\t\t\t\t\t<img decoding=\"async\" class=\"spectra-image-gallery__media-thumbnail spectra-image-gallery__media-thumbnail--carousel\" src=\"https:\/\/karlosarguinano.com\/public\/media\/2023\/06\/Hotel-Karlos-Arguinano-Zarautz8-1024x683.jpg\" alt=\"\" loading=\"lazy\" \/>\n\t\t\t\t<\/picture>\n\t\t\t\t<div class=\"spectra-image-gallery__media-thumbnail-blurrer\"><\/div>\n\t\t\t\t\t\t\t\t\t\t\t<div class=\"spectra-image-gallery__media-thumbnail-caption-wrapper spectra-image-gallery__media-thumbnail-caption-wrapper--overlay\"><\/div>\n\t\t\t\t\t\t\t\t<\/div>\n\t\t\t\t\t\t<\/div>\n\t\t\t\t\t\t\t\t\t\t\t<\/div>\n\t\t\t\t\t\t\t<\/div>\n\t\t\t\t\t\t\t\t\t\t\t<\/div>\n\t\t\t\t\t\t\t\t\t<\/div><\/div>\n\n\n\n<div class=\"wp-block-uagb-container uagb-block-0c92dafd alignfull uagb-is-root-container\"><div class=\"uagb-container-inner-blocks-wrap\">\n<div class=\"wp-block-uagb-container uagb-block-63798f3c\">\n<h2 class=\"wp-block-heading\">Dormir avec le bruit de la mer<\/h2>\n<\/div>\n\n\n\n<div class=\"wp-block-uagb-container horizontal-list-border uagb-block-dc21ebbf\">\n<ul class=\"wp-block-list\">\n<li>Vues \u00e0 la rue<\/li>\n\n\n\n<li>2 lits individuels<\/li>\n\n\n\n<li>Salle de bain priv\u00e9e avec baignoire<\/li>\n\n\n\n<li>T\u00e9l\u00e9vision<\/li>\n\n\n\n<li>Wifi<\/li>\n\n\n\n<li>S\u00e9choir<\/li>\n\n\n\n<li>Petit-d\u00e9jeuner continental<\/li>\n\n\n\n<li>Air conditionn\u00e9<\/li>\n\n\n\n<li>Chauffage<\/li>\n<\/ul>\n\n\n\n<p class=\"has-small-font-size\">* Il n&rsquo;est pas accessible aux fauteuils roulants ou aux personnes \u00e0 mobilit\u00e9 r\u00e9duite.<\/p>\n<\/div>\n<\/div><\/div>\n\n\n\n<div class=\"wp-block-uagb-container uagb-block-419c3dd4 alignfull uagb-is-root-container\"><div class=\"uagb-container-inner-blocks-wrap\">\n<div class=\"wp-block-uagb-container uagb-block-18edc9ab\">\n<figure class=\"wp-block-image size-full\"><img loading=\"lazy\" decoding=\"async\" width=\"2000\" height=\"1235\" src=\"https:\/\/karlosarguinano.com\/public\/media\/2023\/05\/KA_Febr23_358_Orig@2x-1.jpg\" alt=\"\" class=\"wp-image-121\" srcset=\"https:\/\/karlosarguinano.com\/public\/media\/2023\/05\/KA_Febr23_358_Orig@2x-1.jpg 2000w, https:\/\/karlosarguinano.com\/public\/media\/2023\/05\/KA_Febr23_358_Orig@2x-1-300x185.jpg 300w, https:\/\/karlosarguinano.com\/public\/media\/2023\/05\/KA_Febr23_358_Orig@2x-1-1024x632.jpg 1024w, https:\/\/karlosarguinano.com\/public\/media\/2023\/05\/KA_Febr23_358_Orig@2x-1-768x474.jpg 768w, https:\/\/karlosarguinano.com\/public\/media\/2023\/05\/KA_Febr23_358_Orig@2x-1-1536x948.jpg 1536w\" sizes=\"auto, (max-width: 2000px) 100vw, 2000px\" \/><\/figure>\n<\/div>\n\n\n\n<div class=\"wp-block-uagb-container tarifa uagb-block-9c330c9a\">\n<h4 class=\"wp-block-heading has-text-align-center has-rojo-color has-text-color\">Double<\/h4>\n\n\n\n<hr class=\"wp-block-separator has-alpha-channel-opacity linea\"\/>\n\n\n\n<p><\/p>\n\n\n\n<p class=\"has-text-align-center\"><strong>Haute saison<\/strong><\/p>\n\n\n\n<p class=\"has-text-align-center\"> Juillet et ao\u00fbt<\/p>\n\n\n\n<p class=\"has-text-align-center\"><br><strong>Moyenne saison<\/strong><\/p>\n\n\n\n<p class=\"has-text-align-center\"> 15-30 juin et 1-15 septembre<\/p>\n\n\n\n<p><\/p>\n\n\n\n<div class=\"wp-block-uagb-buttons uagb-buttons__outer-wrap uagb-btn__default-btn uagb-btn-tablet__default-btn uagb-btn-mobile__default-btn uagb-block-8a5f8362\"><div class=\"uagb-buttons__wrap uagb-buttons-layout-wrap \">\n<div class=\"wp-block-uagb-buttons-child uagb-buttons__outer-wrap uagb-block-0eed396a wp-block-button\"><div class=\"uagb-button__wrapper\"><a class=\"uagb-buttons-repeater wp-block-button__link\" aria-label=\"\" href=\"https:\/\/karlosarguinano.com\/fr\/reservation\/#uagb-tabs__tab1\" rel=\"follow noopener\" target=\"_self\" role=\"button\"><div class=\"uagb-button__link\">R\u00e9server une chambre<\/div><\/a><\/div><\/div>\n<\/div><\/div>\n<\/div>\n<\/div><\/div>\n\n\n\n<div class=\"wp-block-uagb-container uagb-block-81c9b080 alignfull uagb-is-root-container\"><div class=\"uagb-container-inner-blocks-wrap\">\n<hr class=\"wp-block-separator has-alpha-channel-opacity linea\"\/>\n<\/div><\/div>\n\n\n\n<div class=\"wp-block-uagb-container barracontacto uagb-block-c5a34adb alignfull uagb-is-root-container\"><div class=\"uagb-container-inner-blocks-wrap\">\n<div class=\"wp-block-uagb-container ayudar uagb-block-5fb5a7f6\">\n<h3 class=\"wp-block-heading has-text-align-center\">Offrez une nuit d&rsquo;h\u00f4tel &#8211; Pack KA1<\/h3>\n\n\n\n<p class=\"has-text-align-center\">1 nuit en chambre double du dimanche au jeudi.<br>1 d\u00e9jeuner ou d\u00eener (menu d\u00e9gustation) pour 2 personnes.<br>1 petit-d\u00e9jeuner pour 2 personnes.<\/p>\n\n\n\n<p class=\"has-text-align-center\"><strong>300\u20ac<\/strong>*<br>*Pack \u00e9changeable en basse saison. Consulter les disponibilit\u00e9s.<\/p>\n\n\n\n<p class=\"has-text-align-center\"><a href=\"https:\/\/karlosarguinano.com\/fr\/carte-cadeau-shop\/\" title=\"\">Offrez pack KA1<\/a><\/p>\n<\/div>\n\n\n\n<div class=\"wp-block-uagb-container uagb-block-911edc77\">\n<h3 class=\"wp-block-heading has-text-align-center\">Offrez un Menu D\u00e9gustation<\/h3>\n\n\n\n<p class=\"has-text-align-center\">Menu d\u00e9gustation pour deux personnes.<br>Boissons et caf\u00e9 inclus.<\/p>\n\n\n\n<p class=\"has-text-align-center\"><strong>130\u20ac (65\u20ac\/pax)<\/strong>*<br>*Possibilit\u00e9\u00a0d\u2019ajouter\u00a0plus\u00a0de\u00a0personnes.<\/p>\n\n\n\n<p class=\"has-text-align-center\"><a href=\"https:\/\/karlosarguinano.com\/fr\/carte-cadeau-shop\/\" title=\"\">Offrez Menu D\u00e9gustation<\/a><\/p>\n<\/div>\n<\/div><\/div>\n\n\n\n<div class=\"wp-block-uagb-container barracontacto uag-hide-desktop uag-hide-tab uag-hide-mob uagb-block-7911bd10 alignfull uagb-is-root-container\"><div class=\"uagb-container-inner-blocks-wrap\">\n<div class=\"wp-block-uagb-container ayudar uagb-block-4e6952e1\">\n<h3 class=\"wp-block-heading has-text-align-center\">Offrez une nuit d&rsquo;h\u00f4tel &#8211; Pack KA1<\/h3>\n\n\n\n<p class=\"has-text-align-center\">1 nuit en chambre double du dimanche au jeudi.<br>1 d\u00e9jeuner ou d\u00eener (menu d\u00e9gustation) pour 2 personnes.<br>1 petit-d\u00e9jeuner pour 2 personnes.<\/p>\n\n\n\n<p class=\"has-text-align-center\"><strong>300\u20ac<\/strong>*<br>*Pack \u00e9changeable en basse saison. Consulter les disponibilit\u00e9s.<\/p>\n\n\n\n<p class=\"has-text-align-center\"><a href=\"https:\/\/karlosarguinano.com\/fr\/carte-cadeau-shop\/\" title=\"\">Offrez pack KA1<\/a><\/p>\n<\/div>\n\n\n\n<div class=\"wp-block-uagb-container uagb-block-ea12e038\">\n<h3 class=\"wp-block-heading has-text-align-center\">Offrez une nuit d&rsquo;h\u00f4tel &#8211; Pack KA2<\/h3>\n\n\n\n<p class=\"has-text-align-center\">2 nuits en chambre double<br>1 d\u00e9jeuner ou d\u00eener (menu d\u00e9gustation) pour 2 personnes.<br>2 petit-d\u00e9jeuner pour 2 personnes.<\/p>\n\n\n\n<p class=\"has-text-align-center\"><strong>490\u20ac<\/strong>*<br>*Pack \u00e9changeable en basse saison. Consulter les disponibilit\u00e9s.<\/p>\n\n\n\n<p class=\"has-text-align-center\"><a href=\"https:\/\/karlosarguinano.com\/fr\/carte-cadeau-shop\/\" title=\"\">Offrez pack KA2<\/a><\/p>\n<\/div>\n<\/div><\/div>\n\n\n\n<div class=\"wp-block-uagb-container uagb-block-0ecf6b17 alignfull uagb-is-root-container\"><div class=\"uagb-container-inner-blocks-wrap\">\n<hr class=\"wp-block-separator has-alpha-channel-opacity linea\"\/>\n<\/div><\/div>\n","protected":false},"excerpt":{"rendered":"<p>Chambre double avec vue sur la rue Double avec vue sur la rue Dormir avec le bruit de la mer * Il n&rsquo;est pas accessible aux fauteuils roulants ou aux personnes \u00e0 mobilit\u00e9 r\u00e9duite. Double Haute saison Juillet et ao\u00fbt Moyenne saison 15-30 juin et 1-15 septembre Offrez une nuit d&rsquo;h\u00f4tel &#8211; Pack KA1 1 [&hellip;]<\/p>\n","protected":false},"author":1,"featured_media":0,"parent":1765,"menu_order":0,"comment_status":"closed","ping_status":"closed","template":"homepage.php","meta":{"_uag_custom_page_level_css":"","slim_seo":{"title":"Chambre double avec vue sur la rue - Karlos Argui\u00f1ano","description":"Chambre double avec vue sur la rue Double avec vue sur la rue Dormir avec le bruit de la mer * Il n'est pas accessible aux fauteuils roulants ou aux personnes \u00e0"},"footnotes":""},"class_list":["post-1956","page","type-page","status-publish","hentry"],"uagb_featured_image_src":{"full":false,"thumbnail":false,"medium":false,"medium_large":false,"large":false,"1536x1536":false,"2048x2048":false},"uagb_author_info":{"display_name":"axliweb","author_link":"https:\/\/karlosarguinano.com\/fr\/author\/axliweb\/"},"uagb_comment_info":0,"uagb_excerpt":"Chambre double avec vue sur la rue Double avec vue sur la rue Dormir avec le bruit de la mer * Il n&rsquo;est pas accessible aux fauteuils roulants ou aux personnes \u00e0 mobilit\u00e9 r\u00e9duite. Double Haute saison Juillet et ao\u00fbt Moyenne saison 15-30 juin et 1-15 septembre Offrez une nuit d&rsquo;h\u00f4tel &#8211; Pack KA1 1\u2026","_links":{"self":[{"href":"https:\/\/karlosarguinano.com\/fr\/wp-json\/wp\/v2\/pages\/1956","targetHints":{"allow":["GET"]}}],"collection":[{"href":"https:\/\/karlosarguinano.com\/fr\/wp-json\/wp\/v2\/pages"}],"about":[{"href":"https:\/\/karlosarguinano.com\/fr\/wp-json\/wp\/v2\/types\/page"}],"author":[{"embeddable":true,"href":"https:\/\/karlosarguinano.com\/fr\/wp-json\/wp\/v2\/users\/1"}],"replies":[{"embeddable":true,"href":"https:\/\/karlosarguinano.com\/fr\/wp-json\/wp\/v2\/comments?post=1956"}],"version-history":[{"count":12,"href":"https:\/\/karlosarguinano.com\/fr\/wp-json\/wp\/v2\/pages\/1956\/revisions"}],"predecessor-version":[{"id":3217,"href":"https:\/\/karlosarguinano.com\/fr\/wp-json\/wp\/v2\/pages\/1956\/revisions\/3217"}],"up":[{"embeddable":true,"href":"https:\/\/karlosarguinano.com\/fr\/wp-json\/wp\/v2\/pages\/1765"}],"wp:attachment":[{"href":"https:\/\/karlosarguinano.com\/fr\/wp-json\/wp\/v2\/media?parent=1956"}],"curies":[{"name":"wp","href":"https:\/\/api.w.org\/{rel}","templated":true}]}}