{"id":1771,"date":"2023-05-26T12:38:35","date_gmt":"2023-05-26T10:38:35","guid":{"rendered":"https:\/\/karlosarguinano.com\/reserva\/"},"modified":"2024-12-23T13:04:56","modified_gmt":"2024-12-23T12:04:56","slug":"reservation","status":"publish","type":"page","link":"https:\/\/karlosarguinano.com\/fr\/reservation\/","title":{"rendered":"R\u00e9servation"},"content":{"rendered":"\n<div class=\"wp-block-uagb-container uagb-block-728f2f1f alignfull uagb-is-root-container\"><div class=\"uagb-container-inner-blocks-wrap\">\n<div class=\"wp-block-uagb-container uagb-block-bf81406e\">\n<figure class=\"wp-block-image size-large anime\"><img loading=\"lazy\" decoding=\"async\" width=\"946\" height=\"1024\" src=\"https:\/\/karlosarguinano.com\/public\/media\/2023\/05\/KA_Febr23_294_Ret@2x-946x1024.jpg\" alt=\"\" class=\"wp-image-157\" srcset=\"https:\/\/karlosarguinano.com\/public\/media\/2023\/05\/KA_Febr23_294_Ret@2x-946x1024.jpg 946w, https:\/\/karlosarguinano.com\/public\/media\/2023\/05\/KA_Febr23_294_Ret@2x-277x300.jpg 277w, https:\/\/karlosarguinano.com\/public\/media\/2023\/05\/KA_Febr23_294_Ret@2x-768x831.jpg 768w, https:\/\/karlosarguinano.com\/public\/media\/2023\/05\/KA_Febr23_294_Ret@2x-1419x1536.jpg 1419w, https:\/\/karlosarguinano.com\/public\/media\/2023\/05\/KA_Febr23_294_Ret@2x.jpg 1848w\" sizes=\"auto, (max-width: 946px) 100vw, 946px\" \/><\/figure>\n<\/div>\n\n\n\n<div class=\"wp-block-uagb-container uagb-block-438dbb46\">\n<p>O\u00f9 souhaitez-vous effectuer votre r\u00e9servation&nbsp;?<\/p>\n\n\n\n<div class=\"wp-block-uagb-tabs uagb-block-c742605c uagb-tabs__wrap uagb-tabs__hstyle2-desktop uagb-tabs__vstyle6-tablet uagb-tabs__stack1-mobile\" data-tab-active=\"0\"><ul class=\"uagb-tabs__panel uagb-tabs__align-left\" role=\"tablist\"><li class=\"uagb-tab uagb-tabs__active\" role=\"none\"><a href=\"#uagb-tabs__tab0\" class=\"uagb-tabs-list uagb-tabs__icon-position-left\" data-tab=\"0\" role=\"tab\"><div>Restaurant<\/div><\/a><\/li><li class=\"uagb-tab \" role=\"none\"><a href=\"#uagb-tabs__tab1\" class=\"uagb-tabs-list uagb-tabs__icon-position-left\" data-tab=\"1\" role=\"tab\"><div>Hotel<\/div><\/a><\/li><\/ul><div class=\"uagb-tabs__body-wrap\">\n<div class=\"wp-block-uagb-tabs-child uagb-tabs__body-container uagb-inner-tab-0\" aria-labelledby=\"uagb-tabs__tab0\">\n<script type=\"text\/javascript\"\n                                                                                               src=\"https:\/\/www.covermanager.com\/js\/iframeResizer.min.js\"><\/script><iframe loading=\"lazy\"\n                                                                    id=\"restaurante-arguinano\" title=\"Reservas\"\n                                                                    src=\"https:\/\/www.covermanager.com\/reserve\/module_restaurant\/restaurante-arguinano\/french\"\n                                                                    frameborder=\"0\" height=\"550\" width=\"100%\" onload=\"iFrameResize();\"><\/iframe>\n<\/div>\n\n\n\n<div class=\"wp-block-uagb-tabs-child uagb-tabs__body-container uagb-inner-tab-1\" aria-labelledby=\"uagb-tabs__tab1\">\n<figure class=\"wp-block-image size-full is-resized\"><img loading=\"lazy\" decoding=\"async\" width=\"113\" height=\"41\" src=\"https:\/\/karlosarguinano.com\/public\/media\/2023\/05\/phone.png\" alt=\"\" class=\"wp-image-383\" style=\"width:55px;height:20px\"\/><\/figure>\n\n\n\n<h3 class=\"wp-block-heading\">943 13 00 00<\/h3>\n\n\n\n<div style=\"height:50px\" aria-hidden=\"true\" class=\"wp-block-spacer\"><\/div>\n\n\n        \r\n<style>\r\n    .avc-calendar.avc-calendar-1 {\r\n        background-color: rgba(255, 255, 255, 1);\r\n        border-width: 0px;\r\n        border-color: rgba(0,0,0,1);\r\n        border-radius: 4px;\r\n    }\r\n\r\n    .avc-calendar.avc-calendar-1>.avc-input {\r\n        background-color: rgba(255,255,255,1);\r\n        border-width: 0px;\r\n        border-color: rgba(0,0,0,1);\r\n        border-radius: 4px;\r\n        color: rgba(198, 80, 67, 1);\r\n        font-size: 14px;\r\n    }\r\n\r\n    .avc-calendar.avc-calendar-1>.avc-input>input {\r\n        font-size: 14px;\r\n    }\r\n\r\n    \/* Separated because of this: https:\/\/stackoverflow.com\/a\/39155868 *\/\r\n    .avc-calendar.avc-calendar-1input::placeholder {\r\n        color: inherit;\r\n        font-size: inherit;\r\n    }\r\n\r\n    .avc-calendar.avc-calendar-1input::-moz-placeholder {\r\n        color: inherit;\r\n        font-size: inherit;\r\n    }\r\n\r\n    .avc-calendar.avc-calendar-1input::-webkit-input-placeholder {\r\n        color: inherit;\r\n        font-size: inherit;\r\n    }\r\n\r\n    .avc-calendar.avc-calendar-1input:-ms-input-placeholder {\r\n        color: inherit;\r\n        font-size: inherit;\r\n    }\r\n\r\n    .avc-calendar.avc-calendar-1input::-ms-input-placeholder {\r\n        color: inherit;\r\n        font-size: inherit;\r\n    }\r\n\r\n    .avc-calendar.avc-calendar-1>.avc-button {\r\n        background-color: rgba(198, 80, 67, 1);\r\n        border-width: 0px;\r\n        border-color: rgba(198, 80, 67, 1);\r\n        border-radius: 4px;\r\n        color: rgba(255,255,255,1);\r\n        font-size: 14px;\r\n    }\r\n\r\n    .avc-calendar.avc-calendar-1>.avc-button:hover {\r\n        background-color: rgba(201,89,76,1);\r\n    }\r\n\r\n    .avc-datepicker.avc-datepicker-1.ui-state-highlight {\r\n        border: 1px solid rgba(198, 80, 67, 1);\r\n        color: rgba(198, 80, 67, 1);\r\n    }\r\n\r\n    .avc-datepicker.avc-datepicker-1.ui-state-highlight:not(.ui-state-active):hover {\r\n        background-color: rgba(246,229,227,1);\r\n    }\r\n\r\n    .avc-datepicker.avc-datepicker-1.ui-datepicker table>tbody>tr>td>a.ui-state-active.ui-state-default {\r\n        border: 1px solid rgba(198, 80, 67, 1) !important;\r\n        background-color: rgba(198, 80, 67, 1) !important;\r\n        color: rgba(255,255,255,1) !important;\r\n    }\r\n<\/style>        \r\n<div class=\"avc-calendar avc-calendar-1 \" data-id=\"1\" id=\"avc-1\" data-categories=\"[]\" data-lang=\"fr\">\r\n    <select\r\n        class=\"avc-input avc-establishment avc-establishment-1 \" style=\"display: none;\"\r\n        data-single=\"1\"\r\n        data-default-webcode=\"91418692\"\r\n    >\r\n        <option value=\"\">\u00c9tablissements<\/option>\r\n                <option value=\"91418692\" data-id=\"1\">\r\n            Karlos Argui\u00f1ano        <\/option>\r\n            <\/select>\r\n        <label class=\"avc-input\">\r\n                    <i class=\"material-icons\">date_range<\/i>\r\n                <input type=\"text\" class=\"avc-arrival\" placeholder=\"Arriv\u00e9e\" readonly data-id=\"1\">\r\n    <\/label>\r\n    <label class=\"avc-input\">\r\n                    <i class=\"material-icons\">date_range<\/i>\r\n                <input type=\"text\" class=\"avc-departure\" placeholder=\"D\u00e9part\" readonly data-id=\"1\">\r\n    <\/label>\r\n    <label class=\"avc-input\" style=\"display: block;\">\r\n        <input type=\"text\" class=\"avc-promotion\" placeholder=\"Code promo\" value=\"\">\r\n    <\/label>\r\n    <button class=\"avc-button\" onclick=\"go_to_bengine(1)\" >R\u00e9server<\/button>\r\n    <input type=\"hidden\" id=\"avinput_san\" value=\"false\">\r\n    <input type=\"hidden\" id=\"avinput_zones\" value=\"false\">\r\n<\/div>\n\n\n\n<div style=\"height:50px\" aria-hidden=\"true\" class=\"wp-block-spacer\"><\/div>\n\n\n\n<p>Appelez-nous pour formaliser votre r\u00e9servation.<br>Nous n&rsquo;acceptons pas les r\u00e9servations par e-mail.<\/p>\n\n\n\n<p>De 08h00 \u00e0 14h30 et de 17h00 \u00e0 22h00.<\/p>\n\n\n\n<p>As-tu un doute? Nous le r\u00e9solvons pour vous sur notre page<br><a href=\"https:\/\/karlosarguinano.com\/fr\/questions-frequentes\/\" data-type=\"page\" data-id=\"1769\"><mark style=\"background-color:rgba(0, 0, 0, 0)\" class=\"has-inline-color has-rojo-color\">Questions fr\u00e9quentes<\/mark><\/a><\/p>\n<\/div>\n<\/div><\/div>\n<\/div>\n<\/div><\/div>\n","protected":false},"excerpt":{"rendered":"<p>O\u00f9 souhaitez-vous effectuer votre r\u00e9servation&nbsp;?<\/p>\n","protected":false},"author":1,"featured_media":0,"parent":0,"menu_order":0,"comment_status":"closed","ping_status":"closed","template":"normalpage.php","meta":{"_uag_custom_page_level_css":"","slim_seo":{"title":"R\u00e9servation - Karlos Argui\u00f1ano","description":"O\u00f9 souhaitez-vous effectuer votre r\u00e9servation&nbsp;? Restaurant Hotel 943 13 00 00 Appelez-nous pour formaliser votre r\u00e9servation. Nous n'acceptons pas les r\u00e9se"},"footnotes":""},"class_list":["post-1771","page","type-page","status-publish","hentry"],"uagb_featured_image_src":{"full":false,"thumbnail":false,"medium":false,"medium_large":false,"large":false,"1536x1536":false,"2048x2048":false},"uagb_author_info":{"display_name":"axliweb","author_link":"https:\/\/karlosarguinano.com\/fr\/author\/axliweb\/"},"uagb_comment_info":0,"uagb_excerpt":"O\u00f9 souhaitez-vous effectuer votre r\u00e9servation&nbsp;?","_links":{"self":[{"href":"https:\/\/karlosarguinano.com\/fr\/wp-json\/wp\/v2\/pages\/1771","targetHints":{"allow":["GET"]}}],"collection":[{"href":"https:\/\/karlosarguinano.com\/fr\/wp-json\/wp\/v2\/pages"}],"about":[{"href":"https:\/\/karlosarguinano.com\/fr\/wp-json\/wp\/v2\/types\/page"}],"author":[{"embeddable":true,"href":"https:\/\/karlosarguinano.com\/fr\/wp-json\/wp\/v2\/users\/1"}],"replies":[{"embeddable":true,"href":"https:\/\/karlosarguinano.com\/fr\/wp-json\/wp\/v2\/comments?post=1771"}],"version-history":[{"count":6,"href":"https:\/\/karlosarguinano.com\/fr\/wp-json\/wp\/v2\/pages\/1771\/revisions"}],"predecessor-version":[{"id":3138,"href":"https:\/\/karlosarguinano.com\/fr\/wp-json\/wp\/v2\/pages\/1771\/revisions\/3138"}],"wp:attachment":[{"href":"https:\/\/karlosarguinano.com\/fr\/wp-json\/wp\/v2\/media?parent=1771"}],"curies":[{"name":"wp","href":"https:\/\/api.w.org\/{rel}","templated":true}]}}