{"id":1770,"date":"2023-05-26T13:03:18","date_gmt":"2023-05-26T11:03:18","guid":{"rendered":"https:\/\/karlosarguinano.com\/regala\/"},"modified":"2025-12-01T10:25:51","modified_gmt":"2025-12-01T09:25:51","slug":"carte-cadeau","status":"publish","type":"page","link":"https:\/\/karlosarguinano.com\/fr\/carte-cadeau\/","title":{"rendered":"Carte-Cadeau"},"content":{"rendered":"\n<div class=\"wp-block-uagb-container uagb-block-c93bd86b alignfull uagb-is-root-container\"><div class=\"uagb-container-inner-blocks-wrap\">\n<div class=\"wp-block-uagb-container uagb-block-9b9b94ef\">\n<h2 class=\"wp-block-heading\"><s>Carte-Cadeau<\/s> <br>Offrez les petits plaisirs de la vie. Des exp\u00e9riences gastronomiques avec leur propre nom ou la gastronomie et l&rsquo;h\u00e9bergement combin\u00e9s avec un s\u00e9jour dans un palais centenaire au bord de la plage. Offrez l&rsquo;Argui\u00f1ano.<\/h2>\n<\/div>\n\n\n\n<div class=\"wp-block-uagb-container uagb-block-adae3775\"><\/div>\n<\/div><\/div>\n\n\n\n<div class=\"wp-block-uagb-container uagb-block-4a37d1e5 alignfull uagb-is-root-container\"><div class=\"uagb-container-inner-blocks-wrap\">\n<div class=\"wp-block-uagb-container uagb-block-9ea89483\">\n<figure class=\"wp-block-image size-full\"><img loading=\"lazy\" decoding=\"async\" width=\"888\" height=\"716\" src=\"https:\/\/karlosarguinano.com\/public\/media\/2023\/05\/ka1.jpg\" alt=\"\" class=\"wp-image-320\" srcset=\"https:\/\/karlosarguinano.com\/public\/media\/2023\/05\/ka1.jpg 888w, https:\/\/karlosarguinano.com\/public\/media\/2023\/05\/ka1-300x242.jpg 300w, https:\/\/karlosarguinano.com\/public\/media\/2023\/05\/ka1-768x619.jpg 768w\" sizes=\"auto, (max-width: 888px) 100vw, 888px\" \/><\/figure>\n\n\n\n<h4 class=\"wp-block-heading\">Pack KA 1<\/h4>\n\n\n\n<p>1 nuit en chambre double <strong>du dimanche au jeudi<\/strong>.<br>1 d\u00e9jeuner ou d\u00eener (menu d\u00e9gustation) pour 2 personnes.<br>1 petit-d\u00e9jeuner pour 2 personnes.<br>Le bonus a&nbsp;une&nbsp;expiration&nbsp;de&nbsp;1&nbsp;an.<\/p>\n\n\n\n<h6 class=\"wp-block-heading\">330\u20ac (\u00c9changeable en basse saison)<\/h6>\n\n\n\n<div class=\"wp-block-uagb-buttons uagb-buttons__outer-wrap uagb-btn__default-btn uagb-btn-tablet__default-btn uagb-btn-mobile__default-btn uagb-block-f622de1a\"><div class=\"uagb-buttons__wrap uagb-buttons-layout-wrap \">\n<div class=\"wp-block-uagb-buttons-child uagb-buttons__outer-wrap uagb-block-55e4eacd wp-block-button\"><div class=\"uagb-button__wrapper\"><a class=\"uagb-buttons-repeater wp-block-button__link\" aria-label=\"\" href=\"https:\/\/karlosarguinano.com\/fr\/carte-cadeau-shop\/\" rel=\"follow noopener\" target=\"_self\" role=\"button\"><div class=\"uagb-button__link\">Acheter<\/div><\/a><\/div><\/div>\n<\/div><\/div>\n<\/div>\n\n\n\n<div class=\"wp-block-uagb-container uagb-block-a8303b55\">\n<figure class=\"wp-block-image size-full\"><img loading=\"lazy\" decoding=\"async\" width=\"888\" height=\"716\" src=\"https:\/\/karlosarguinano.com\/public\/media\/2023\/05\/ka2.jpg\" alt=\"\" class=\"wp-image-322\" srcset=\"https:\/\/karlosarguinano.com\/public\/media\/2023\/05\/ka2.jpg 888w, https:\/\/karlosarguinano.com\/public\/media\/2023\/05\/ka2-300x242.jpg 300w, https:\/\/karlosarguinano.com\/public\/media\/2023\/05\/ka2-768x619.jpg 768w\" sizes=\"auto, (max-width: 888px) 100vw, 888px\" \/><\/figure>\n\n\n\n<h4 class=\"wp-block-heading\">Pack KA 2<\/h4>\n\n\n\n<p>2 nuits en chambre double.<br>1 d\u00e9jeuner ou d\u00eener (menu d\u00e9gustation) pour 2 personnes.<br>2 petit-d\u00e9jeuners pour 2 personnes.<br>Le bonus a&nbsp;une&nbsp;expiration&nbsp;de&nbsp;1&nbsp;an.<\/p>\n\n\n\n<h6 class=\"wp-block-heading\">495\u20ac (\u00c9changeable en basse saison)<\/h6>\n\n\n\n<div class=\"wp-block-uagb-buttons uagb-buttons__outer-wrap uagb-btn__default-btn uagb-btn-tablet__default-btn uagb-btn-mobile__default-btn uagb-block-357cc34b\"><div class=\"uagb-buttons__wrap uagb-buttons-layout-wrap \">\n<div class=\"wp-block-uagb-buttons-child uagb-buttons__outer-wrap uagb-block-b1ef765b wp-block-button\"><div class=\"uagb-button__wrapper\"><a class=\"uagb-buttons-repeater wp-block-button__link\" aria-label=\"\" href=\"https:\/\/karlosarguinano.com\/fr\/carte-cadeau-shop\/#uagb-tabs__tab1\" rel=\"follow noopener\" target=\"_self\" role=\"button\"><div class=\"uagb-button__link\">Acheter<\/div><\/a><\/div><\/div>\n<\/div><\/div>\n<\/div>\n\n\n\n<div class=\"wp-block-uagb-container uagb-block-a89b3d8e\">\n<figure class=\"wp-block-image size-full\"><img loading=\"lazy\" decoding=\"async\" width=\"888\" height=\"716\" src=\"https:\/\/karlosarguinano.com\/public\/media\/2023\/06\/menu-degustacion-karlos-arguinano-restaurante-2.jpg\" alt=\"\" class=\"wp-image-1334\" srcset=\"https:\/\/karlosarguinano.com\/public\/media\/2023\/06\/menu-degustacion-karlos-arguinano-restaurante-2.jpg 888w, https:\/\/karlosarguinano.com\/public\/media\/2023\/06\/menu-degustacion-karlos-arguinano-restaurante-2-300x242.jpg 300w, https:\/\/karlosarguinano.com\/public\/media\/2023\/06\/menu-degustacion-karlos-arguinano-restaurante-2-768x619.jpg 768w\" sizes=\"auto, (max-width: 888px) 100vw, 888px\" \/><\/figure>\n\n\n\n<h4 class=\"wp-block-heading\">Menu d\u00e9gustation<\/h4>\n\n\n\n<p>Menu d\u00e9gustation pour deux personnes.<br>Boissons et caf\u00e9 inclus.<br>Le bonus a&nbsp;une&nbsp;expiration&nbsp;de&nbsp;1&nbsp;an.<\/p>\n\n\n\n<h6 class=\"wp-block-heading\">150\u20ac (75\u20ac\/pax)<\/h6>\n\n\n\n<div class=\"wp-block-uagb-buttons uagb-buttons__outer-wrap uagb-btn__default-btn uagb-btn-tablet__default-btn uagb-btn-mobile__default-btn uagb-block-e38b111b\"><div class=\"uagb-buttons__wrap uagb-buttons-layout-wrap \">\n<div class=\"wp-block-uagb-buttons-child uagb-buttons__outer-wrap uagb-block-e33fcb95 wp-block-button\"><div class=\"uagb-button__wrapper\"><a class=\"uagb-buttons-repeater wp-block-button__link\" aria-label=\"\" href=\"https:\/\/karlosarguinano.com\/fr\/carte-cadeau-shop\/#uagb-tabs__tab2\" rel=\"follow noopener\" target=\"_self\" role=\"button\"><div class=\"uagb-button__link\">Acheter<\/div><\/a><\/div><\/div>\n<\/div><\/div>\n<\/div>\n<\/div><\/div>\n\n\n\n<div class=\"wp-block-uagb-container uagb-block-725723b5 alignfull uagb-is-root-container\"><div class=\"uagb-container-inner-blocks-wrap\">\n<p class=\"uag-hide-desktop uag-hide-tab uag-hide-mob\">*Si&nbsp;vous&nbsp;achetez&nbsp;le&nbsp;KA&nbsp;2&nbsp;Pack,&nbsp;n&rsquo;oubliez&nbsp;pas&nbsp;d&rsquo;abord&nbsp;de&nbsp;r\u00e9server&nbsp;l&rsquo;h\u00f4tel&nbsp;par&nbsp;t\u00e9l\u00e9phone,&nbsp;puis&nbsp;de&nbsp;r\u00e9server&nbsp;le&nbsp;restaurant&nbsp;s\u00e9par\u00e9ment&nbsp;sur&nbsp;notre&nbsp;site.&nbsp;Merci&nbsp;beaucoup.<\/p>\n\n\n\n<hr class=\"wp-block-separator has-alpha-channel-opacity linea\"\/>\n<\/div><\/div>\n\n\n\n<div class=\"wp-block-uagb-container barracontacto uagb-block-4e5ba0a5 alignfull uagb-is-root-container\"><div class=\"uagb-container-inner-blocks-wrap\">\n<div class=\"wp-block-uagb-container ayudar uagb-block-49c3fcf8\">\n<h3 class=\"wp-block-heading has-text-align-center\">Comment pouvons-nous vous aider ?<\/h3>\n\n\n\n<p class=\"has-text-align-center\">Consultez notre foire aux questions.<\/p>\n\n\n\n<p class=\"has-text-align-center\"><a href=\"https:\/\/karlosarguinano.com\/fr\/questions-frequentes\/\" data-type=\"page\" data-id=\"1769\">Foire aux questions<\/a><\/p>\n<\/div>\n\n\n\n<div class=\"wp-block-uagb-container uagb-block-24f7af99\">\n<h3 class=\"wp-block-heading has-text-align-center\">Nous contacter<\/h3>\n\n\n\n<p class=\"has-text-align-center\">Si vous avez des questions ou si vous souhaitez obtenir plus d&rsquo;informations, envoyez-nous un courriel.<\/p>\n\n\n\n<p class=\"has-text-align-center\"><a href=\"https:\/\/karlosarguinano.com\/fr\/contact\/\" data-type=\"page\" data-id=\"1763\">Nous contacter.<\/a><\/p>\n<\/div>\n<\/div><\/div>\n\n\n\n<div class=\"wp-block-uagb-container uagb-block-744c4b30 alignfull uagb-is-root-container\"><div class=\"uagb-container-inner-blocks-wrap\">\n<hr class=\"wp-block-separator has-alpha-channel-opacity linea\"\/>\n<\/div><\/div>\n","protected":false},"excerpt":{"rendered":"<p>Carte-Cadeau Offrez les petits plaisirs de la vie. Des exp\u00e9riences gastronomiques avec leur propre nom ou la gastronomie et l&rsquo;h\u00e9bergement combin\u00e9s avec un s\u00e9jour dans un palais centenaire au bord de la plage. Offrez l&rsquo;Argui\u00f1ano. Pack KA 1 1 nuit en chambre double du dimanche au jeudi.1 d\u00e9jeuner ou d\u00eener (menu d\u00e9gustation) pour 2 personnes.1 [&hellip;]<\/p>\n","protected":false},"author":1,"featured_media":0,"parent":0,"menu_order":0,"comment_status":"closed","ping_status":"closed","template":"normalpage.php","meta":{"_uag_custom_page_level_css":"","slim_seo":{"title":"Carte-Cadeau - Karlos Argui\u00f1ano","description":"Carte-Cadeau Offrez les petits plaisirs de la vie. Des exp\u00e9riences gastronomiques avec leur propre nom ou la gastronomie et l'h\u00e9bergement combin\u00e9s avec un s\u00e9jou"},"footnotes":""},"class_list":["post-1770","page","type-page","status-publish","hentry"],"uagb_featured_image_src":{"full":false,"thumbnail":false,"medium":false,"medium_large":false,"large":false,"1536x1536":false,"2048x2048":false},"uagb_author_info":{"display_name":"axliweb","author_link":"https:\/\/karlosarguinano.com\/fr\/author\/axliweb\/"},"uagb_comment_info":0,"uagb_excerpt":"Carte-Cadeau Offrez les petits plaisirs de la vie. Des exp\u00e9riences gastronomiques avec leur propre nom ou la gastronomie et l&rsquo;h\u00e9bergement combin\u00e9s avec un s\u00e9jour dans un palais centenaire au bord de la plage. Offrez l&rsquo;Argui\u00f1ano. Pack KA 1 1 nuit en chambre double du dimanche au jeudi.1 d\u00e9jeuner ou d\u00eener (menu d\u00e9gustation) pour 2 personnes.1\u2026","_links":{"self":[{"href":"https:\/\/karlosarguinano.com\/fr\/wp-json\/wp\/v2\/pages\/1770","targetHints":{"allow":["GET"]}}],"collection":[{"href":"https:\/\/karlosarguinano.com\/fr\/wp-json\/wp\/v2\/pages"}],"about":[{"href":"https:\/\/karlosarguinano.com\/fr\/wp-json\/wp\/v2\/types\/page"}],"author":[{"embeddable":true,"href":"https:\/\/karlosarguinano.com\/fr\/wp-json\/wp\/v2\/users\/1"}],"replies":[{"embeddable":true,"href":"https:\/\/karlosarguinano.com\/fr\/wp-json\/wp\/v2\/comments?post=1770"}],"version-history":[{"count":23,"href":"https:\/\/karlosarguinano.com\/fr\/wp-json\/wp\/v2\/pages\/1770\/revisions"}],"predecessor-version":[{"id":3377,"href":"https:\/\/karlosarguinano.com\/fr\/wp-json\/wp\/v2\/pages\/1770\/revisions\/3377"}],"wp:attachment":[{"href":"https:\/\/karlosarguinano.com\/fr\/wp-json\/wp\/v2\/media?parent=1770"}],"curies":[{"name":"wp","href":"https:\/\/api.w.org\/{rel}","templated":true}]}}