{"id":1768,"date":"2023-05-11T12:14:00","date_gmt":"2023-05-11T10:14:00","guid":{"rendered":"https:\/\/karlosarguinano.com\/politica-de-privacidad\/"},"modified":"2023-06-07T22:06:18","modified_gmt":"2023-06-07T20:06:18","slug":"politique-de-confidentialite","status":"publish","type":"page","link":"https:\/\/karlosarguinano.com\/fr\/politique-de-confidentialite\/","title":{"rendered":"Politique de confidentialit\u00e9"},"content":{"rendered":"\n<div class=\"wp-block-uagb-container uagb-block-3f091714 alignfull uagb-is-root-container\"><div class=\"uagb-container-inner-blocks-wrap\">\n<h2 class=\"wp-block-heading\">CONDICIONES GENERALES DE USO Y POL\u00cdTICA DE PROTECCI\u00d3N DE DATOS DE CAR\u00c1CTER PERSONAL<\/h2>\n\n\n\n<h4 class=\"wp-block-heading\">QUI\u00c9NES SOMOS<\/h4>\n\n\n\n<p>HOTEL RESTAURANTE KARLOS ARGUI\u00d1ANO, con CIF: B20373965&nbsp;y&nbsp;domicilio en C\/Mendilauta, 13 &#8211; 20800 Zarautz, Gipuzkoa, Espa\u00f1a, pudiendo contactarse con la misma para cualquier cuesti\u00f3n relacionada con este website o con sus servicios en s\u00ed, en el tel\u00e9fono (+34) 943 13 00 00 y\/o en el Buz\u00f3n de Correo Electr\u00f3nico:&nbsp;<a href=\"mailto:kahotel@karlosnet.com\">kahotel@karlosnet.com<\/a>&nbsp;El dominio http:\/\/www.hotelka.com es propiedad de HOTEL RESTAURANTE KARLOS ARGUI\u00d1ANO.<\/p>\n\n\n\n<h4 class=\"wp-block-heading\">QU\u00c9 ES LA WEB SITE DE HOTEL RESTAURANTE KARLOS ARGUI\u00d1ANO<\/h4>\n\n\n\n<p>El sitio http:\/\/www.hotelka.com en el cual te encuentras es el espacio interactivo creado por HOTEL RESTAURANTE KARLOS ARGUI\u00d1ANO para ofrecer mayor informaci\u00f3n sobre sus productos y servicios. Como todo sitio Web tenemos unas condiciones de uso y una pol\u00edtica de privacidad, sobre lo que te adelantamos que nuestro deseo es dar un complemento ingenioso y divertido para la promoci\u00f3n de nuestros productos y servicios, no realiz\u00e1ndose ninguna actividad de venta directa de productos en esta p\u00e1gina.<\/p>\n\n\n\n<h4 class=\"wp-block-heading\">PROPIEDAD DEL WEB Y RESTRICCIONES DE USO<\/h4>\n\n\n\n<p>Este Web es propiedad de HOTEL RESTAURANTE KARLOS ARGUI\u00d1ANO. Todas las marcas, nombres de dominio y dem\u00e1s derechos de propiedad intelectual son propiedad de HOTEL RESTAURANTE KARLOS ARGUI\u00d1ANO de tal forma que ning\u00fan contenido del mismo podr\u00e1 ser cedido, copiado, reproducido, publicado, cargado, enviado, transmitido, distribuido o explotado de ninguna manera, excepci\u00f3n hecha de la utilizaci\u00f3n del Web y de sus contenidos conforme a la finalidad del mismo, pudiendo realizar descargas y copias estrictamente privadas sin poder realizar ning\u00fan uso diferente al estipulado en estas condiciones. Contravenir lo anterior supondr\u00e1 una violaci\u00f3n de los derechos de autor y dem\u00e1s derechos propiedad de HOTEL RESTAURANTE KARLOS ARGUI\u00d1ANO La modificaci\u00f3n y el uso de los contenidos para fines distintos de los aqu\u00ed permitidos es una violaci\u00f3n de los derechos de autor y dem\u00e1s derechos de propiedad de HOTEL RESTAURANTE KARLOS ARGUI\u00d1ANO. A los efectos de las presentes condiciones de uso, se proh\u00edbe el uso de los contenidos aqu\u00ed referidos en cualquier otro Web o red inform\u00e1tica.<\/p>\n\n\n\n<h4 class=\"wp-block-heading\">CAR\u00c1CTER GRATUITO DEL WEB<\/h4>\n\n\n\n<p>Al margen del consumo personal del usuario en comunicaci\u00f3n telem\u00e1tica, el uso de este Web no contiene precio, esto es, no vendemos de forma directa por este medio nuestros productos y el uso del Web tiene un car\u00e1cter l\u00fadico y participativo regido por las finalidades de la promoci\u00f3n, evento o concurso habilitado, siendo as\u00ed que el usuario s\u00f3lo puede ganar los incentivos estipulados en cada acci\u00f3n promocional.<\/p>\n\n\n\n<h4 class=\"wp-block-heading\">DURACI\u00d3N<\/h4>\n\n\n\n<p>Las presentes condiciones de uso regir\u00e1n en tanto en cuanto se mantengan inalterables en el website, reserv\u00e1ndose HOTEL RESTAURANTE KARLOS ARGUI\u00d1ANO derecho a su alteraci\u00f3n, modificaci\u00f3n o supresi\u00f3n en cualquier momento, debiendo figurar esos cambios en la propia p\u00e1gina Web.<\/p>\n\n\n\n<h4 class=\"wp-block-heading\">EXCLUSION DE GARANTIAS<\/h4>\n\n\n\n<p>HOTEL RESTAURANTE KARLOS ARGUI\u00d1ANO ha realizado el m\u00e1ximo esfuerzo en la calidad del presente Web y sus contenidos, y garantiza expresamente la participaci\u00f3n del usuario en la informaci\u00f3n y servicios que ofrece. No obstante, dadas las caracter\u00edsticas del propio medio Internet HOTEL RESTAURANTE KARLOS ARGUI\u00d1ANO no garantiza los contenidos incluidos en el Web ni la disponibilidad y continuidad del funcionamiento de este Web, la reparaci\u00f3n de aver\u00edas, o la ausencia, en este Web o en su servidor, de virus u otros elementos lesivos para el sistema, sin perjuicio del esfuerzo constante que realizamos para evitar cualquier contingencia en ese sentido. HOTEL RESTAURANTE KARLOS ARGUI\u00d1ANO no se responsabiliza del uso de los contenidos de este Web.<\/p>\n\n\n\n<h4 class=\"wp-block-heading\">LIMITACI\u00d3N DE RESPONSABILIDADES<\/h4>\n\n\n\n<p>Como consecuencia de lo se\u00f1alado en la condici\u00f3n anterior y debido a las peculiaridades del propio medio Internet, HOTEL RESTAURANTE KARLOS ARGUI\u00d1ANO no ser\u00e1 responsable bajo ninguna circunstancia, incluida pero no limitada a la negligencia, de los da\u00f1os y perjuicios de cualquier naturaleza que puedan deberse al uso, o a la imposibilidad de usar, los materiales de este Web, incluidos los casos en que HOTEL RESTAURANTE KARLOS ARGUI\u00d1ANO, o cualquier representante autorizado de HOTEL RESTAURANTE KARLOS ARGUI\u00d1ANO hayan sido advertidos con anterioridad de la posibilidad de tales da\u00f1os. La responsabilidad de HOTEL RESTAURANTE KARLOS ARGUI\u00d1ANO frente al usuario, por la totalidad de los da\u00f1os y perjuicios, incluidos pero no limitados a la negligencia, p\u00e9rdidas y demandas, no exceder\u00e1 en ning\u00fan caso la cantidad pagada por el usuario por acceder a este Web.<\/p>\n\n\n\n<h4 class=\"wp-block-heading\">JURISDICCI\u00d3N<\/h4>\n\n\n\n<p>HOTEL RESTAURANTE KARLOS ARGUI\u00d1ANO no tiene control alguno sobre quien o quienes puedan acceder a su Web y donde puedan estar emplazados. Los usuarios de este Web, as\u00ed como HOTEL RESTAURANTE KARLOS ARGUI\u00d1ANO, con renuncia expresa a su propio fuero, se someten a la jurisdicci\u00f3n de los Juzgados y Tribunales de Donostia, para todo conflicto o reclamaci\u00f3n en relaci\u00f3n a este Web.<\/p>\n\n\n\n<h4 class=\"wp-block-heading\">POL\u00cdTICA DE PROTECCI\u00d3N DE DATOS<\/h4>\n\n\n\n<p>La p\u00e1gina Web http:\/\/www.hotelka.com tiene como prop\u00f3sito principal informar de los productos, servicios y actividades de HOTEL RESTAURANTE KARLOS ARGUI\u00d1ANO. HOTEL RESTAURANTE KARLOS ARGUI\u00d1ANO asume las obligaciones legales en materia de protecci\u00f3n de datos de car\u00e1cter personal, especialmente en lo referido a:<\/p>\n\n\n\n<ol class=\"wp-block-list\">\n<li>La existencia de un fichero o tratamiento de datos de car\u00e1cter personal.<\/li>\n\n\n\n<li>La finalidad de la recogida de datos.<\/li>\n\n\n\n<li>Los destinatarios de la informaci\u00f3n.<\/li>\n\n\n\n<li>El car\u00e1cter facultativo u obligatorio de las preguntas que hagamos.<\/li>\n\n\n\n<li>Las consecuencias de la obtenci\u00f3n de los datos o de la negativa a suministrarlos.<\/li>\n\n\n\n<li>La posibilidad de ejercitar los derechos de acceso, rectificaci\u00f3n, cancelaci\u00f3n y oposici\u00f3n.<\/li>\n\n\n\n<li>La identidad y direcci\u00f3n del responsable del tratamiento o en su caso de su representante.<\/li>\n<\/ol>\n\n\n\n<p>Es deseo de HOTEL RESTAURANTE KARLOS ARGUI\u00d1ANO que el usuario cuente con la informaci\u00f3n adecuada para decidir de forma expresa, libre y voluntaria si desea facilitar sus datos en la forma que se requiere. En este sentido se informa al usuario que sus datos ser\u00e1n incorporados a un fichero automatizado, cuyos titular y responsable es HOTEL RESTAURANTE KARLOS ARGUI\u00d1ANO, con domicilio en C\/Mendilauta, 13 &#8211; 20800 Zarautz, Gipuzkoa, Espa\u00f1a; llev\u00e1ndose a cabo un tratamiento automatizado de los mismos cuya finalidad es:<\/p>\n\n\n\n<ol class=\"wp-block-list\">\n<li>Informar de los productos y servicios<\/li>\n\n\n\n<li>Conocer a efectos estad\u00edsticos los accesos de los usuarios.<\/li>\n<\/ol>\n\n\n\n<p>Salvo que se se\u00f1ale lo contrario en cada caso, los datos que se recogen en los formularios son necesarios y obligatorios para poder acceder y participar en las actividades del website y del apartado de la Web a que responde. HOTEL RESTAURANTE KARLOS ARGUI\u00d1ANO no podr\u00e1 registrar a los que no faciliten los datos de car\u00e1cter obligatorio.<\/p>\n\n\n\n<p>El usuario debe rellenar los formularios con datos verdaderos, exactos y completos, respondiendo de los da\u00f1os y perjuicios que puedan ocasionar en caso de cumplimentaci\u00f3n defectuosa, con datos falsos, inexactos, incompletos o no actualizados.<\/p>\n\n\n\n<p>HOTEL RESTAURANTE KARLOS ARGUI\u00d1ANO tiene el compromiso de adoptar los niveles de seguridad de protecci\u00f3n de datos personales exigidos en la legislaci\u00f3n vigente, instalando al efecto las medidas t\u00e9cnicas y organizativas necesarias para evitar la p\u00e9rdida, mal uso, alteraci\u00f3n, acceso no autorizado y dem\u00e1s riesgos posibles. Se informa igualmente que se utiliza dentro de los diferentes mecanismos de seguridad la f\u00f3rmula de la contrase\u00f1a, esto es una clave que s\u00f3lo conocen el usuario y HOTEL RESTAURANTE KARLOS ARGUI\u00d1ANO. HOTEL RESTAURANTE KARLOS ARGUI\u00d1ANO se obliga asimismo a cumplir con la obligaci\u00f3n de secreto respecto de los datos contenidos en el fichero automatizado establecidos en la legislaci\u00f3n vigente.<\/p>\n\n\n\n<p>El usuario o persona que lo represente, as\u00ed como padres o tutores, podr\u00e1n ejercitar en cualquier momento el derecho de acceso, rectificaci\u00f3n, cancelaci\u00f3n, y, en su caso, oposici\u00f3n de acuerdo a lo establecido en la Ley Org\u00e1nica de Protecci\u00f3n de Datos y dem\u00e1s normativas aplicables al efecto, dirigiendo una comunicaci\u00f3n escrita a HOTEL RESTAURANTE KARLOS ARGUI\u00d1ANO en las direcciones antes se\u00f1aladas en la que se acredite la identidad del usuario.<\/p>\n\n\n\n<p>HOTEL RESTAURANTE KARLOS ARGUI\u00d1ANO informa que es responsable y titular del fichero, sin perjuicio de que pueda encargar a un tercero la gesti\u00f3n del tratamiento de los mismos, a lo cual los usuarios prestan su consentimiento expreso.<\/p>\n\n\n\n<p>Respecto al uso de Cookies, HOTEL RESTAURANTE KARLOS ARGUI\u00d1ANO informa al usuario que cuando navega por las diferentes pantallas y p\u00e1ginas de este sitio Web se utilizan cookies, que tienen como objeto reconocer a los usuarios que se hayan registrado y ofrecer un servicio personalizado, adem\u00e1s de facilitar informaci\u00f3n sobre la fecha u hora de la visita, medir algunos par\u00e1metros del tr\u00e1fico dentro del propio sitio Web y estimar el n\u00famero de visitas realizadas permitiendo a HOTEL RESTAURANTE KARLOS ARGUI\u00d1ANO enfocar y reajustar los servicios que ofrece en la forma m\u00e1s efectiva. Los cookies utilizados son almacenados en el disco duro del usuario pero no permiten leer los datos contenidos en \u00e9l, ni leer los archivos cookies creados por otros proveedores. Los cookies utilizados no son invasivos ni nocivos, pudiendo desactivarse mediante la opci\u00f3n correspondiente que figura en el navegador.<\/p>\n\n\n\n<p>Nuestra preocupaci\u00f3n prioritaria es la seguridad del almacenamiento de los datos personalmente identificadores del usuario. Ponemos un gran cuidado al transmitir los datos desde el ordenador del usuario a nuestros servidores.<\/p>\n\n\n\n<p>S\u00f3lo los empleados que necesitan acceder a los datos de los usuarios para realizar su trabajo tienen acceso a los mismos. Cualquier empleado que viole nuestras pol\u00edticas de protecci\u00f3n de datos y\/o de seguridad estar\u00e1 sujeto a acciones disciplinarias, incluyendo un posible despido as\u00ed como la interposici\u00f3n de acciones civiles y\/o penales.<\/p>\n\n\n\n<p>Los datos de registro del usuario se protegen a trav\u00e9s de una contrase\u00f1a para que s\u00f3lo el usuario y HOTEL RESTAURANTE KARLOS ARGUI\u00d1ANO puedan acceder a ellos y ver los datos, eliminar, rectificar o cancelar el registro. Recomendamos a los usuarios que no faciliten su contrase\u00f1a a nadie.<\/p>\n\n\n\n<p>Finalmente se recomienda que en caso de que el usuario no est\u00e9 utilizando un ordenador propio, no olvide de cerrar la sesi\u00f3n antes de salir del Web http:\/\/www.hotelka.com ni de cerrar su navegador cuando haya terminado la navegaci\u00f3n por el mismo. Esto es para asegurar que nadie pueda acceder a los datos personales ni a la correspondencia del usuario en caso de que su ordenador sea accesible por terceros o si lo comparte con otros o si utiliza un ordenador en un local p\u00fablico tal como una biblioteca o un \u00ab\u00a0Internet caf\u00e9\u00a0\u00bb.<\/p>\n\n\n\n<h4 class=\"wp-block-heading\">ACEPTACI\u00d3N DE LAS PRESENTES CONDICIONES<\/h4>\n\n\n\n<p>Al utilizar este Web, asumimos que el usuario ha le\u00eddo este documento cuidadosamente y que ha entendido y seguido sus consejos. En caso de que el usuario no est\u00e9 de acuerdo con esta pol\u00edtica de protecci\u00f3n de datos o con los consejos que a trav\u00e9s de la misma se dan, por favor no utilices nuestros Web. Nos reservamos el derecho a modificar la presente condici\u00f3n de uso cuando consideremos que es necesario. La continuidad por el usuario en el uso de este y de otros Web de HOTEL RESTAURANTE KARLOS ARGUI\u00d1ANO despu\u00e9s de haber introducido dichos cambios implicar\u00e1 la total aceptaci\u00f3n de los mismos.<\/p>\n\n\n\n<h4 class=\"wp-block-heading\">POL\u00cdTICA DE PROTECCI\u00d3N DE DATOS<\/h4>\n\n\n\n<p>De conformidad con lo establecido en la Ley Org\u00e1nica 15\/99, de 13 de diciembre, de Protecci\u00f3n de Datos Personales, te informamos que los datos personales que nos facilites ser\u00e1n incorporados a la base de datos de HOTEL RESTAURANTE KARLOS ARGUI\u00d1ANO con la finalidad de enviar informaci\u00f3n comercial. Los datos que nos facilites no ser\u00e1n cedidos a terceras personas. Tienes derecho a acceder a la informaci\u00f3n recopilada, y rectificarla y\/o cancelarla. Para ello, s\u00f3lo tienes que solicitarnos el acceso, cancelaci\u00f3n o rectificaci\u00f3n de tus datos en el siguiente tel\u00e9fono: (+34) 943 13 00 00.<\/p>\n<\/div><\/div>\n","protected":false},"excerpt":{"rendered":"<p>CONDICIONES GENERALES DE USO Y POL\u00cdTICA DE PROTECCI\u00d3N DE DATOS DE CAR\u00c1CTER PERSONAL QUI\u00c9NES SOMOS HOTEL RESTAURANTE KARLOS ARGUI\u00d1ANO, con CIF: B20373965&nbsp;y&nbsp;domicilio en C\/Mendilauta, 13 &#8211; 20800 Zarautz, Gipuzkoa, Espa\u00f1a, pudiendo contactarse con la misma para cualquier cuesti\u00f3n relacionada con este website o con sus servicios en s\u00ed, en el tel\u00e9fono (+34) 943 13 00 [&hellip;]<\/p>\n","protected":false},"author":1,"featured_media":0,"parent":0,"menu_order":0,"comment_status":"closed","ping_status":"closed","template":"normalpage.php","meta":{"_uag_custom_page_level_css":"","slim_seo":{"title":"Politique de confidentialit\u00e9 - Karlos Argui\u00f1ano","description":"CONDICIONES GENERALES DE USO Y POL\u00cdTICA DE PROTECCI\u00d3N DE DATOS DE CAR\u00c1CTER PERSONAL QUI\u00c9NES SOMOS HOTEL RESTAURANTE KARLOS ARGUI\u00d1ANO, con CIF: B20373965&nbsp;y&"},"footnotes":""},"class_list":["post-1768","page","type-page","status-publish","hentry"],"uagb_featured_image_src":{"full":false,"thumbnail":false,"medium":false,"medium_large":false,"large":false,"1536x1536":false,"2048x2048":false},"uagb_author_info":{"display_name":"axliweb","author_link":"https:\/\/karlosarguinano.com\/fr\/author\/axliweb\/"},"uagb_comment_info":0,"uagb_excerpt":"CONDICIONES GENERALES DE USO Y POL\u00cdTICA DE PROTECCI\u00d3N DE DATOS DE CAR\u00c1CTER PERSONAL QUI\u00c9NES SOMOS HOTEL RESTAURANTE KARLOS ARGUI\u00d1ANO, con CIF: B20373965&nbsp;y&nbsp;domicilio en C\/Mendilauta, 13 &#8211; 20800 Zarautz, Gipuzkoa, Espa\u00f1a, pudiendo contactarse con la misma para cualquier cuesti\u00f3n relacionada con este website o con sus servicios en s\u00ed, en el tel\u00e9fono (+34) 943 13 00\u2026","_links":{"self":[{"href":"https:\/\/karlosarguinano.com\/fr\/wp-json\/wp\/v2\/pages\/1768","targetHints":{"allow":["GET"]}}],"collection":[{"href":"https:\/\/karlosarguinano.com\/fr\/wp-json\/wp\/v2\/pages"}],"about":[{"href":"https:\/\/karlosarguinano.com\/fr\/wp-json\/wp\/v2\/types\/page"}],"author":[{"embeddable":true,"href":"https:\/\/karlosarguinano.com\/fr\/wp-json\/wp\/v2\/users\/1"}],"replies":[{"embeddable":true,"href":"https:\/\/karlosarguinano.com\/fr\/wp-json\/wp\/v2\/comments?post=1768"}],"version-history":[{"count":1,"href":"https:\/\/karlosarguinano.com\/fr\/wp-json\/wp\/v2\/pages\/1768\/revisions"}],"predecessor-version":[{"id":1938,"href":"https:\/\/karlosarguinano.com\/fr\/wp-json\/wp\/v2\/pages\/1768\/revisions\/1938"}],"wp:attachment":[{"href":"https:\/\/karlosarguinano.com\/fr\/wp-json\/wp\/v2\/media?parent=1768"}],"curies":[{"name":"wp","href":"https:\/\/api.w.org\/{rel}","templated":true}]}}