{"id":1764,"date":"2023-05-23T22:33:20","date_gmt":"2023-05-23T20:33:20","guid":{"rendered":"https:\/\/karlosarguinano.com\/familia-arguinano\/"},"modified":"2023-09-06T13:11:43","modified_gmt":"2023-09-06T11:11:43","slug":"famille-arguinano","status":"publish","type":"page","link":"https:\/\/karlosarguinano.com\/fr\/famille-arguinano\/","title":{"rendered":"Famille Argui\u00f1ano"},"content":{"rendered":"\n<div class=\"wp-block-uagb-container uagb-block-c04df2f6 alignfull uagb-is-root-container\"><div class=\"uagb-container-inner-blocks-wrap\">\n<div class=\"wp-block-uagb-container uagb-block-b3b2d87e\">\n<h2 class=\"wp-block-heading\">KA, l&rsquo;h\u00f4tel-restaurant de Karlos Argui\u00f1ano, <br>est une entreprise familiale qui a d\u00e9but\u00e9 avec <br>l&rsquo;ouverture du restaurant en 1979.<\/h2>\n<\/div>\n\n\n\n<div class=\"wp-block-uagb-container uagb-block-af16e295\"><\/div>\n<\/div><\/div>\n\n\n\n<div class=\"wp-block-uagb-container uagb-block-91b896a1 alignfull uagb-is-root-container\"><div class=\"uagb-container-inner-blocks-wrap\">\n<div class=\"wp-block-uagb-container uagb-block-18eb60eb\">\n<figure class=\"wp-block-image aligncenter size-full is-resized anime\"><img loading=\"lazy\" decoding=\"async\" src=\"https:\/\/karlosarguinano.com\/public\/media\/2023\/05\/karlos-arguinano-1979-restaurante-hotel-timeline.jpg\" alt=\"\" class=\"wp-image-738\" style=\"width:314px;height:377px\" width=\"314\" height=\"377\" srcset=\"https:\/\/karlosarguinano.com\/public\/media\/2023\/05\/karlos-arguinano-1979-restaurante-hotel-timeline.jpg 692w, https:\/\/karlosarguinano.com\/public\/media\/2023\/05\/karlos-arguinano-1979-restaurante-hotel-timeline-250x300.jpg 250w\" sizes=\"auto, (max-width: 314px) 100vw, 314px\" \/><\/figure>\n\n\n\n<h2 class=\"wp-block-heading has-text-align-center ano\">1979<\/h2>\n\n\n\n<h4 class=\"wp-block-heading has-text-align-center\">Karlos Argui\u00f1ano ouvre le restaurant.<\/h4>\n<\/div>\n\n\n\n<div class=\"wp-block-uagb-container uagb-block-1119446e\">\n<figure class=\"wp-block-image aligncenter size-full is-resized anime\"><img loading=\"lazy\" decoding=\"async\" src=\"https:\/\/karlosarguinano.com\/public\/media\/2023\/05\/hotel-karlos-arguinano-zarautz-timeline.jpg\" alt=\"\" class=\"wp-image-737\" style=\"width:314px;height:377px\" width=\"314\" height=\"377\" srcset=\"https:\/\/karlosarguinano.com\/public\/media\/2023\/05\/hotel-karlos-arguinano-zarautz-timeline.jpg 692w, https:\/\/karlosarguinano.com\/public\/media\/2023\/05\/hotel-karlos-arguinano-zarautz-timeline-250x300.jpg 250w\" sizes=\"auto, (max-width: 314px) 100vw, 314px\" \/><\/figure>\n\n\n\n<h2 class=\"wp-block-heading has-text-align-center ano\">1990<\/h2>\n\n\n\n<h4 class=\"wp-block-heading has-text-align-center\">Karlos et Luisi ouvrent l&rsquo;h\u00f4tel au-dessus du restaurant.<\/h4>\n<\/div>\n\n\n\n<div class=\"wp-block-uagb-container uagb-block-c3df9411\">\n<figure class=\"wp-block-image aligncenter size-full is-resized anime\"><img loading=\"lazy\" decoding=\"async\" src=\"https:\/\/karlosarguinano.com\/public\/media\/2023\/05\/zigor-arguinano-hotelka-1.jpg\" alt=\"\" class=\"wp-image-739\" style=\"width:313px;height:375px\" width=\"313\" height=\"375\" srcset=\"https:\/\/karlosarguinano.com\/public\/media\/2023\/05\/zigor-arguinano-hotelka-1.jpg 693w, https:\/\/karlosarguinano.com\/public\/media\/2023\/05\/zigor-arguinano-hotelka-1-250x300.jpg 250w\" sizes=\"auto, (max-width: 313px) 100vw, 313px\" \/><\/figure>\n\n\n\n<h2 class=\"wp-block-heading has-text-align-center\">2010<\/h2>\n\n\n\n<h4 class=\"wp-block-heading has-text-align-center\">Deuxi\u00e8me g\u00e9n\u00e9ration d&rsquo;Argui\u00f1ano.<\/h4>\n<\/div>\n<\/div><\/div>\n\n\n\n<div class=\"wp-block-uagb-container uagb-block-625d3c1c alignfull uagb-is-root-container\"><div class=\"uagb-container-inner-blocks-wrap\">\n<div class=\"wp-block-uagb-container uagb-block-0ed9c467\">\n<div class=\"wp-block-uagb-image alignleft uagb-block-0db4b296 wp-block-uagb-image--layout-default wp-block-uagb-image--effect-static wp-block-uagb-image--align-left anime\"><figure class=\"wp-block-uagb-image__figure\"><img decoding=\"async\" srcset=\"https:\/\/karlosarguinano.com\/public\/media\/2023\/05\/karlos-arguinano-1979-restaurante-1.jpg \" sizes=\"auto, (max-width: 480px) 150px\" src=\"https:\/\/karlosarguinano.com\/public\/media\/2023\/05\/karlos-arguinano-1979-restaurante-1.jpg\" alt=\"\" class=\"uag-image-718\" width=\"594\" height=\"427\" title=\"\" loading=\"lazy\"\/><\/figure><\/div>\n\n\n\n<div class=\"wp-block-uagb-container uagb-block-77456637\">\n<h3 class=\"wp-block-heading\">1979 <br>Karlos Argui\u00f1ano ouvre le restaurant.<\/h3>\n\n\n\n<p>KA, l&rsquo;h\u00f4tel-restaurant de Karlos Argui\u00f1ano, est une entreprise familiale qui a d\u00e9but\u00e9 avec l&rsquo;ouverture du restaurant en 1979.<br><br>Le jeune Argui\u00f1ano, plong\u00e9 dans la r\u00e9vision et la r\u00e9volution du livre de recettes traditionnelles basques, avec de nombreux autres ma\u00eetres de la gastronomie basque, proposait dans son propre restaurant une offre gastronomique plus saine et plus moderne. La nouvelle cuisine basque, cette r\u00e9volution culinaire qui allie tradition et avant-garde, a toujours \u00e9t\u00e9 et continue d&rsquo;\u00eatre la base de la cuisine de Karlos Argui\u00f1ano.<\/p>\n<\/div>\n<\/div>\n\n\n\n<div class=\"wp-block-uagb-container uagb-block-87f79dab\">\n<div class=\"wp-block-uagb-image uagb-block-1c20735b wp-block-uagb-image--layout-default wp-block-uagb-image--effect-static wp-block-uagb-image--align-none anime\"><figure class=\"wp-block-uagb-image__figure\"><img decoding=\"async\" srcset=\"https:\/\/karlosarguinano.com\/public\/media\/2023\/05\/primer-equipo-familia-karlos-arguinano.jpg \" sizes=\"auto, (max-width: 480px) 150px\" src=\"https:\/\/karlosarguinano.com\/public\/media\/2023\/05\/primer-equipo-familia-karlos-arguinano.jpg\" alt=\"\" class=\"uag-image-709\" width=\"591\" height=\"666\" title=\"\" loading=\"lazy\"\/><\/figure><\/div>\n<\/div>\n<\/div><\/div>\n\n\n\n<div class=\"wp-block-uagb-container uagb-block-b622039f alignfull uagb-is-root-container\"><div class=\"uagb-container-inner-blocks-wrap\">\n<div class=\"wp-block-uagb-container uagb-block-67e9a0bb\">\n<figure class=\"wp-block-image size-full anime\"><img loading=\"lazy\" decoding=\"async\" width=\"680\" height=\"813\" src=\"https:\/\/karlosarguinano.com\/public\/media\/2023\/05\/hotel-karlos-arguinano-zarautz.jpg\" alt=\"\" class=\"wp-image-735\" srcset=\"https:\/\/karlosarguinano.com\/public\/media\/2023\/05\/hotel-karlos-arguinano-zarautz.jpg 680w, https:\/\/karlosarguinano.com\/public\/media\/2023\/05\/hotel-karlos-arguinano-zarautz-251x300.jpg 251w\" sizes=\"auto, (max-width: 680px) 100vw, 680px\" \/><\/figure>\n<\/div>\n\n\n\n<div class=\"wp-block-uagb-container uagb-block-23aeda5e\">\n<h3 class=\"wp-block-heading\">1990 <br>Karlos et Luisi ouvrent l&rsquo;h\u00f4tel au-dessus du restaurant.<\/h3>\n\n\n\n<p>En 1990, Karlos et Luisi \u00e9tendent leur activit\u00e9 en ouvrant l&rsquo;h\u00f4tel avec un total de 12 chambres qui conservent l&rsquo;essence de la Villa Aiala.<br><br>L&rsquo;h\u00f4tel, situ\u00e9 dans un cadre exceptionnel, se trouve dans une enclave privil\u00e9gi\u00e9e : directement sur la plage de Zarautz. Le bruit des vagues et les vues sur la mer font de l&rsquo;h\u00f4tel un endroit de r\u00eave o\u00f9 les clients peuvent se d\u00e9tendre et se reposer comme nulle part ailleurs. Une combinaison unique d&rsquo;atmosph\u00e8re familiale, de d\u00e9coration chaleureuse, d&rsquo;espaces agr\u00e9ables et de service accueillant permet \u00e0 chaque visiteur de se sentir comme chez lui.<\/p>\n<\/div>\n<\/div><\/div>\n\n\n\n<div class=\"wp-block-uagb-container uagb-block-f86f376d alignfull uagb-is-root-container\"><div class=\"uagb-container-inner-blocks-wrap\">\n<div class=\"wp-block-uagb-container uagb-block-df3af2aa\">\n<figure class=\"wp-block-image size-large is-resized anime\"><img loading=\"lazy\" decoding=\"async\" src=\"https:\/\/karlosarguinano.com\/public\/media\/2023\/09\/ARGAZKI-FAMILIA-1024x692.jpg\" alt=\"ARGAZKI FAMILIA\" class=\"wp-image-2271\" style=\"width:827px;height:594px\" width=\"827\" height=\"594\"\/><\/figure>\n\n\n\n<div class=\"wp-block-uagb-container uagb-block-4e3a99f7\">\n<h3 class=\"wp-block-heading\">2010 <br>Deuxi\u00e8me g\u00e9n\u00e9ration d&rsquo;Argui\u00f1ano<\/h3>\n\n\n\n<p>La famille Argui\u00f1ano g\u00e8re actuellement la Villa Aiala, o\u00f9 se trouve l&rsquo;h\u00f4tel-restaurant de Karlos Argui\u00f1ano.<br><br>Karlos et Luisi d\u00e9l\u00e8guent progressivement la gestion du projet \u00e0 cinq de leurs enfants, qui sont impliqu\u00e9s dans le projet familial depuis toujours. Apr\u00e8s 20 ans de vie commune, de succ\u00e8s continus de Karlos \u00e0 la t\u00e9l\u00e9vision, d&rsquo;enseignement et d&rsquo;apprentissage entre p\u00e8re\/m\u00e8re et enfants\u2026 le passage de t\u00e9moin g\u00e9n\u00e9rationnel a lieu. Les enfants prennent le relais. Cependant, apr\u00e8s 45 ans, Karlos et Luisi sont toujours pr\u00e9sents dans le projet.<\/p>\n<\/div>\n<\/div>\n\n\n\n<div class=\"wp-block-uagb-container uagb-block-75257c26\">\n<figure class=\"wp-block-image size-large\"><img loading=\"lazy\" decoding=\"async\" width=\"1024\" height=\"683\" src=\"https:\/\/karlosarguinano.com\/public\/media\/2023\/09\/ArguinanoFamilia23\u00b4_G-1024x683.jpg\" alt=\"Arguin\u0303anoFamilia23\u00b4_G\" class=\"wp-image-2250\" srcset=\"https:\/\/karlosarguinano.com\/public\/media\/2023\/09\/ArguinanoFamilia23\u00b4_G-1024x683.jpg 1024w, https:\/\/karlosarguinano.com\/public\/media\/2023\/09\/ArguinanoFamilia23\u00b4_G-300x200.jpg 300w, https:\/\/karlosarguinano.com\/public\/media\/2023\/09\/ArguinanoFamilia23\u00b4_G-768x512.jpg 768w, https:\/\/karlosarguinano.com\/public\/media\/2023\/09\/ArguinanoFamilia23\u00b4_G-1536x1024.jpg 1536w, https:\/\/karlosarguinano.com\/public\/media\/2023\/09\/ArguinanoFamilia23\u00b4_G-2048x1365.jpg 2048w\" sizes=\"auto, (max-width: 1024px) 100vw, 1024px\" \/><\/figure>\n<\/div>\n<\/div><\/div>\n\n\n\n<div class=\"wp-block-uagb-container uagb-block-c39644f3 alignfull uagb-is-root-container\"><div class=\"uagb-container-inner-blocks-wrap\">\n<figure class=\"wp-block-image size-full anime\"><img loading=\"lazy\" decoding=\"async\" width=\"2000\" height=\"1125\" src=\"https:\/\/karlosarguinano.com\/public\/media\/2023\/06\/villa-aiala-karlos-arguinano-hotel-restaurante-zarautz.jpg\" alt=\"\" class=\"wp-image-1305\" srcset=\"https:\/\/karlosarguinano.com\/public\/media\/2023\/06\/villa-aiala-karlos-arguinano-hotel-restaurante-zarautz.jpg 2000w, https:\/\/karlosarguinano.com\/public\/media\/2023\/06\/villa-aiala-karlos-arguinano-hotel-restaurante-zarautz-300x169.jpg 300w, https:\/\/karlosarguinano.com\/public\/media\/2023\/06\/villa-aiala-karlos-arguinano-hotel-restaurante-zarautz-1024x576.jpg 1024w, https:\/\/karlosarguinano.com\/public\/media\/2023\/06\/villa-aiala-karlos-arguinano-hotel-restaurante-zarautz-768x432.jpg 768w, https:\/\/karlosarguinano.com\/public\/media\/2023\/06\/villa-aiala-karlos-arguinano-hotel-restaurante-zarautz-1536x864.jpg 1536w\" sizes=\"auto, (max-width: 2000px) 100vw, 2000px\" \/><\/figure>\n<\/div><\/div>\n\n\n\n<div class=\"wp-block-uagb-container uagb-block-fa5c864a alignfull uagb-is-root-container\"><div class=\"uagb-container-inner-blocks-wrap\">\n<div class=\"wp-block-uagb-container uagb-block-accc8bda\">\n<h3 class=\"wp-block-heading\">Villa Aiala, plus de 120 ans d&rsquo;histoire.<\/h3>\n<\/div>\n\n\n\n<div class=\"wp-block-uagb-container uagb-block-43c39c77\">\n<div style=\"height:15px\" aria-hidden=\"true\" class=\"wp-block-spacer\"><\/div>\n\n\n\n<p>L&rsquo;ancienne demeure en pierre, \u00e0 l&rsquo;allure majestueuse, connue sous le nom de Villa Aiala, est aujourd&rsquo;hui l&rsquo;h\u00f4tel-restaurant de Karlos Argui\u00f1ano.<br><br>Son environnement et son cadre ; le parfum de la mer, de l&rsquo;air de la montagne, d&rsquo;une cuisine de caract\u00e8re ; des saveurs qui font vibrer ; la sensation des draps doux, de la brise sur la peau, lisse et douce apr\u00e8s une promenade sur la plage ; le son des vagues de la mer, une m\u00e9lodie d\u00e9licate qui vous berce pour que vous vous reposiez. Tout cela, et bien plus encore, se passe \u00e0 l&rsquo;h\u00f4tel-restaurant KA.<\/p>\n<\/div>\n<\/div><\/div>\n\n\n\n<div class=\"wp-block-uagb-container uagb-block-71de36a1 alignfull uagb-is-root-container\"><div class=\"uagb-container-inner-blocks-wrap\">\n<hr class=\"wp-block-separator has-alpha-channel-opacity linea\"\/>\n<\/div><\/div>\n\n\n\n<div class=\"wp-block-uagb-container barracontacto uagb-block-c1a5cbc4 alignfull uagb-is-root-container\"><div class=\"uagb-container-inner-blocks-wrap\">\n<div class=\"wp-block-uagb-container ayudar uagb-block-29702bd3\">\n<p class=\"has-text-align-center has-small-font-size\">100% Txakolina<\/p>\n\n\n\n<h4 class=\"wp-block-heading has-text-align-center\">Bodega K5<\/h4>\n\n\n\n<p class=\"has-text-align-center\"><a rel=\"noreferrer noopener\" href=\"https:\/\/www.bodegak5.com\" target=\"_blank\">Visitez le site Web<\/a><\/p>\n<\/div>\n\n\n\n<div class=\"wp-block-uagb-container ayudar uagb-block-31a3449a\">\n<p class=\"has-text-align-center has-small-font-size\">Restaurant \/ Mariage<\/p>\n\n\n\n<h4 class=\"wp-block-heading has-text-align-center\">Argui\u00f1ano Anaiak<\/h4>\n\n\n\n<p class=\"has-text-align-center\"><a rel=\"noreferrer noopener\" href=\"http:\/\/www.aiala.es\/a.anaiak\/\" target=\"_blank\">Visitez le site Web<\/a><\/p>\n<\/div>\n\n\n\n<div class=\"wp-block-uagb-container uagb-block-f3b32432\">\n<p class=\"has-text-align-center has-small-font-size\">\u00c9cole de cuisine<\/p>\n\n\n\n<h4 class=\"wp-block-heading has-text-align-center\">Aiala<\/h4>\n\n\n\n<p class=\"has-text-align-center\"><a href=\"http:\/\/www.aiala.es\" target=\"_blank\" rel=\"noreferrer noopener\">Visitez le site Web<\/a><\/p>\n<\/div>\n<\/div><\/div>\n\n\n\n<div class=\"wp-block-uagb-container uagb-block-bd77c9ae alignfull uagb-is-root-container\"><div class=\"uagb-container-inner-blocks-wrap\">\n<hr class=\"wp-block-separator has-alpha-channel-opacity linea\"\/>\n<\/div><\/div>\n","protected":false},"excerpt":{"rendered":"<p>KA, l&rsquo;h\u00f4tel-restaurant de Karlos Argui\u00f1ano, est une entreprise familiale qui a d\u00e9but\u00e9 avec l&rsquo;ouverture du restaurant en 1979. 1979 Karlos Argui\u00f1ano ouvre le restaurant. 1990 Karlos et Luisi ouvrent l&rsquo;h\u00f4tel au-dessus du restaurant. 2010 Deuxi\u00e8me g\u00e9n\u00e9ration d&rsquo;Argui\u00f1ano. 1979 Karlos Argui\u00f1ano ouvre le restaurant. KA, l&rsquo;h\u00f4tel-restaurant de Karlos Argui\u00f1ano, est une entreprise familiale qui a d\u00e9but\u00e9 [&hellip;]<\/p>\n","protected":false},"author":1,"featured_media":0,"parent":0,"menu_order":0,"comment_status":"closed","ping_status":"closed","template":"normalpage.php","meta":{"_uag_custom_page_level_css":"","slim_seo":{"title":"Famille Argui\u00f1ano - Karlos Argui\u00f1ano","description":"KA, l'h\u00f4tel-restaurant de Karlos Argui\u00f1ano, est une entreprise familiale qui a d\u00e9but\u00e9 avec l'ouverture du restaurant en 1979. 1979 Karlos Argui\u00f1ano ouvre le res"},"footnotes":""},"class_list":["post-1764","page","type-page","status-publish","hentry"],"uagb_featured_image_src":{"full":false,"thumbnail":false,"medium":false,"medium_large":false,"large":false,"1536x1536":false,"2048x2048":false},"uagb_author_info":{"display_name":"axliweb","author_link":"https:\/\/karlosarguinano.com\/fr\/author\/axliweb\/"},"uagb_comment_info":0,"uagb_excerpt":"KA, l&rsquo;h\u00f4tel-restaurant de Karlos Argui\u00f1ano, est une entreprise familiale qui a d\u00e9but\u00e9 avec l&rsquo;ouverture du restaurant en 1979. 1979 Karlos Argui\u00f1ano ouvre le restaurant. 1990 Karlos et Luisi ouvrent l&rsquo;h\u00f4tel au-dessus du restaurant. 2010 Deuxi\u00e8me g\u00e9n\u00e9ration d&rsquo;Argui\u00f1ano. 1979 Karlos Argui\u00f1ano ouvre le restaurant. KA, l&rsquo;h\u00f4tel-restaurant de Karlos Argui\u00f1ano, est une entreprise familiale qui a d\u00e9but\u00e9\u2026","_links":{"self":[{"href":"https:\/\/karlosarguinano.com\/fr\/wp-json\/wp\/v2\/pages\/1764","targetHints":{"allow":["GET"]}}],"collection":[{"href":"https:\/\/karlosarguinano.com\/fr\/wp-json\/wp\/v2\/pages"}],"about":[{"href":"https:\/\/karlosarguinano.com\/fr\/wp-json\/wp\/v2\/types\/page"}],"author":[{"embeddable":true,"href":"https:\/\/karlosarguinano.com\/fr\/wp-json\/wp\/v2\/users\/1"}],"replies":[{"embeddable":true,"href":"https:\/\/karlosarguinano.com\/fr\/wp-json\/wp\/v2\/comments?post=1764"}],"version-history":[{"count":5,"href":"https:\/\/karlosarguinano.com\/fr\/wp-json\/wp\/v2\/pages\/1764\/revisions"}],"predecessor-version":[{"id":2297,"href":"https:\/\/karlosarguinano.com\/fr\/wp-json\/wp\/v2\/pages\/1764\/revisions\/2297"}],"wp:attachment":[{"href":"https:\/\/karlosarguinano.com\/fr\/wp-json\/wp\/v2\/media?parent=1764"}],"curies":[{"name":"wp","href":"https:\/\/api.w.org\/{rel}","templated":true}]}}