{"id":1763,"date":"2023-05-11T12:12:37","date_gmt":"2023-05-11T10:12:37","guid":{"rendered":"https:\/\/karlosarguinano.com\/contacto\/"},"modified":"2024-07-15T14:27:31","modified_gmt":"2024-07-15T12:27:31","slug":"contact","status":"publish","type":"page","link":"https:\/\/karlosarguinano.com\/fr\/contact\/","title":{"rendered":"Contact"},"content":{"rendered":"\n<div class=\"wp-block-uagb-container contacto barracontacto uagb-block-e32fd7ae alignfull uagb-is-root-container\"><div class=\"uagb-container-inner-blocks-wrap\">\n<div class=\"wp-block-uagb-container ayudar uagb-block-a7d370ed\">\n<p class=\"has-text-align-center has-small-font-size\">O\u00f9 sommes-nous<\/p>\n\n\n\n<h3 class=\"wp-block-heading has-text-align-center\">C\/ Mendilauta, 13 <br>Zarautz (Gipuzkoa)<\/h3>\n\n\n\n<p class=\"has-text-align-center\"><a rel=\"noreferrer noopener\" href=\"https:\/\/www.google.com\/maps\/place\/Karlos+Argui\u00f1ano+Hotel+Jatetxea\/@43.288477,-2.162537,17z\/data=!4m9!3m8!1s0xd51c83fbcfc0a01:0x9ad97c4ab96f43e8!5m2!4m1!1i2!8m2!3d43.2882192!4d-2.162945!16s%2Fg%2F1wv_tjmf?hl=en&amp;entry=ttu\" target=\"_blank\">Voir Google Maps<\/a><\/p>\n\n\n\n<div style=\"height:40px\" aria-hidden=\"true\" class=\"wp-block-spacer\"><\/div>\n\n\n\n<hr class=\"wp-block-separator has-alpha-channel-opacity linea\"\/>\n\n\n\n<div style=\"height:40px\" aria-hidden=\"true\" class=\"wp-block-spacer\"><\/div>\n\n\n\n<p class=\"has-text-align-center has-small-font-size\">Contact<\/p>\n\n\n\n<h3 class=\"wp-block-heading has-text-align-center\">contacto@karlosarguinano.com<\/h3>\n\n\n\n<div style=\"height:20px\" aria-hidden=\"true\" class=\"wp-block-spacer\"><\/div>\n\n\n\n<p class=\"has-text-align-center has-small-font-size\"><br>Heures de r\u00e9servation :<br>De 8h00 \u00e0 14h30 et de 17h00 \u00e0 22h00. Nous n&rsquo;acceptons pas les r\u00e9servations de restaurant par e-mail.<\/p>\n<\/div>\n\n\n\n<div class=\"wp-block-uagb-container uagb-block-cb8de10d\">\n<p class=\"has-text-align-center has-small-font-size\">Heures d&rsquo;ouverture de l&rsquo;h\u00f4tel<\/p>\n\n\n\n<h3 class=\"wp-block-heading has-text-align-center\">Tous les jours<br>De 8h \u00e0 1h<\/h3>\n\n\n\n<p class=\"has-text-align-center\">Entr\u00e9e \u00e0 partir de 15h00 et d\u00e9part \u00e0 12h00<\/p>\n\n\n\n<p class=\"has-text-align-center\"><a href=\"https:\/\/karlosarguinano.com\/fr\/reservation\/#uagb-tabs__tab1\" data-type=\"page\">R\u00e9server une chambre<\/a><\/p>\n\n\n\n<div style=\"height:40px\" aria-hidden=\"true\" class=\"wp-block-spacer\"><\/div>\n\n\n\n<p class=\"has-text-align-center has-small-font-size\">Heures d&rsquo;ouverture<\/p>\n\n\n\n<h3 class=\"wp-block-heading has-text-align-center\">De 13h00 \u00e0 15h15<br>De 20h30 \u00e0 22h30<\/h3>\n\n\n\n<p class=\"has-text-align-center\"><a href=\"https:\/\/karlosarguinano.com\/fr\/reservation\/\" data-type=\"page\" data-id=\"1771\">R\u00e9server une table<\/a><\/p>\n\n\n\n<div style=\"height:40px\" aria-hidden=\"true\" class=\"wp-block-spacer\"><\/div>\n\n\n\n<p class=\"has-text-align-center has-small-font-size\">Heures d&rsquo;ouverture<\/p>\n\n\n\n<h3 class=\"wp-block-heading has-text-align-center\">Tous les jours<br>De 8h \u00e0 0h<\/h3>\n<\/div>\n<\/div><\/div>\n\n\n\n<div class=\"wp-block-uagb-container uagb-block-654136fe alignfull uagb-is-root-container\"><div class=\"uagb-container-inner-blocks-wrap\">\t\t\t<div \n\t\t\tclass=\"wp-block-uagb-google-map uagb-google-map__wrap uagb-block-87dc1e4f     \"\n\t\t\tstyle=\"\" >\n\t\t\t\t<embed\n\t\t\t\t\tclass=\"uagb-google-map__iframe\"\n\t\t\t\t\ttitle=\"Carte Google pour \"\n\t\t\t\t\tsrc=\"https:\/\/maps.google.com\/maps?q=Karlos%20Argui%C3%B1ano&#038;z=15&#038;hl=en&#038;t=m&#038;output=embed&#038;iwloc=near\"\n\t\t\t\t\twidth=\"640\"\n\t\t\t\t\theight=\"500\"\n\t\t\t\t\tloading=\"lazy\"\n\t\t\t\t><\/embed>\n\t\t\t<\/div>\n\t\t\t<\/div><\/div>\n\n\n\n<div class=\"wp-block-uagb-container mapa uagb-block-7f629f85 default uagb-is-root-container\">\n<div class=\"wp-block-uagb-container barracontacto uagb-block-b1880e09\">\n<h3 class=\"wp-block-heading\">O\u00f9 se garer?<\/h3>\n\n\n\n<p>Zone Blanche, uniquement pour les r\u00e9sidents. *Option circulaire pour le chargement et le d\u00e9chargement.<br><br>Les parkings les plus proches pour se garer et avec acc\u00e8s \u00e0 pied sont :<br><br><\/p>\n\n\n\n<p>Parking Kortazar (5 minutes)<br>Parking Indigo-Fuertos (10 minutes)<br>Parking Munoa (15 minutes)<br>Parking Hegoalde (20 minutes)<br>Parking Asti (10 minutes). Du 13 juillet au 15 septembre. Service de navette toutes les 20 minutes. <a href=\"https:\/\/www.zarautz.eus\/es\/-\/3798701-98\" data-type=\"link\" data-id=\"https:\/\/www.zarautz.eus\/es\/-\/3798701-98\">Plus d&rsquo;informations.<\/a><\/p>\n\n\n\n<p><a href=\"https:\/\/www.turismozarautz.eus\/fr\/ou-se-garer\">O\u00f9 se garer ?<\/a><\/p>\n<\/div>\n\n\n\n<div class=\"wp-block-uagb-container uagb-block-b7c19084\">\n<figure class=\"wp-block-image size-full\"><img loading=\"lazy\" decoding=\"async\" width=\"837\" height=\"618\" src=\"https:\/\/karlosarguinano.com\/public\/media\/2024\/06\/imagen-parking01.jpg\" alt=\"Imagen Parking01\" class=\"wp-image-2810\" srcset=\"https:\/\/karlosarguinano.com\/public\/media\/2024\/06\/imagen-parking01.jpg 837w, https:\/\/karlosarguinano.com\/public\/media\/2024\/06\/imagen-parking01-300x222.jpg 300w, https:\/\/karlosarguinano.com\/public\/media\/2024\/06\/imagen-parking01-768x567.jpg 768w\" sizes=\"auto, (max-width: 837px) 100vw, 837px\" \/><\/figure>\n<\/div>\n<\/div>\n\n\n\n<div class=\"wp-block-uagb-container uagb-block-a8b7ed36 alignfull uagb-is-root-container\"><div class=\"uagb-container-inner-blocks-wrap\">\n<hr class=\"wp-block-separator has-alpha-channel-opacity linea\"\/>\n<\/div><\/div>\n\n\n\n<div class=\"wp-block-uagb-container barracontacto uagb-block-e52ef505 alignfull uagb-is-root-container\"><div class=\"uagb-container-inner-blocks-wrap\">\n<div class=\"wp-block-uagb-container ayudar uagb-block-f26a9c11\">\n<h4 class=\"wp-block-heading has-text-align-center\">Comment pouvons-nous vous aider?<\/h4>\n\n\n\n<p class=\"has-text-align-center\">Consultez notre foire aux questions.<\/p>\n\n\n\n<p class=\"has-text-align-center\"><a href=\"https:\/\/karlosarguinano.com\/fr\/questions-frequentes\/\" data-type=\"page\" data-id=\"1769\">Foire aux questions<\/a><\/p>\n<\/div>\n\n\n\n<div class=\"wp-block-uagb-container ayudar uagb-block-39f88d20\">\n<h4 class=\"wp-block-heading has-text-align-center\">Nous contacter<\/h4>\n\n\n\n<p class=\"has-text-align-center\">Si vous avez des questions ou si vous souhaitez obtenir plus d&rsquo;informations, envoyez-nous un courriel.<\/p>\n\n\n\n<p class=\"has-text-align-center\"><a href=\"https:\/\/karlosarguinano.com\/fr\/contact\/\" data-type=\"page\" data-id=\"1763\">Nous contacter.<\/a><\/p>\n<\/div>\n\n\n\n<div class=\"wp-block-uagb-container uagb-block-0ccab09b\">\n<h4 class=\"wp-block-heading has-text-align-center\">Travaille avec nous<\/h4>\n\n\n\n<p class=\"has-text-align-center\">Vous souhaitez rejoindre<br>notre \u00e9quipe ?<\/p>\n\n\n\n<p class=\"has-text-align-center\"><a href=\"https:\/\/karlosarguinano.com\/fr\/travaille-avec-nous\/\" data-type=\"page\" data-id=\"1775\">Travaille avec nous<\/a><\/p>\n<\/div>\n<\/div><\/div>\n\n\n\n<div class=\"wp-block-uagb-container uagb-block-571c6e2f alignfull uagb-is-root-container\"><div class=\"uagb-container-inner-blocks-wrap\">\n<hr class=\"wp-block-separator has-alpha-channel-opacity linea\"\/>\n<\/div><\/div>\n","protected":false},"excerpt":{"rendered":"<p>O\u00f9 sommes-nous C\/ Mendilauta, 13 Zarautz (Gipuzkoa) Voir Google Maps Contact contacto@karlosarguinano.com Heures de r\u00e9servation :De 8h00 \u00e0 14h30 et de 17h00 \u00e0 22h00. Nous n&rsquo;acceptons pas les r\u00e9servations de restaurant par e-mail. Heures d&rsquo;ouverture de l&rsquo;h\u00f4tel Tous les joursDe 8h \u00e0 1h Entr\u00e9e \u00e0 partir de 15h00 et d\u00e9part \u00e0 12h00 R\u00e9server une chambre [&hellip;]<\/p>\n","protected":false},"author":1,"featured_media":0,"parent":0,"menu_order":0,"comment_status":"closed","ping_status":"closed","template":"normalpage.php","meta":{"_uag_custom_page_level_css":"","slim_seo":{"title":"Contact - Karlos Argui\u00f1ano","description":"O\u00f9 sommes-nous C\/ Mendilauta, 13 Zarautz (Gipuzkoa) Voir Google Maps Contact contacto@karlosarguinano.com Heures de r\u00e9servation : De 8h00 \u00e0 14h30 et de 17h00 \u00e0"},"footnotes":""},"class_list":["post-1763","page","type-page","status-publish","hentry"],"uagb_featured_image_src":{"full":false,"thumbnail":false,"medium":false,"medium_large":false,"large":false,"1536x1536":false,"2048x2048":false},"uagb_author_info":{"display_name":"axliweb","author_link":"https:\/\/karlosarguinano.com\/fr\/author\/axliweb\/"},"uagb_comment_info":0,"uagb_excerpt":"O\u00f9 sommes-nous C\/ Mendilauta, 13 Zarautz (Gipuzkoa) Voir Google Maps Contact contacto@karlosarguinano.com Heures de r\u00e9servation :De 8h00 \u00e0 14h30 et de 17h00 \u00e0 22h00. Nous n&rsquo;acceptons pas les r\u00e9servations de restaurant par e-mail. Heures d&rsquo;ouverture de l&rsquo;h\u00f4tel Tous les joursDe 8h \u00e0 1h Entr\u00e9e \u00e0 partir de 15h00 et d\u00e9part \u00e0 12h00 R\u00e9server une chambre\u2026","_links":{"self":[{"href":"https:\/\/karlosarguinano.com\/fr\/wp-json\/wp\/v2\/pages\/1763","targetHints":{"allow":["GET"]}}],"collection":[{"href":"https:\/\/karlosarguinano.com\/fr\/wp-json\/wp\/v2\/pages"}],"about":[{"href":"https:\/\/karlosarguinano.com\/fr\/wp-json\/wp\/v2\/types\/page"}],"author":[{"embeddable":true,"href":"https:\/\/karlosarguinano.com\/fr\/wp-json\/wp\/v2\/users\/1"}],"replies":[{"embeddable":true,"href":"https:\/\/karlosarguinano.com\/fr\/wp-json\/wp\/v2\/comments?post=1763"}],"version-history":[{"count":11,"href":"https:\/\/karlosarguinano.com\/fr\/wp-json\/wp\/v2\/pages\/1763\/revisions"}],"predecessor-version":[{"id":2855,"href":"https:\/\/karlosarguinano.com\/fr\/wp-json\/wp\/v2\/pages\/1763\/revisions\/2855"}],"wp:attachment":[{"href":"https:\/\/karlosarguinano.com\/fr\/wp-json\/wp\/v2\/media?parent=1763"}],"curies":[{"name":"wp","href":"https:\/\/api.w.org\/{rel}","templated":true}]}}