{"id":1762,"date":"2023-05-23T22:32:55","date_gmt":"2023-05-23T20:32:55","guid":{"rendered":"https:\/\/karlosarguinano.com\/bar\/"},"modified":"2023-06-07T22:35:40","modified_gmt":"2023-06-07T20:35:40","slug":"bar","status":"publish","type":"page","link":"https:\/\/karlosarguinano.com\/fr\/bar\/","title":{"rendered":"Bar"},"content":{"rendered":"\n<div class=\"wp-block-uagb-container uagb-block-be14a17c alignfull uagb-is-root-container\"><div class=\"uagb-container-inner-blocks-wrap\">\n<div class=\"wp-block-uagb-container uagb-block-6d342f12\">\n<h2 class=\"wp-block-heading\"><span style=\"text-decoration:underline;\">Bar<\/span> <br>Un petit d\u00e9jeuner, un ap\u00e9ritif, une collation\u2026 dans l&rsquo;une des terrasses les plus sp\u00e9ciales de Zarautz.<\/h2>\n\n\n\n<div class=\"wp-block-uagb-buttons uagb-buttons__outer-wrap uagb-btn__default-btn uagb-btn-tablet__default-btn uagb-btn-mobile__default-btn uagb-block-7ba1a35a\"><div class=\"uagb-buttons__wrap uagb-buttons-layout-wrap\">\n<div class=\"wp-block-uagb-buttons-child uagb-buttons__outer-wrap uagb-block-2884efd7 wp-block-button is-style-outline\"><div class=\"uagb-button__wrapper\"><a class=\"uagb-buttons-repeater wp-block-button__link has-background has-text-color\" href=\"https:\/\/app.cartatotal.com\/arguinanobar\/bar\" onclick=\"return true;\" rel=\"follow noopener\" target=\"_blank\"><div class=\"uagb-button__link\">Voir la carte du bar.<\/div><\/a><\/div><\/div>\n<\/div><\/div>\n<\/div>\n\n\n\n<div class=\"wp-block-uagb-container uagb-block-c8a477f6\">\n<figure class=\"wp-block-image size-large anime\"><img loading=\"lazy\" decoding=\"async\" width=\"951\" height=\"1024\" src=\"https:\/\/karlosarguinano.com\/public\/media\/2023\/06\/KA_terraza_Bar_KarlosArguinano11-951x1024.jpg\" alt=\"\" class=\"wp-image-865\" srcset=\"https:\/\/karlosarguinano.com\/public\/media\/2023\/06\/KA_terraza_Bar_KarlosArguinano11-951x1024.jpg 951w, https:\/\/karlosarguinano.com\/public\/media\/2023\/06\/KA_terraza_Bar_KarlosArguinano11-279x300.jpg 279w, https:\/\/karlosarguinano.com\/public\/media\/2023\/06\/KA_terraza_Bar_KarlosArguinano11-768x827.jpg 768w, https:\/\/karlosarguinano.com\/public\/media\/2023\/06\/KA_terraza_Bar_KarlosArguinano11.jpg 978w\" sizes=\"auto, (max-width: 951px) 100vw, 951px\" \/><\/figure>\n<\/div>\n<\/div><\/div>\n\n\n\n<div class=\"wp-block-uagb-container uagb-block-112719de alignfull uagb-is-root-container\"><div class=\"uagb-container-inner-blocks-wrap\">\n<div class=\"wp-block-uagb-container uagb-block-0c3c780a\">\n<figure class=\"wp-block-image size-large anime\"><img loading=\"lazy\" decoding=\"async\" width=\"1024\" height=\"736\" src=\"https:\/\/karlosarguinano.com\/public\/media\/2023\/05\/KA_Febr23_244_Orig@2x-1024x736.jpg\" alt=\"\" class=\"wp-image-203\" srcset=\"https:\/\/karlosarguinano.com\/public\/media\/2023\/05\/KA_Febr23_244_Orig@2x-1024x736.jpg 1024w, https:\/\/karlosarguinano.com\/public\/media\/2023\/05\/KA_Febr23_244_Orig@2x-300x216.jpg 300w, https:\/\/karlosarguinano.com\/public\/media\/2023\/05\/KA_Febr23_244_Orig@2x-768x552.jpg 768w, https:\/\/karlosarguinano.com\/public\/media\/2023\/05\/KA_Febr23_244_Orig@2x-1536x1104.jpg 1536w, https:\/\/karlosarguinano.com\/public\/media\/2023\/05\/KA_Febr23_244_Orig@2x.jpg 2000w\" sizes=\"auto, (max-width: 1024px) 100vw, 1024px\" \/><\/figure>\n\n\n\n<h2 class=\"wp-block-heading\">\u00c0 deux pas de la plage<\/h2>\n\n\n\n<p>Le restaurant Karlos Argui\u00f1ano dispose \u00e9galement d&rsquo;un bar avec un espace bar et des tables ou d&rsquo;une terrasse ext\u00e9rieure avec vue sur la mer et la plage de Zarautz, o\u00f9 vous pourrez d\u00e9guster des petits d\u00e9jeuners, des pintxos, des plats et des snacks, ainsi que de magnifiques couchers de soleil dans une atmosph\u00e8re plus d\u00e9tendue.<\/p>\n\n\n\n<p><br>Une terrasse accompagn\u00e9e du bruit de la mer et pleine de vie. Un lieu de rencontre et de convivialit\u00e9 du petit-d\u00e9jeuner au d\u00eener.<\/p>\n<\/div>\n\n\n\n<div class=\"wp-block-uagb-container uagb-block-89955e62\">\n<div style=\"height:100px\" aria-hidden=\"true\" class=\"wp-block-spacer uag-hide-mob\"><\/div>\n\n\n\n<figure class=\"wp-block-image size-large anime\"><img loading=\"lazy\" decoding=\"async\" width=\"840\" height=\"1024\" src=\"https:\/\/karlosarguinano.com\/public\/media\/2023\/06\/KA_terraza_Bar_KarlosArguinano12jpg-840x1024.jpg\" alt=\"\" class=\"wp-image-1287\" srcset=\"https:\/\/karlosarguinano.com\/public\/media\/2023\/06\/KA_terraza_Bar_KarlosArguinano12jpg-840x1024.jpg 840w, https:\/\/karlosarguinano.com\/public\/media\/2023\/06\/KA_terraza_Bar_KarlosArguinano12jpg-246x300.jpg 246w, https:\/\/karlosarguinano.com\/public\/media\/2023\/06\/KA_terraza_Bar_KarlosArguinano12jpg-768x937.jpg 768w, https:\/\/karlosarguinano.com\/public\/media\/2023\/06\/KA_terraza_Bar_KarlosArguinano12jpg.jpg 874w\" sizes=\"auto, (max-width: 840px) 100vw, 840px\" \/><\/figure>\n<\/div>\n<\/div><\/div>\n\n\n\n<div class=\"wp-block-uagb-container uagb-block-840370c3 alignfull uagb-is-root-container\"><div class=\"uagb-container-inner-blocks-wrap\">\n<ul class=\"ver-carta wp-block-list\">\n<li><a rel=\"noreferrer noopener\" href=\"https:\/\/app.cartatotal.com\/arguinanobar\/bar\" target=\"_blank\">VOIR LA LETTRE<\/a><\/li>\n\n\n\n<li><a rel=\"noreferrer noopener\" href=\"https:\/\/app.cartatotal.com\/arguinanobar\/bar\" target=\"_blank\">Bar e Terrasse Karlos Argui\u00f1ano<\/a><\/li>\n\n\n\n<li><a rel=\"noreferrer noopener\" href=\"https:\/\/app.cartatotal.com\/arguinanobar\/bar\" target=\"_blank\"><mark style=\"background-color:rgba(0, 0, 0, 0);color:#ffffff\" class=\"has-inline-color\">a<\/mark><\/a><\/li>\n<\/ul>\n<\/div><\/div>\n\n\n\n<div class=\"wp-block-uagb-container uagb-block-3fe1445b alignfull uagb-is-root-container\"><div class=\"uagb-container-inner-blocks-wrap\">\t\t\t\t\t<div\n\t\t\t\t\t\tclass=\"wp-block-uagb-image-gallery uagb-block-c6d2fb02 anime    \"\n\t\t\t\t\t\tstyle=\"\"\n\t\t\t\t\t>\n\t\t\t\t\t\t\t\t\t\t\t<div class=\"spectra-image-gallery spectra-image-gallery__layout--carousel\">\n\t\t\t\t\t\t\t\t<div class=\"uagb-slick-carousel uagb-block-c6d2fb02\">\n\t\t\t\t\t\t\t\t\t\t\t\t<div class='spectra-image-gallery__media-wrapper' data-spectra-gallery-image-id='848'>\n\t\t\t\t\t\t\t<div class=\"spectra-image-gallery__media spectra-image-gallery__media--carousel\">\n\t\t\t\t<picture>\n\t\t\t\t\t<source media=\"(min-width: 1024px)\" srcset=\"https:\/\/karlosarguinano.com\/public\/media\/2023\/06\/KA_terraza_Bar_KarlosArguinano03-1-1024x584.jpg\">\n\t\t\t\t\t<source media=\"(min-width: 768px)\" srcset=\"https:\/\/karlosarguinano.com\/public\/media\/2023\/06\/KA_terraza_Bar_KarlosArguinano03-1-1024x584.jpg\">\n\t\t\t\t\t<img decoding=\"async\" class=\"spectra-image-gallery__media-thumbnail spectra-image-gallery__media-thumbnail--carousel\" src=\"https:\/\/karlosarguinano.com\/public\/media\/2023\/06\/KA_terraza_Bar_KarlosArguinano03-1-1024x584.jpg\" alt=\"\" loading=\"lazy\" \/>\n\t\t\t\t<\/picture>\n\t\t\t\t<div class=\"spectra-image-gallery__media-thumbnail-blurrer\"><\/div>\n\t\t\t\t\t\t\t\t\t\t\t<div class=\"spectra-image-gallery__media-thumbnail-caption-wrapper spectra-image-gallery__media-thumbnail-caption-wrapper--overlay\"><\/div>\n\t\t\t\t\t\t\t\t<\/div>\n\t\t\t\t\t\t<\/div>\n\t\t\t\t\t\t<div class='spectra-image-gallery__media-wrapper' data-spectra-gallery-image-id='854'>\n\t\t\t\t\t\t\t<div class=\"spectra-image-gallery__media spectra-image-gallery__media--carousel\">\n\t\t\t\t<picture>\n\t\t\t\t\t<source media=\"(min-width: 1024px)\" srcset=\"https:\/\/karlosarguinano.com\/public\/media\/2023\/06\/KA_terraza_Bar_KarlosArguinano09-1024x584.jpg\">\n\t\t\t\t\t<source media=\"(min-width: 768px)\" srcset=\"https:\/\/karlosarguinano.com\/public\/media\/2023\/06\/KA_terraza_Bar_KarlosArguinano09-1024x584.jpg\">\n\t\t\t\t\t<img decoding=\"async\" class=\"spectra-image-gallery__media-thumbnail spectra-image-gallery__media-thumbnail--carousel\" src=\"https:\/\/karlosarguinano.com\/public\/media\/2023\/06\/KA_terraza_Bar_KarlosArguinano09-1024x584.jpg\" alt=\"\" loading=\"lazy\" \/>\n\t\t\t\t<\/picture>\n\t\t\t\t<div class=\"spectra-image-gallery__media-thumbnail-blurrer\"><\/div>\n\t\t\t\t\t\t\t\t\t\t\t<div class=\"spectra-image-gallery__media-thumbnail-caption-wrapper spectra-image-gallery__media-thumbnail-caption-wrapper--overlay\"><\/div>\n\t\t\t\t\t\t\t\t<\/div>\n\t\t\t\t\t\t<\/div>\n\t\t\t\t\t\t<div class='spectra-image-gallery__media-wrapper' data-spectra-gallery-image-id='846'>\n\t\t\t\t\t\t\t<div class=\"spectra-image-gallery__media spectra-image-gallery__media--carousel\">\n\t\t\t\t<picture>\n\t\t\t\t\t<source media=\"(min-width: 1024px)\" srcset=\"https:\/\/karlosarguinano.com\/public\/media\/2023\/06\/KA_terraza_Bar_KarlosArguinano01-1-1024x584.jpg\">\n\t\t\t\t\t<source media=\"(min-width: 768px)\" srcset=\"https:\/\/karlosarguinano.com\/public\/media\/2023\/06\/KA_terraza_Bar_KarlosArguinano01-1-1024x584.jpg\">\n\t\t\t\t\t<img decoding=\"async\" class=\"spectra-image-gallery__media-thumbnail spectra-image-gallery__media-thumbnail--carousel\" src=\"https:\/\/karlosarguinano.com\/public\/media\/2023\/06\/KA_terraza_Bar_KarlosArguinano01-1-1024x584.jpg\" alt=\"\" loading=\"lazy\" \/>\n\t\t\t\t<\/picture>\n\t\t\t\t<div class=\"spectra-image-gallery__media-thumbnail-blurrer\"><\/div>\n\t\t\t\t\t\t\t\t\t\t\t<div class=\"spectra-image-gallery__media-thumbnail-caption-wrapper spectra-image-gallery__media-thumbnail-caption-wrapper--overlay\"><\/div>\n\t\t\t\t\t\t\t\t<\/div>\n\t\t\t\t\t\t<\/div>\n\t\t\t\t\t\t<div class='spectra-image-gallery__media-wrapper' data-spectra-gallery-image-id='851'>\n\t\t\t\t\t\t\t<div class=\"spectra-image-gallery__media spectra-image-gallery__media--carousel\">\n\t\t\t\t<picture>\n\t\t\t\t\t<source media=\"(min-width: 1024px)\" srcset=\"https:\/\/karlosarguinano.com\/public\/media\/2023\/06\/KA_terraza_Bar_KarlosArguinano06-1024x584.jpg\">\n\t\t\t\t\t<source media=\"(min-width: 768px)\" srcset=\"https:\/\/karlosarguinano.com\/public\/media\/2023\/06\/KA_terraza_Bar_KarlosArguinano06-1024x584.jpg\">\n\t\t\t\t\t<img decoding=\"async\" class=\"spectra-image-gallery__media-thumbnail spectra-image-gallery__media-thumbnail--carousel\" src=\"https:\/\/karlosarguinano.com\/public\/media\/2023\/06\/KA_terraza_Bar_KarlosArguinano06-1024x584.jpg\" alt=\"\" loading=\"lazy\" \/>\n\t\t\t\t<\/picture>\n\t\t\t\t<div class=\"spectra-image-gallery__media-thumbnail-blurrer\"><\/div>\n\t\t\t\t\t\t\t\t\t\t\t<div class=\"spectra-image-gallery__media-thumbnail-caption-wrapper spectra-image-gallery__media-thumbnail-caption-wrapper--overlay\"><\/div>\n\t\t\t\t\t\t\t\t<\/div>\n\t\t\t\t\t\t<\/div>\n\t\t\t\t\t\t<div class='spectra-image-gallery__media-wrapper' data-spectra-gallery-image-id='847'>\n\t\t\t\t\t\t\t<div class=\"spectra-image-gallery__media spectra-image-gallery__media--carousel\">\n\t\t\t\t<picture>\n\t\t\t\t\t<source media=\"(min-width: 1024px)\" srcset=\"https:\/\/karlosarguinano.com\/public\/media\/2023\/06\/KA_terraza_Bar_KarlosArguinano02-1-1024x584.jpg\">\n\t\t\t\t\t<source media=\"(min-width: 768px)\" srcset=\"https:\/\/karlosarguinano.com\/public\/media\/2023\/06\/KA_terraza_Bar_KarlosArguinano02-1-1024x584.jpg\">\n\t\t\t\t\t<img decoding=\"async\" class=\"spectra-image-gallery__media-thumbnail spectra-image-gallery__media-thumbnail--carousel\" src=\"https:\/\/karlosarguinano.com\/public\/media\/2023\/06\/KA_terraza_Bar_KarlosArguinano02-1-1024x584.jpg\" alt=\"\" loading=\"lazy\" \/>\n\t\t\t\t<\/picture>\n\t\t\t\t<div class=\"spectra-image-gallery__media-thumbnail-blurrer\"><\/div>\n\t\t\t\t\t\t\t\t\t\t\t<div class=\"spectra-image-gallery__media-thumbnail-caption-wrapper spectra-image-gallery__media-thumbnail-caption-wrapper--overlay\"><\/div>\n\t\t\t\t\t\t\t\t<\/div>\n\t\t\t\t\t\t<\/div>\n\t\t\t\t\t\t<div class='spectra-image-gallery__media-wrapper' data-spectra-gallery-image-id='855'>\n\t\t\t\t\t\t\t<div class=\"spectra-image-gallery__media spectra-image-gallery__media--carousel\">\n\t\t\t\t<picture>\n\t\t\t\t\t<source media=\"(min-width: 1024px)\" srcset=\"https:\/\/karlosarguinano.com\/public\/media\/2023\/06\/KA_terraza_Bar_KarlosArguinano10-1024x584.jpg\">\n\t\t\t\t\t<source media=\"(min-width: 768px)\" srcset=\"https:\/\/karlosarguinano.com\/public\/media\/2023\/06\/KA_terraza_Bar_KarlosArguinano10-1024x584.jpg\">\n\t\t\t\t\t<img decoding=\"async\" class=\"spectra-image-gallery__media-thumbnail spectra-image-gallery__media-thumbnail--carousel\" src=\"https:\/\/karlosarguinano.com\/public\/media\/2023\/06\/KA_terraza_Bar_KarlosArguinano10-1024x584.jpg\" alt=\"\" loading=\"lazy\" \/>\n\t\t\t\t<\/picture>\n\t\t\t\t<div class=\"spectra-image-gallery__media-thumbnail-blurrer\"><\/div>\n\t\t\t\t\t\t\t\t\t\t\t<div class=\"spectra-image-gallery__media-thumbnail-caption-wrapper spectra-image-gallery__media-thumbnail-caption-wrapper--overlay\"><\/div>\n\t\t\t\t\t\t\t\t<\/div>\n\t\t\t\t\t\t<\/div>\n\t\t\t\t\t\t<div class='spectra-image-gallery__media-wrapper' data-spectra-gallery-image-id='849'>\n\t\t\t\t\t\t\t<div class=\"spectra-image-gallery__media spectra-image-gallery__media--carousel\">\n\t\t\t\t<picture>\n\t\t\t\t\t<source media=\"(min-width: 1024px)\" srcset=\"https:\/\/karlosarguinano.com\/public\/media\/2023\/06\/KA_terraza_Bar_KarlosArguinano04-1024x584.jpg\">\n\t\t\t\t\t<source media=\"(min-width: 768px)\" srcset=\"https:\/\/karlosarguinano.com\/public\/media\/2023\/06\/KA_terraza_Bar_KarlosArguinano04-1024x584.jpg\">\n\t\t\t\t\t<img decoding=\"async\" class=\"spectra-image-gallery__media-thumbnail spectra-image-gallery__media-thumbnail--carousel\" src=\"https:\/\/karlosarguinano.com\/public\/media\/2023\/06\/KA_terraza_Bar_KarlosArguinano04-1024x584.jpg\" alt=\"\" loading=\"lazy\" \/>\n\t\t\t\t<\/picture>\n\t\t\t\t<div class=\"spectra-image-gallery__media-thumbnail-blurrer\"><\/div>\n\t\t\t\t\t\t\t\t\t\t\t<div class=\"spectra-image-gallery__media-thumbnail-caption-wrapper spectra-image-gallery__media-thumbnail-caption-wrapper--overlay\"><\/div>\n\t\t\t\t\t\t\t\t<\/div>\n\t\t\t\t\t\t<\/div>\n\t\t\t\t\t\t<div class='spectra-image-gallery__media-wrapper' data-spectra-gallery-image-id='850'>\n\t\t\t\t\t\t\t<div class=\"spectra-image-gallery__media spectra-image-gallery__media--carousel\">\n\t\t\t\t<picture>\n\t\t\t\t\t<source media=\"(min-width: 1024px)\" srcset=\"https:\/\/karlosarguinano.com\/public\/media\/2023\/06\/KA_terraza_Bar_KarlosArguinano05-1024x584.jpg\">\n\t\t\t\t\t<source media=\"(min-width: 768px)\" srcset=\"https:\/\/karlosarguinano.com\/public\/media\/2023\/06\/KA_terraza_Bar_KarlosArguinano05-1024x584.jpg\">\n\t\t\t\t\t<img decoding=\"async\" class=\"spectra-image-gallery__media-thumbnail spectra-image-gallery__media-thumbnail--carousel\" src=\"https:\/\/karlosarguinano.com\/public\/media\/2023\/06\/KA_terraza_Bar_KarlosArguinano05-1024x584.jpg\" alt=\"\" loading=\"lazy\" \/>\n\t\t\t\t<\/picture>\n\t\t\t\t<div class=\"spectra-image-gallery__media-thumbnail-blurrer\"><\/div>\n\t\t\t\t\t\t\t\t\t\t\t<div class=\"spectra-image-gallery__media-thumbnail-caption-wrapper spectra-image-gallery__media-thumbnail-caption-wrapper--overlay\"><\/div>\n\t\t\t\t\t\t\t\t<\/div>\n\t\t\t\t\t\t<\/div>\n\t\t\t\t\t\t<div class='spectra-image-gallery__media-wrapper' data-spectra-gallery-image-id='853'>\n\t\t\t\t\t\t\t<div class=\"spectra-image-gallery__media spectra-image-gallery__media--carousel\">\n\t\t\t\t<picture>\n\t\t\t\t\t<source media=\"(min-width: 1024px)\" srcset=\"https:\/\/karlosarguinano.com\/public\/media\/2023\/06\/KA_terraza_Bar_KarlosArguinano08-1-1024x584.jpg\">\n\t\t\t\t\t<source media=\"(min-width: 768px)\" srcset=\"https:\/\/karlosarguinano.com\/public\/media\/2023\/06\/KA_terraza_Bar_KarlosArguinano08-1-1024x584.jpg\">\n\t\t\t\t\t<img decoding=\"async\" class=\"spectra-image-gallery__media-thumbnail spectra-image-gallery__media-thumbnail--carousel\" src=\"https:\/\/karlosarguinano.com\/public\/media\/2023\/06\/KA_terraza_Bar_KarlosArguinano08-1-1024x584.jpg\" alt=\"\" loading=\"lazy\" \/>\n\t\t\t\t<\/picture>\n\t\t\t\t<div class=\"spectra-image-gallery__media-thumbnail-blurrer\"><\/div>\n\t\t\t\t\t\t\t\t\t\t\t<div class=\"spectra-image-gallery__media-thumbnail-caption-wrapper spectra-image-gallery__media-thumbnail-caption-wrapper--overlay\"><\/div>\n\t\t\t\t\t\t\t\t<\/div>\n\t\t\t\t\t\t<\/div>\n\t\t\t\t\t\t<div class='spectra-image-gallery__media-wrapper' data-spectra-gallery-image-id='852'>\n\t\t\t\t\t\t\t<div class=\"spectra-image-gallery__media spectra-image-gallery__media--carousel\">\n\t\t\t\t<picture>\n\t\t\t\t\t<source media=\"(min-width: 1024px)\" srcset=\"https:\/\/karlosarguinano.com\/public\/media\/2023\/06\/KA_terraza_Bar_KarlosArguinano07-1024x584.jpg\">\n\t\t\t\t\t<source media=\"(min-width: 768px)\" srcset=\"https:\/\/karlosarguinano.com\/public\/media\/2023\/06\/KA_terraza_Bar_KarlosArguinano07-1024x584.jpg\">\n\t\t\t\t\t<img decoding=\"async\" class=\"spectra-image-gallery__media-thumbnail spectra-image-gallery__media-thumbnail--carousel\" src=\"https:\/\/karlosarguinano.com\/public\/media\/2023\/06\/KA_terraza_Bar_KarlosArguinano07-1024x584.jpg\" alt=\"\" loading=\"lazy\" \/>\n\t\t\t\t<\/picture>\n\t\t\t\t<div class=\"spectra-image-gallery__media-thumbnail-blurrer\"><\/div>\n\t\t\t\t\t\t\t\t\t\t\t<div class=\"spectra-image-gallery__media-thumbnail-caption-wrapper spectra-image-gallery__media-thumbnail-caption-wrapper--overlay\"><\/div>\n\t\t\t\t\t\t\t\t<\/div>\n\t\t\t\t\t\t<\/div>\n\t\t\t\t\t\t\t\t\t\t\t<\/div>\n\t\t\t\t\t\t\t<\/div>\n\t\t\t\t\t\t\t\t\t\t\t<\/div>\n\t\t\t\t\t\t\t\t\t<\/div><\/div>\n\n\n\n<div class=\"wp-block-uagb-container uagb-block-05c8be29 alignfull uagb-is-root-container\"><div class=\"uagb-container-inner-blocks-wrap\">\n<hr class=\"wp-block-separator has-alpha-channel-opacity linea\"\/>\n<\/div><\/div>\n\n\n\n<div class=\"wp-block-uagb-container barracontacto uagb-block-e1200f4c alignfull uagb-is-root-container\"><div class=\"uagb-container-inner-blocks-wrap\">\n<div class=\"wp-block-uagb-container ayudar uagb-block-0f116e14\">\n<p class=\"has-text-align-center has-small-font-size\">Petit-d\u00e9jeuner<\/p>\n\n\n\n<h4 class=\"wp-block-heading has-text-align-center\">Calendrier <br>08:00 \u2013 11:30<\/h4>\n\n\n\n<p class=\"has-text-align-center has-small-font-size\"><\/p>\n<\/div>\n\n\n\n<div class=\"wp-block-uagb-container ayudar uagb-block-2ab34e67\">\n<p class=\"has-text-align-center has-small-font-size\">Cuisine<\/p>\n\n\n\n<h4 class=\"wp-block-heading has-text-align-center\">12:00 \u2013 15:30<br>19:30 \u2013 22:30<\/h4>\n\n\n\n<p class=\"has-text-align-center has-small-font-size\">En \u00e9t\u00e9 jusqu&rsquo;\u00e0 23h00.<\/p>\n<\/div>\n\n\n\n<div class=\"wp-block-uagb-container uagb-block-8ee83b6e\">\n<p class=\"has-text-align-center has-small-font-size\">Bar<\/p>\n\n\n\n<h4 class=\"wp-block-heading has-text-align-center\">Calendrier <br>8:00 \u2013 00:00<\/h4>\n\n\n\n<p class=\"has-text-align-center has-small-font-size\">En \u00e9t\u00e9 jusqu&rsquo;\u00e0 01h00.<\/p>\n<\/div>\n<\/div><\/div>\n\n\n\n<div class=\"wp-block-uagb-container uagb-block-f37c51c9 alignfull uagb-is-root-container\"><div class=\"uagb-container-inner-blocks-wrap\">\n<hr class=\"wp-block-separator has-alpha-channel-opacity linea\"\/>\n<\/div><\/div>\n\n\n\n<div class=\"wp-block-uagb-container uagb-block-b2f33b2a alignfull uagb-is-root-container\"><div class=\"uagb-container-inner-blocks-wrap\">\n<div class=\"wp-block-uagb-container uagb-block-9f2f71e9\">\n<figure class=\"wp-block-image size-large anime\"><img loading=\"lazy\" decoding=\"async\" width=\"1024\" height=\"740\" src=\"https:\/\/karlosarguinano.com\/public\/media\/2023\/05\/KA_Febr23_010_Orig@2x-1024x740.jpg\" alt=\"\" class=\"wp-image-198\" srcset=\"https:\/\/karlosarguinano.com\/public\/media\/2023\/05\/KA_Febr23_010_Orig@2x-1024x740.jpg 1024w, https:\/\/karlosarguinano.com\/public\/media\/2023\/05\/KA_Febr23_010_Orig@2x-300x217.jpg 300w, https:\/\/karlosarguinano.com\/public\/media\/2023\/05\/KA_Febr23_010_Orig@2x-768x555.jpg 768w, https:\/\/karlosarguinano.com\/public\/media\/2023\/05\/KA_Febr23_010_Orig@2x-1536x1110.jpg 1536w, https:\/\/karlosarguinano.com\/public\/media\/2023\/05\/KA_Febr23_010_Orig@2x.jpg 2000w\" sizes=\"auto, (max-width: 1024px) 100vw, 1024px\" \/><\/figure>\n\n\n\n<h2 class=\"wp-block-heading\">La p\u00e2tisserie du coin de Joseba Argui\u00f1ano<\/h2>\n\n\n\n<p>JA. Point de vente de la p\u00e2tisserie Joseba Argui\u00f1ano. Une grande vari\u00e9t\u00e9 de pains, p\u00e2tisseries, g\u00e2teaux, chocolats et pralines faits maison et confectionn\u00e9s avec soin chaque jour dans la p\u00e2tisserie de Joseba Argui\u00f1ano. Des d\u00e9lices faits \u00e0 la main \u00e0 emporter ou \u00e0 d\u00e9guster au bar ou sur la terrasse.<\/p>\n\n\n\n<div style=\"height:100px\" aria-hidden=\"true\" class=\"wp-block-spacer uag-hide-mob\"><\/div>\n\n\n\n<figure class=\"wp-block-image size-large anime\"><img loading=\"lazy\" decoding=\"async\" width=\"856\" height=\"1024\" src=\"https:\/\/karlosarguinano.com\/public\/media\/2023\/05\/KA_Febr23_018_Ret@2x-856x1024.jpg\" alt=\"\" class=\"wp-image-199\" srcset=\"https:\/\/karlosarguinano.com\/public\/media\/2023\/05\/KA_Febr23_018_Ret@2x-856x1024.jpg 856w, https:\/\/karlosarguinano.com\/public\/media\/2023\/05\/KA_Febr23_018_Ret@2x-251x300.jpg 251w, https:\/\/karlosarguinano.com\/public\/media\/2023\/05\/KA_Febr23_018_Ret@2x-768x919.jpg 768w, https:\/\/karlosarguinano.com\/public\/media\/2023\/05\/KA_Febr23_018_Ret@2x-1284x1536.jpg 1284w, https:\/\/karlosarguinano.com\/public\/media\/2023\/05\/KA_Febr23_018_Ret@2x.jpg 1672w\" sizes=\"auto, (max-width: 856px) 100vw, 856px\" \/><\/figure>\n<\/div>\n\n\n\n<div class=\"wp-block-uagb-container uagb-block-f53124fc\">\n<div style=\"height:300px\" aria-hidden=\"true\" class=\"wp-block-spacer uag-hide-mob\"><\/div>\n\n\n\n<figure class=\"wp-block-image size-large anime\"><img loading=\"lazy\" decoding=\"async\" width=\"856\" height=\"1024\" src=\"https:\/\/karlosarguinano.com\/public\/media\/2023\/05\/KA_Febr23_215_Ret@2x-856x1024.jpg\" alt=\"\" class=\"wp-image-201\" srcset=\"https:\/\/karlosarguinano.com\/public\/media\/2023\/05\/KA_Febr23_215_Ret@2x-856x1024.jpg 856w, https:\/\/karlosarguinano.com\/public\/media\/2023\/05\/KA_Febr23_215_Ret@2x-251x300.jpg 251w, https:\/\/karlosarguinano.com\/public\/media\/2023\/05\/KA_Febr23_215_Ret@2x-768x919.jpg 768w, https:\/\/karlosarguinano.com\/public\/media\/2023\/05\/KA_Febr23_215_Ret@2x-1284x1536.jpg 1284w, https:\/\/karlosarguinano.com\/public\/media\/2023\/05\/KA_Febr23_215_Ret@2x.jpg 1672w\" sizes=\"auto, (max-width: 856px) 100vw, 856px\" \/><\/figure>\n<\/div>\n<\/div><\/div>\n","protected":false},"excerpt":{"rendered":"<p>Bar Un petit d\u00e9jeuner, un ap\u00e9ritif, une collation\u2026 dans l&rsquo;une des terrasses les plus sp\u00e9ciales de Zarautz. \u00c0 deux pas de la plage Le restaurant Karlos Argui\u00f1ano dispose \u00e9galement d&rsquo;un bar avec un espace bar et des tables ou d&rsquo;une terrasse ext\u00e9rieure avec vue sur la mer et la plage de Zarautz, o\u00f9 vous pourrez [&hellip;]<\/p>\n","protected":false},"author":1,"featured_media":0,"parent":0,"menu_order":0,"comment_status":"closed","ping_status":"closed","template":"normalpage.php","meta":{"_uag_custom_page_level_css":"","slim_seo":{"title":"Bar - Karlos Argui\u00f1ano","description":"Bar Un petit d\u00e9jeuner, un ap\u00e9ritif, une collation\u2026 dans l'une des terrasses les plus sp\u00e9ciales de Zarautz. \u00c0 deux pas de la plage Le restaurant Karlos Argui\u00f1ano"},"footnotes":""},"class_list":["post-1762","page","type-page","status-publish","hentry"],"uagb_featured_image_src":{"full":false,"thumbnail":false,"medium":false,"medium_large":false,"large":false,"1536x1536":false,"2048x2048":false},"uagb_author_info":{"display_name":"axliweb","author_link":"https:\/\/karlosarguinano.com\/fr\/author\/axliweb\/"},"uagb_comment_info":0,"uagb_excerpt":"Bar Un petit d\u00e9jeuner, un ap\u00e9ritif, une collation\u2026 dans l&rsquo;une des terrasses les plus sp\u00e9ciales de Zarautz. \u00c0 deux pas de la plage Le restaurant Karlos Argui\u00f1ano dispose \u00e9galement d&rsquo;un bar avec un espace bar et des tables ou d&rsquo;une terrasse ext\u00e9rieure avec vue sur la mer et la plage de Zarautz, o\u00f9 vous pourrez\u2026","_links":{"self":[{"href":"https:\/\/karlosarguinano.com\/fr\/wp-json\/wp\/v2\/pages\/1762","targetHints":{"allow":["GET"]}}],"collection":[{"href":"https:\/\/karlosarguinano.com\/fr\/wp-json\/wp\/v2\/pages"}],"about":[{"href":"https:\/\/karlosarguinano.com\/fr\/wp-json\/wp\/v2\/types\/page"}],"author":[{"embeddable":true,"href":"https:\/\/karlosarguinano.com\/fr\/wp-json\/wp\/v2\/users\/1"}],"replies":[{"embeddable":true,"href":"https:\/\/karlosarguinano.com\/fr\/wp-json\/wp\/v2\/comments?post=1762"}],"version-history":[{"count":1,"href":"https:\/\/karlosarguinano.com\/fr\/wp-json\/wp\/v2\/pages\/1762\/revisions"}],"predecessor-version":[{"id":1966,"href":"https:\/\/karlosarguinano.com\/fr\/wp-json\/wp\/v2\/pages\/1762\/revisions\/1966"}],"wp:attachment":[{"href":"https:\/\/karlosarguinano.com\/fr\/wp-json\/wp\/v2\/media?parent=1762"}],"curies":[{"name":"wp","href":"https:\/\/api.w.org\/{rel}","templated":true}]}}