{"id":1346,"date":"2023-05-11T12:14:11","date_gmt":"2023-05-11T10:14:11","guid":{"rendered":"https:\/\/karlosarguinano.com\/politica-de-cookies\/"},"modified":"2023-06-06T11:55:07","modified_gmt":"2023-06-06T09:55:07","slug":"politica-de-cookies","status":"publish","type":"page","link":"https:\/\/karlosarguinano.com\/eu\/politica-de-cookies\/","title":{"rendered":"Cookie politika"},"content":{"rendered":"\n<div class=\"wp-block-uagb-container uagb-block-a57c4df5 alignfull uagb-is-root-container\"><div class=\"uagb-container-inner-blocks-wrap\">\n<p><strong>USO DE COOKIES Y DEL FICHERO DE ACTIVIDAD<\/strong><\/p>\n\n\n\n<p>El prestador por su propia cuenta o la de un tercero contratado para la prestaci\u00f3n de servicios de medici\u00f3n, pueden utilizar cookies cuando un usuario navega por el sitio web. Las cookies son ficheros enviados al navegador por medio de un servidor web con la finalidad de registrar las actividades del usuario durante su tiempo de navegaci\u00f3n.<\/p>\n\n\n\n<p>Las cookies utilizadas por el sitio web se asocian \u00fanicamente con un usuario an\u00f3nimo y su ordenador, y no proporcionan por s\u00ed mismas los datos personales del usuario.<\/p>\n\n\n\n<p>Mediante el uso de las cookies resulta posible que el servidor donde se encuentra la web, reconozca el navegador web utilizado por el usuario con la finalidad de que la navegaci\u00f3n sea m\u00e1s sencilla, permitiendo, por ejemplo, el acceso a los usuarios que se hayan registrado previamente, acceder a las \u00e1reas, servicios, promociones o concursos reservados exclusivamente a ellos sin tener que registrarse en cada visita. Se utilizan tambi\u00e9n para medir la audiencia y par\u00e1metros del tr\u00e1fico, controlar el progreso y n\u00famero de entradas.<\/p>\n\n\n\n<p>El usuario tiene la posibilidad de configurar su navegador para ser avisado de la recepci\u00f3n de cookies y para impedir su instalaci\u00f3n en su equipo. Por favor, consulte las instrucciones y manuales de su navegador para ampliar esta informaci\u00f3n.<\/p>\n\n\n\n<p>Para utilizar el sitio web, no resulta necesario que el usuario permita la instalaci\u00f3n de las cookies enviadas por el sitio web, o el tercero que act\u00fae en su nombre, sin perjuicio de que sea necesario que el usuario inicie una sesi\u00f3n como tal en cada uno de los servicios cuya prestaci\u00f3n requiera el previo registro o \u201clogin\u201d.<\/p>\n\n\n\n<p>Las cookies utilizadas en este sitio web tienen, en todo caso, car\u00e1cter temporal con la \u00fanica finalidad de hacer m\u00e1s eficaz su transmisi\u00f3n ulterior. En ning\u00fan caso se utilizar\u00e1n las cookies para recoger informaci\u00f3n de car\u00e1cter personal.<\/p>\n\n\n\n<p><strong>DEFINICION Y FUNCIONES<\/strong><\/p>\n\n\n\n<p>Una cookie es un fichero que se descarga en su ordenador al acceder a determinadas p\u00e1ginas web. Las cookies permiten a una p\u00e1gina web, entre otras cosas, almacenar y recuperar informaci\u00f3n sobre los h\u00e1bitos de navegaci\u00f3n de un usuario o de su equipo y, dependiendo de la informaci\u00f3n que contengan y de la forma en que utilice su equipo, pueden utilizarse para reconocer al usuario.<\/p>\n\n\n\n<p><strong>TIPOS DE COOKIES UTILIZADAS<\/strong><\/p>\n\n\n\n<p><em>1. Cookies de Rendimiento<\/em><\/p>\n\n\n\n<p>Se trata de cookies, bien tratadas por nosotros o por terceros, que recogen informaci\u00f3n sobre c\u00f3mo se utiliza el sitio web (por ejemplo, las p\u00e1ginas que visita o si se produce alg\u00fan error) y que nos ayudan a la localizar y solucionar problemas, cuantificar el n\u00famero de usuarios o medir utilizaci\u00f3n del sitio web. Toda la informaci\u00f3n recogida es totalmente an\u00f3nima y ayuda a entender c\u00f3mo funciona nuestro sitio, realizando las mejoras oportunas para facilitar su navegaci\u00f3n.<\/p>\n\n\n\n<p>Utilizar estas cookies permitir\u00e1:<\/p>\n\n\n\n<p>Que Usted navegue por el sitio y que a su vez, podamos recompilar informaci\u00f3n sobre c\u00f3mo utiliza Usted la p\u00e1gina web, para as\u00ed entender la usabilidad del sitio, y ayudarnos a implementar las mejoras necesarias. Estas cookies no recoger\u00e1n ninguna informaci\u00f3n sobre Usted que pueda ser usada con fines publicitarios, o informaci\u00f3n acerca de sus preferencias (tales como sus datos de usuario) m\u00e1s all\u00e1 de esa visita en particular.<\/p>\n\n\n\n<p><em>2. Cookies Funcionales<\/em><\/p>\n\n\n\n<p>Nuestro prop\u00f3sito con estas cookies es mejorar la experiencia de los usuarios. Se utilizan para recordar ciertos par\u00e1metros de configuraci\u00f3n o para proporcionar ciertos servicios o mensajes que pueden llegar a mejorar su experiencia en nuestro sitio. Por ejemplo, recuerdan el pa\u00eds o el idioma que ha seleccionado al visitar las p\u00e1ginas, y no se utilizan con fines de marketing.<\/p>\n\n\n\n<p>Utilizar estas cookies permitir\u00e1:<\/p>\n\n\n\n<p>Recordar sus datos de inicio de sesi\u00f3n como cliente al volver a la p\u00e1gina. Nunca recoger\u00e1n informaci\u00f3n alguna sobre Usted que pueda ser usada con fines publicitarios, o informaci\u00f3n acerca de sus preferencias (tales como sus datos de usuario) m\u00e1s all\u00e1 de esa visita en particular.<\/p>\n\n\n\n<p><em>3. Cookies de Marketing<\/em><\/p>\n\n\n\n<p>Son cookies gestionadas por terceros. Se env\u00edan al equipo terminal del usuario desde un equipo o dominio que no es gestionado por el editor, sino por otra entidad que trata los datos obtenidos a trav\u00e9s de las cookies. Por ello, puede utilizar las herramientas de estos terceros para restringir el uso de dichas cookies. Por ejemplo, algunas de ellas se utilizan para enlazar a otras p\u00e1ginas web que proporcionan determinados servicios para visualizar o descargar v\u00eddeos, compartir contenidos en redes sociales (Facebook, Twitter o Google). Y en otros casos, podr\u00e1n adem\u00e1s modificar los anuncios de otras webs para adaptarlos a sus preferencias.<\/p>\n\n\n\n<p>Utilizar estas cookies permitir\u00e1:<\/p>\n\n\n\n<p>Enlazar con redes sociales, ver o descargar v\u00eddeos, obtener informaci\u00f3n sobre su visita a nuestro sitio web \u00fatil para adaptar anuncios que le mostrar\u00e1n en otras sitios o p\u00e1ginas web. As\u00edmismo es posible que al visitar alguna p\u00e1gina web o al abrir alg\u00fan email donde se publique alg\u00fan anuncio o alguna promoci\u00f3n sobre nuestros productos o servicios se instale en su navegador alguna cookie que nos sirva para mostrarle posteriormente publicidad relacionada con la b\u00fasqueda que haya realizado, desarrollar un control de nuestros anuncios en relaci\u00f3n, por ejemplo, con el numero de veces que son vistos, d\u00f3nde aparecen, a qu\u00e9 hora se ven, etc.<\/p>\n\n\n\n<p><strong>REVOCACION Y ELIMINACION DE COOKIES<\/strong><\/p>\n\n\n\n<p>Usted puede permitir, bloquear o eliminar las cookies instaladas en su equipo mediante la configuraci\u00f3n de las opciones del navegador<br>instalado en su ordenador, en caso que no permita la instalaci\u00f3n de cookies en su navegador es posible que no pueda acceder a alguna de<br>las secciones de nuestra web.<\/p>\n\n\n\n<p>Para conocer c\u00f3mo administrar cookies en el navegador, por favor visite los enlaces siguientes:<\/p>\n\n\n\n<p>Firefox desde&nbsp;<a href=\"http:\/\/support.mozilla.org\/es\/kb\/habilitar-y-deshabilitar-cookies-que-los-sitios-we\" target=\"_blank\" rel=\"noreferrer noopener\">http:\/\/support.mozilla.org\/es\/kb\/habilitar-y-deshabilitar-cookies-que-los-sitios-we<\/a><br>Chrome desde&nbsp;<a href=\"http:\/\/support.google.com\/chrome\/bin\/answer.py?hl=es&amp;answer=95647\" target=\"_blank\" rel=\"noreferrer noopener\">http:\/\/support.google.com\/chrome\/bin\/answer.py?hl=es&amp;answer=95647<\/a><br>Explorer desde&nbsp;<a href=\"http:\/\/windows.microsoft.com\/es-es\/windows7\/how-to-manage-cookies-in-internet-explorer-9\" target=\"_blank\" rel=\"noreferrer noopener\">http:\/\/windows.microsoft.com\/es-es\/windows7\/how-to-manage-cookies-in-internet-explorer-9<\/a><br>Safari desde&nbsp;<a href=\"http:\/\/support.apple.com\/kb\/ph5042\" target=\"_blank\" rel=\"noreferrer noopener\">http:\/\/support.apple.com\/kb\/ph5042<\/a><\/p>\n\n\n\n<p>Adem\u00e1s, si desea m\u00e1s informaci\u00f3n sobre qu\u00e9 uso hacemos de las cookies, env\u00edenos un e-mail a:&nbsp;<a href=\"mailto:kahotel@karlosnet.com\">kahotel@karlosnet.com<\/a><\/p>\n<\/div><\/div>\n","protected":false},"excerpt":{"rendered":"<p>USO DE COOKIES Y DEL FICHERO DE ACTIVIDAD El prestador por su propia cuenta o la de un tercero contratado para la prestaci\u00f3n de servicios de medici\u00f3n, pueden utilizar cookies cuando un usuario navega por el sitio web. Las cookies son ficheros enviados al navegador por medio de un servidor web con la finalidad de [&hellip;]<\/p>\n","protected":false},"author":1,"featured_media":0,"parent":0,"menu_order":0,"comment_status":"closed","ping_status":"closed","template":"normalpage.php","meta":{"_uag_custom_page_level_css":"","slim_seo":{"title":"Cookie politika - Karlos Argui\u00f1ano","description":"USO DE COOKIES Y DEL FICHERO DE ACTIVIDAD El prestador por su propia cuenta o la de un tercero contratado para la prestaci\u00f3n de servicios de medici\u00f3n, pueden ut"},"footnotes":""},"class_list":["post-1346","page","type-page","status-publish","hentry"],"uagb_featured_image_src":{"full":false,"thumbnail":false,"medium":false,"medium_large":false,"large":false,"1536x1536":false,"2048x2048":false},"uagb_author_info":{"display_name":"axliweb","author_link":"https:\/\/karlosarguinano.com\/eu\/author\/axliweb\/"},"uagb_comment_info":0,"uagb_excerpt":"USO DE COOKIES Y DEL FICHERO DE ACTIVIDAD El prestador por su propia cuenta o la de un tercero contratado para la prestaci\u00f3n de servicios de medici\u00f3n, pueden utilizar cookies cuando un usuario navega por el sitio web. Las cookies son ficheros enviados al navegador por medio de un servidor web con la finalidad de&hellip;","_links":{"self":[{"href":"https:\/\/karlosarguinano.com\/eu\/wp-json\/wp\/v2\/pages\/1346","targetHints":{"allow":["GET"]}}],"collection":[{"href":"https:\/\/karlosarguinano.com\/eu\/wp-json\/wp\/v2\/pages"}],"about":[{"href":"https:\/\/karlosarguinano.com\/eu\/wp-json\/wp\/v2\/types\/page"}],"author":[{"embeddable":true,"href":"https:\/\/karlosarguinano.com\/eu\/wp-json\/wp\/v2\/users\/1"}],"replies":[{"embeddable":true,"href":"https:\/\/karlosarguinano.com\/eu\/wp-json\/wp\/v2\/comments?post=1346"}],"version-history":[{"count":2,"href":"https:\/\/karlosarguinano.com\/eu\/wp-json\/wp\/v2\/pages\/1346\/revisions"}],"predecessor-version":[{"id":1348,"href":"https:\/\/karlosarguinano.com\/eu\/wp-json\/wp\/v2\/pages\/1346\/revisions\/1348"}],"wp:attachment":[{"href":"https:\/\/karlosarguinano.com\/eu\/wp-json\/wp\/v2\/media?parent=1346"}],"curies":[{"name":"wp","href":"https:\/\/api.w.org\/{rel}","templated":true}]}}