{"id":1170,"date":"2023-05-23T22:33:20","date_gmt":"2023-05-23T20:33:20","guid":{"rendered":"https:\/\/karlosarguinano.com\/familia-arguinano\/"},"modified":"2023-09-06T13:06:02","modified_gmt":"2023-09-06T11:06:02","slug":"arguinano-familia","status":"publish","type":"page","link":"https:\/\/karlosarguinano.com\/eu\/arguinano-familia\/","title":{"rendered":"Argui\u00f1ano familia"},"content":{"rendered":"\n<div class=\"wp-block-uagb-container uagb-block-983508c0 alignfull uagb-is-root-container\"><div class=\"uagb-container-inner-blocks-wrap\">\n<div class=\"wp-block-uagb-container uagb-block-926d902f\">\n<h2 class=\"wp-block-heading\">1979, Karlos Argui\u00f1anok <br>jatetxea irekitzen du.<\/h2>\n<\/div>\n\n\n\n<div class=\"wp-block-uagb-container uagb-block-5dc8b26a\"><\/div>\n<\/div><\/div>\n\n\n\n<div class=\"wp-block-uagb-container uagb-block-dc650b38 alignfull uagb-is-root-container\"><div class=\"uagb-container-inner-blocks-wrap\">\n<div class=\"wp-block-uagb-container uagb-block-5da9a343\">\n<figure class=\"wp-block-image aligncenter size-full is-resized anime\"><img loading=\"lazy\" decoding=\"async\" src=\"https:\/\/karlosarguinano.com\/public\/media\/2023\/05\/karlos-arguinano-1979-restaurante-hotel-timeline.jpg\" alt=\"\" class=\"wp-image-738\" style=\"width:314px;height:377px\" width=\"314\" height=\"377\" srcset=\"https:\/\/karlosarguinano.com\/public\/media\/2023\/05\/karlos-arguinano-1979-restaurante-hotel-timeline.jpg 692w, https:\/\/karlosarguinano.com\/public\/media\/2023\/05\/karlos-arguinano-1979-restaurante-hotel-timeline-250x300.jpg 250w\" sizes=\"auto, (max-width: 314px) 100vw, 314px\" \/><\/figure>\n\n\n\n<h2 class=\"wp-block-heading has-text-align-center ano\">1979<\/h2>\n\n\n\n<h4 class=\"wp-block-heading has-text-align-center\">Karlos Argui\u00f1anok jatetxea irekitzen du.<\/h4>\n<\/div>\n\n\n\n<div class=\"wp-block-uagb-container uagb-block-0f8db32f\">\n<figure class=\"wp-block-image aligncenter size-full is-resized anime\"><img loading=\"lazy\" decoding=\"async\" src=\"https:\/\/karlosarguinano.com\/public\/media\/2023\/05\/hotel-karlos-arguinano-zarautz-timeline.jpg\" alt=\"\" class=\"wp-image-737\" style=\"width:314px;height:377px\" width=\"314\" height=\"377\" srcset=\"https:\/\/karlosarguinano.com\/public\/media\/2023\/05\/hotel-karlos-arguinano-zarautz-timeline.jpg 692w, https:\/\/karlosarguinano.com\/public\/media\/2023\/05\/hotel-karlos-arguinano-zarautz-timeline-250x300.jpg 250w\" sizes=\"auto, (max-width: 314px) 100vw, 314px\" \/><\/figure>\n\n\n\n<h2 class=\"wp-block-heading has-text-align-center ano\">1990<\/h2>\n\n\n\n<h4 class=\"wp-block-heading has-text-align-center\">Karlos eta Luisik hotela irekitzen dute.<\/h4>\n<\/div>\n\n\n\n<div class=\"wp-block-uagb-container uagb-block-8d3265e5\">\n<figure class=\"wp-block-image aligncenter size-full is-resized anime\"><img loading=\"lazy\" decoding=\"async\" src=\"https:\/\/karlosarguinano.com\/public\/media\/2023\/05\/zigor-arguinano-hotelka-1.jpg\" alt=\"\" class=\"wp-image-739\" style=\"width:313px;height:375px\" width=\"313\" height=\"375\" srcset=\"https:\/\/karlosarguinano.com\/public\/media\/2023\/05\/zigor-arguinano-hotelka-1.jpg 693w, https:\/\/karlosarguinano.com\/public\/media\/2023\/05\/zigor-arguinano-hotelka-1-250x300.jpg 250w\" sizes=\"auto, (max-width: 313px) 100vw, 313px\" \/><\/figure>\n\n\n\n<h2 class=\"wp-block-heading has-text-align-center\">2010<\/h2>\n\n\n\n<h4 class=\"wp-block-heading has-text-align-center\">Argui\u00f1ano bigarren belaunaldia.<\/h4>\n<\/div>\n<\/div><\/div>\n\n\n\n<div class=\"wp-block-uagb-container uagb-block-81bfc6b2 alignfull uagb-is-root-container\"><div class=\"uagb-container-inner-blocks-wrap\">\n<div class=\"wp-block-uagb-container uagb-block-7d21b7bb\">\n<div class=\"wp-block-uagb-image alignleft uagb-block-b3b43977 wp-block-uagb-image--layout-default wp-block-uagb-image--effect-static wp-block-uagb-image--align-left anime\"><figure class=\"wp-block-uagb-image__figure\"><img decoding=\"async\" srcset=\"https:\/\/karlosarguinano.com\/public\/media\/2023\/05\/karlos-arguinano-1979-restaurante-1.jpg \" sizes=\"auto, (max-width: 480px) 150px\" src=\"https:\/\/karlosarguinano.com\/public\/media\/2023\/05\/karlos-arguinano-1979-restaurante-1.jpg\" alt=\"\" class=\"uag-image-718\" width=\"594\" height=\"427\" title=\"\" loading=\"lazy\"\/><\/figure><\/div>\n\n\n\n<div class=\"wp-block-uagb-container uagb-block-39b49496\">\n<h3 class=\"wp-block-heading\">1979 <br>Karlos Argui\u00f1anok jatetxea irekitzen du.<\/h3>\n\n\n\n<p>KA, Karlos Argui\u00f1anoren Hotel Jatetxea, 1979an jatetxea ireki zenean hasi zen familia-negozioa da.<br><br>Argui\u00f1ano gazte hark, euskal gastronomiako beste maisu askorekin batera euskal errezeta-liburu tradizionalaren berrikusketan eta iraultzan murgildua zegoenak, proposamen gastronomiko osasuntsuagoa eta modernoagoa eskaintzen zuen bere jatetxean bertan. Euskal sukaldaritza berria, tradizioa eta abangoardia batzen dituen sukaldaritza-iraultza, beti izan baita Karlos Argui\u00f1anoren sukaldaritzaren oinarria. Eta izaten darrai.<\/p>\n<\/div>\n<\/div>\n\n\n\n<div class=\"wp-block-uagb-container uagb-block-445bb556\">\n<div class=\"wp-block-uagb-image uagb-block-482aeabc wp-block-uagb-image--layout-default wp-block-uagb-image--effect-static wp-block-uagb-image--align-none anime\"><figure class=\"wp-block-uagb-image__figure\"><img decoding=\"async\" srcset=\"https:\/\/karlosarguinano.com\/public\/media\/2023\/05\/primer-equipo-familia-karlos-arguinano.jpg \" sizes=\"auto, (max-width: 480px) 150px\" src=\"https:\/\/karlosarguinano.com\/public\/media\/2023\/05\/primer-equipo-familia-karlos-arguinano.jpg\" alt=\"\" class=\"uag-image-709\" width=\"591\" height=\"666\" title=\"\" loading=\"lazy\"\/><\/figure><\/div>\n<\/div>\n<\/div><\/div>\n\n\n\n<div class=\"wp-block-uagb-container uagb-block-0dfba1fe alignfull uagb-is-root-container\"><div class=\"uagb-container-inner-blocks-wrap\">\n<div class=\"wp-block-uagb-container uagb-block-c6726726\">\n<figure class=\"wp-block-image size-full anime\"><img loading=\"lazy\" decoding=\"async\" width=\"680\" height=\"813\" src=\"https:\/\/karlosarguinano.com\/public\/media\/2023\/05\/hotel-karlos-arguinano-zarautz.jpg\" alt=\"\" class=\"wp-image-735\" srcset=\"https:\/\/karlosarguinano.com\/public\/media\/2023\/05\/hotel-karlos-arguinano-zarautz.jpg 680w, https:\/\/karlosarguinano.com\/public\/media\/2023\/05\/hotel-karlos-arguinano-zarautz-251x300.jpg 251w\" sizes=\"auto, (max-width: 680px) 100vw, 680px\" \/><\/figure>\n<\/div>\n\n\n\n<div class=\"wp-block-uagb-container uagb-block-21c7f5c9\">\n<h3 class=\"wp-block-heading\">1990 <br>Karlos eta Luisik hotela irekitzen dute.<\/h3>\n\n\n\n<p>1990ean, Karlos eta Luisik negozia handitu egin zuten, hotela irekiz. Gaur egun oraindik Aiala etxearen izaerari esuten dioten 12 logelako hotela inauguratu zuten.<br><br>Hotela aparteko ingurune pribilegiatu batean kokatuta dago: Zarauzko hondartzan. Ametsetako leku bihurtzen dute hotela inguruko olatuen soinuek eta itsasoaren bistek. Beste inon ez bezala atseden hartzeko sortua. Familia-giroan, bisitari bakoitza etxean bezala sentitzeko behar den guztiarekin.<\/p>\n<\/div>\n<\/div><\/div>\n\n\n\n<div class=\"wp-block-uagb-container uagb-block-c84c0300 alignfull uagb-is-root-container\"><div class=\"uagb-container-inner-blocks-wrap\">\n<div class=\"wp-block-uagb-container uagb-block-0c1c429f\">\n<figure class=\"wp-block-image size-large is-resized anime\"><img loading=\"lazy\" decoding=\"async\" src=\"https:\/\/karlosarguinano.com\/public\/media\/2023\/09\/ARGAZKI-FAMILIA-1024x692.jpg\" alt=\"ARGAZKI FAMILIA\" class=\"wp-image-2269\" style=\"width:832px;height:596px\" width=\"832\" height=\"596\"\/><\/figure>\n\n\n\n<div class=\"wp-block-uagb-container uagb-block-070897ee\">\n<h3 class=\"wp-block-heading\">2010 <br>Argui\u00f1ano bigarren belaunaldia<\/h3>\n\n\n\n<p>Argui\u00f1ano familiak zuzentzen du gaur egun Karlos Argui\u00f1anoren hotel-jatetxea barne hartzen dituen Aiala etxea.<br><br>Beti egon dira, nolabait, familia-proiektuari lotuta bigarren belaunaldiko argui\u00f1anotarrak. Pixkanaka, Karlos eta Luisi, beraien bost seme-alaben eskuetan uzten doaz proiektuaren kudeaketa. 20 urtez elkarrekin bizikidetzan lan egin ondoren, Karlosen telebistako arrakasta jarraiaren ondoren, aita\/ama eta seme-alaben arteko irakaskuntzen eta ikaskuntzen ondoren, belaunaldi-aldaketa iritsi da. Seme-alabek lekukoa hartu dute. Hala ere, 45 urteko ibilbidearen ondoren, Karlos eta Luisik proiektuan jarraitzen dute.<\/p>\n<\/div>\n<\/div>\n\n\n\n<div class=\"wp-block-uagb-container uagb-block-da17f6ce\">\n<figure class=\"wp-block-image size-large is-resized\"><img loading=\"lazy\" decoding=\"async\" src=\"https:\/\/karlosarguinano.com\/public\/media\/2023\/09\/ArguinanoFamilia23\u00b4_G-1024x683.jpg\" alt=\"Arguin\u0303anoFamilia23\u00b4_G\" class=\"wp-image-2248\" style=\"width:804px;height:536px\" width=\"804\" height=\"536\" srcset=\"https:\/\/karlosarguinano.com\/public\/media\/2023\/09\/ArguinanoFamilia23\u00b4_G-1024x683.jpg 1024w, https:\/\/karlosarguinano.com\/public\/media\/2023\/09\/ArguinanoFamilia23\u00b4_G-300x200.jpg 300w, https:\/\/karlosarguinano.com\/public\/media\/2023\/09\/ArguinanoFamilia23\u00b4_G-768x512.jpg 768w, https:\/\/karlosarguinano.com\/public\/media\/2023\/09\/ArguinanoFamilia23\u00b4_G-1536x1024.jpg 1536w, https:\/\/karlosarguinano.com\/public\/media\/2023\/09\/ArguinanoFamilia23\u00b4_G-2048x1365.jpg 2048w\" sizes=\"auto, (max-width: 804px) 100vw, 804px\" \/><\/figure>\n<\/div>\n<\/div><\/div>\n\n\n\n<div class=\"wp-block-uagb-container uagb-block-d9e093ba alignfull uagb-is-root-container\"><div class=\"uagb-container-inner-blocks-wrap\">\n<figure class=\"wp-block-image size-full anime\"><img loading=\"lazy\" decoding=\"async\" width=\"2000\" height=\"1125\" src=\"https:\/\/karlosarguinano.com\/public\/media\/2023\/06\/villa-aiala-karlos-arguinano-hotel-restaurante-zarautz.jpg\" alt=\"\" class=\"wp-image-1306\" srcset=\"https:\/\/karlosarguinano.com\/public\/media\/2023\/06\/villa-aiala-karlos-arguinano-hotel-restaurante-zarautz.jpg 2000w, https:\/\/karlosarguinano.com\/public\/media\/2023\/06\/villa-aiala-karlos-arguinano-hotel-restaurante-zarautz-300x169.jpg 300w, https:\/\/karlosarguinano.com\/public\/media\/2023\/06\/villa-aiala-karlos-arguinano-hotel-restaurante-zarautz-1024x576.jpg 1024w, https:\/\/karlosarguinano.com\/public\/media\/2023\/06\/villa-aiala-karlos-arguinano-hotel-restaurante-zarautz-768x432.jpg 768w, https:\/\/karlosarguinano.com\/public\/media\/2023\/06\/villa-aiala-karlos-arguinano-hotel-restaurante-zarautz-1536x864.jpg 1536w\" sizes=\"auto, (max-width: 2000px) 100vw, 2000px\" \/><\/figure>\n<\/div><\/div>\n\n\n\n<div class=\"wp-block-uagb-container uagb-block-51a1e867 alignfull uagb-is-root-container\"><div class=\"uagb-container-inner-blocks-wrap\">\n<div class=\"wp-block-uagb-container uagb-block-8c206433\">\n<h3 class=\"wp-block-heading\">Aiala etxea, 120 urte baino gehiagoko historia<\/h3>\n<\/div>\n\n\n\n<div class=\"wp-block-uagb-container uagb-block-5224211c\">\n<div style=\"height:15px\" aria-hidden=\"true\" class=\"wp-block-spacer\"><\/div>\n\n\n\n<p>Garai bateko harrizko jauregia, Villa Aiala izenaz ezaguna, Karlos Argui\u00f1anoren hotel-jatetxea da egun.<br><br>Kokapena eta inguruak\u2026 Itsasoaren lurrina, mendiko aire freskoarena, nortasuna duen sukaldaearena; hunkitzen gaituzten zaporeena\u2026 Izara leunen laztana edo itsasertzeko brisarena azalean, hondartzan ibilaldi bat egin ondoren\u2026 Itsasoko olatuen soinua, atsedena kulunkatzen duen soinua\u2026 Guzti hori eta askoz gehiago gertatzen da KA hotelean.<\/p>\n<\/div>\n<\/div><\/div>\n\n\n\n<div class=\"wp-block-uagb-container uagb-block-c0603db0 alignfull uagb-is-root-container\"><div class=\"uagb-container-inner-blocks-wrap\">\n<hr class=\"wp-block-separator has-alpha-channel-opacity linea\"\/>\n<\/div><\/div>\n\n\n\n<div class=\"wp-block-uagb-container barracontacto uagb-block-264998ec alignfull uagb-is-root-container\"><div class=\"uagb-container-inner-blocks-wrap\">\n<div class=\"wp-block-uagb-container ayudar uagb-block-9ee9e300\">\n<p class=\"has-text-align-center has-small-font-size\">100% Txakolina<\/p>\n\n\n\n<h4 class=\"wp-block-heading has-text-align-center\">Bodega K5<\/h4>\n\n\n\n<p class=\"has-text-align-center\"><a rel=\"noreferrer noopener\" href=\"https:\/\/www.bodegak5.com\" target=\"_blank\">Ikusi web-a<\/a><\/p>\n<\/div>\n\n\n\n<div class=\"wp-block-uagb-container ayudar uagb-block-87077a5c\">\n<p class=\"has-text-align-center has-small-font-size\">Jatetxea \/ Ezkontzak<\/p>\n\n\n\n<h4 class=\"wp-block-heading has-text-align-center\">Argui\u00f1ano Anaiak<\/h4>\n\n\n\n<p class=\"has-text-align-center\"><a rel=\"noreferrer noopener\" href=\"http:\/\/www.aiala.es\/a.anaiak\/\" target=\"_blank\"><\/a><a rel=\"noreferrer noopener\" href=\"https:\/\/www.bodegak5.com\" target=\"_blank\">Ikusi web-a<\/a><\/p>\n<\/div>\n\n\n\n<div class=\"wp-block-uagb-container uagb-block-b0243371\">\n<p class=\"has-text-align-center has-small-font-size\">Sukaldaritza eskola<\/p>\n\n\n\n<h4 class=\"wp-block-heading has-text-align-center\">Aiala<\/h4>\n\n\n\n<p class=\"has-text-align-center\"><a rel=\"noreferrer noopener\" href=\"http:\/\/www.aiala.es\/a.anaiak\/restaurantearguinano_anaiak_zarautz.html\" target=\"_blank\"><\/a><a href=\"http:\/\/www.aiala.es\" target=\"_blank\" rel=\"noreferrer noopener\">Ikusi w<\/a><a rel=\"noreferrer noopener\" href=\"https:\/\/www.bodegak5.com\" target=\"_blank\">eb-a<\/a><\/p>\n<\/div>\n<\/div><\/div>\n\n\n\n<div class=\"wp-block-uagb-container uagb-block-8d569f92 alignfull uagb-is-root-container\"><div class=\"uagb-container-inner-blocks-wrap\">\n<hr class=\"wp-block-separator has-alpha-channel-opacity linea\"\/>\n<\/div><\/div>\n","protected":false},"excerpt":{"rendered":"<p>1979, Karlos Argui\u00f1anok jatetxea irekitzen du. 1979 Karlos Argui\u00f1anok jatetxea irekitzen du. 1990 Karlos eta Luisik hotela irekitzen dute. 2010 Argui\u00f1ano bigarren belaunaldia. 1979 Karlos Argui\u00f1anok jatetxea irekitzen du. KA, Karlos Argui\u00f1anoren Hotel Jatetxea, 1979an jatetxea ireki zenean hasi zen familia-negozioa da. Argui\u00f1ano gazte hark, euskal gastronomiako beste maisu askorekin batera euskal errezeta-liburu tradizionalaren berrikusketan [&hellip;]<\/p>\n","protected":false},"author":1,"featured_media":0,"parent":0,"menu_order":0,"comment_status":"closed","ping_status":"closed","template":"normalpage.php","meta":{"_uag_custom_page_level_css":"","slim_seo":{"title":"Argui\u00f1ano familia - Karlos Argui\u00f1ano","description":"1979, Karlos Argui\u00f1anok jatetxea irekitzen du. 1979 Karlos Argui\u00f1anok jatetxea irekitzen du. 1990 Karlos eta Luisik hotela irekitzen dute. 2010 Argui\u00f1ano bigarr"},"footnotes":""},"class_list":["post-1170","page","type-page","status-publish","hentry"],"uagb_featured_image_src":{"full":false,"thumbnail":false,"medium":false,"medium_large":false,"large":false,"1536x1536":false,"2048x2048":false},"uagb_author_info":{"display_name":"axliweb","author_link":"https:\/\/karlosarguinano.com\/eu\/author\/axliweb\/"},"uagb_comment_info":0,"uagb_excerpt":"1979, Karlos Argui\u00f1anok jatetxea irekitzen du. 1979 Karlos Argui\u00f1anok jatetxea irekitzen du. 1990 Karlos eta Luisik hotela irekitzen dute. 2010 Argui\u00f1ano bigarren belaunaldia. 1979 Karlos Argui\u00f1anok jatetxea irekitzen du. KA, Karlos Argui\u00f1anoren Hotel Jatetxea, 1979an jatetxea ireki zenean hasi zen familia-negozioa da. Argui\u00f1ano gazte hark, euskal gastronomiako beste maisu askorekin batera euskal errezeta-liburu tradizionalaren berrikusketan&hellip;","_links":{"self":[{"href":"https:\/\/karlosarguinano.com\/eu\/wp-json\/wp\/v2\/pages\/1170","targetHints":{"allow":["GET"]}}],"collection":[{"href":"https:\/\/karlosarguinano.com\/eu\/wp-json\/wp\/v2\/pages"}],"about":[{"href":"https:\/\/karlosarguinano.com\/eu\/wp-json\/wp\/v2\/types\/page"}],"author":[{"embeddable":true,"href":"https:\/\/karlosarguinano.com\/eu\/wp-json\/wp\/v2\/users\/1"}],"replies":[{"embeddable":true,"href":"https:\/\/karlosarguinano.com\/eu\/wp-json\/wp\/v2\/comments?post=1170"}],"version-history":[{"count":15,"href":"https:\/\/karlosarguinano.com\/eu\/wp-json\/wp\/v2\/pages\/1170\/revisions"}],"predecessor-version":[{"id":2290,"href":"https:\/\/karlosarguinano.com\/eu\/wp-json\/wp\/v2\/pages\/1170\/revisions\/2290"}],"wp:attachment":[{"href":"https:\/\/karlosarguinano.com\/eu\/wp-json\/wp\/v2\/media?parent=1170"}],"curies":[{"name":"wp","href":"https:\/\/api.w.org\/{rel}","templated":true}]}}