{"id":1619,"date":"2023-05-23T22:33:20","date_gmt":"2023-05-23T20:33:20","guid":{"rendered":"https:\/\/karlosarguinano.com\/familia-arguinano\/"},"modified":"2023-09-06T13:08:16","modified_gmt":"2023-09-06T11:08:16","slug":"family-arguinano","status":"publish","type":"page","link":"https:\/\/karlosarguinano.com\/en\/family-arguinano\/","title":{"rendered":"Argui\u00f1ano Family"},"content":{"rendered":"\n<div class=\"wp-block-uagb-container uagb-block-62c6c4bb alignfull uagb-is-root-container\"><div class=\"uagb-container-inner-blocks-wrap\">\n<div class=\"wp-block-uagb-container uagb-block-f82ed985\">\n<h2 class=\"wp-block-heading\">KA, Karlos Argui\u00f1ano&#8217;s Hotel Restaurant, <br>is a family business that began with the <br>opening of the restaurant in 1979.<\/h2>\n<\/div>\n\n\n\n<div class=\"wp-block-uagb-container uagb-block-eb829c4c\"><\/div>\n<\/div><\/div>\n\n\n\n<div class=\"wp-block-uagb-container uagb-block-eb2376ee alignfull uagb-is-root-container\"><div class=\"uagb-container-inner-blocks-wrap\">\n<div class=\"wp-block-uagb-container uagb-block-3bf92af6\">\n<figure class=\"wp-block-image aligncenter size-full is-resized anime\"><img loading=\"lazy\" decoding=\"async\" src=\"https:\/\/karlosarguinano.com\/public\/media\/2023\/05\/karlos-arguinano-1979-restaurante-hotel-timeline.jpg\" alt=\"\" class=\"wp-image-738\" style=\"width:314px;height:377px\" width=\"314\" height=\"377\" srcset=\"https:\/\/karlosarguinano.com\/public\/media\/2023\/05\/karlos-arguinano-1979-restaurante-hotel-timeline.jpg 692w, https:\/\/karlosarguinano.com\/public\/media\/2023\/05\/karlos-arguinano-1979-restaurante-hotel-timeline-250x300.jpg 250w\" sizes=\"auto, (max-width: 314px) 100vw, 314px\" \/><\/figure>\n\n\n\n<h2 class=\"wp-block-heading has-text-align-center ano\">1979<\/h2>\n\n\n\n<h4 class=\"wp-block-heading has-text-align-center\">Karlos Argui\u00f1ano opens the restaurant.<\/h4>\n<\/div>\n\n\n\n<div class=\"wp-block-uagb-container uagb-block-07f0e9ac\">\n<figure class=\"wp-block-image aligncenter size-full is-resized anime\"><img loading=\"lazy\" decoding=\"async\" src=\"https:\/\/karlosarguinano.com\/public\/media\/2023\/05\/hotel-karlos-arguinano-zarautz-timeline.jpg\" alt=\"\" class=\"wp-image-737\" style=\"width:314px;height:377px\" width=\"314\" height=\"377\" srcset=\"https:\/\/karlosarguinano.com\/public\/media\/2023\/05\/hotel-karlos-arguinano-zarautz-timeline.jpg 692w, https:\/\/karlosarguinano.com\/public\/media\/2023\/05\/hotel-karlos-arguinano-zarautz-timeline-250x300.jpg 250w\" sizes=\"auto, (max-width: 314px) 100vw, 314px\" \/><\/figure>\n\n\n\n<h2 class=\"wp-block-heading has-text-align-center ano\">1990<\/h2>\n\n\n\n<h4 class=\"wp-block-heading has-text-align-center\">Karlos and Luisi open the Hotel above the restaurant.<\/h4>\n<\/div>\n\n\n\n<div class=\"wp-block-uagb-container uagb-block-2fd5c4b6\">\n<figure class=\"wp-block-image aligncenter size-full is-resized anime\"><img loading=\"lazy\" decoding=\"async\" src=\"https:\/\/karlosarguinano.com\/public\/media\/2023\/05\/zigor-arguinano-hotelka-1.jpg\" alt=\"\" class=\"wp-image-739\" style=\"width:313px;height:375px\" width=\"313\" height=\"375\" srcset=\"https:\/\/karlosarguinano.com\/public\/media\/2023\/05\/zigor-arguinano-hotelka-1.jpg 693w, https:\/\/karlosarguinano.com\/public\/media\/2023\/05\/zigor-arguinano-hotelka-1-250x300.jpg 250w\" sizes=\"auto, (max-width: 313px) 100vw, 313px\" \/><\/figure>\n\n\n\n<h2 class=\"wp-block-heading has-text-align-center\">2010<\/h2>\n\n\n\n<h4 class=\"wp-block-heading has-text-align-center\">Argui\u00f1ano second generation.<\/h4>\n<\/div>\n<\/div><\/div>\n\n\n\n<div class=\"wp-block-uagb-container uagb-block-24726286 alignfull uagb-is-root-container\"><div class=\"uagb-container-inner-blocks-wrap\">\n<div class=\"wp-block-uagb-container uagb-block-c1d3d44b\">\n<div class=\"wp-block-uagb-image alignleft uagb-block-0bcf1ac0 wp-block-uagb-image--layout-default wp-block-uagb-image--effect-static wp-block-uagb-image--align-left anime\"><figure class=\"wp-block-uagb-image__figure\"><img decoding=\"async\" srcset=\"https:\/\/karlosarguinano.com\/public\/media\/2023\/05\/karlos-arguinano-1979-restaurante-1.jpg \" sizes=\"auto, (max-width: 480px) 150px\" src=\"https:\/\/karlosarguinano.com\/public\/media\/2023\/05\/karlos-arguinano-1979-restaurante-1.jpg\" alt=\"\" class=\"uag-image-718\" width=\"594\" height=\"427\" title=\"\" loading=\"lazy\"\/><\/figure><\/div>\n\n\n\n<div class=\"wp-block-uagb-container uagb-block-ee21c93e\">\n<h3 class=\"wp-block-heading\">1979 <br>Karlos Argui\u00f1ano opens the restaurant.<\/h3>\n\n\n\n<p>KA, Karlos Argui\u00f1ano&#8217;s Hotel Restaurant, is a family business that began with the opening of the restaurant in 1979.<br><br>A young Argui\u00f1ano, immersed in the revision and revolution of the traditional Basque recipe book, together with many other masters of Basque gastronomy, was putting forward a healthier and more modern gastronomic proposal in his own restaurant. The new Basque cuisine, that culinary revolution that combines tradition and the avant-garde, has always been and continues to be the basis of Karlos Argui\u00f1ano&#8217;s cuisine.<\/p>\n<\/div>\n<\/div>\n\n\n\n<div class=\"wp-block-uagb-container uagb-block-b5a24d29\">\n<div class=\"wp-block-uagb-image uagb-block-1ab8bbbc wp-block-uagb-image--layout-default wp-block-uagb-image--effect-static wp-block-uagb-image--align-none anime\"><figure class=\"wp-block-uagb-image__figure\"><img decoding=\"async\" srcset=\"https:\/\/karlosarguinano.com\/public\/media\/2023\/05\/primer-equipo-familia-karlos-arguinano.jpg \" sizes=\"auto, (max-width: 480px) 150px\" src=\"https:\/\/karlosarguinano.com\/public\/media\/2023\/05\/primer-equipo-familia-karlos-arguinano.jpg\" alt=\"\" class=\"uag-image-709\" width=\"591\" height=\"666\" title=\"\" loading=\"lazy\"\/><\/figure><\/div>\n<\/div>\n<\/div><\/div>\n\n\n\n<div class=\"wp-block-uagb-container uagb-block-61860cd4 alignfull uagb-is-root-container\"><div class=\"uagb-container-inner-blocks-wrap\">\n<div class=\"wp-block-uagb-container uagb-block-500b5881\">\n<figure class=\"wp-block-image size-full anime\"><img loading=\"lazy\" decoding=\"async\" width=\"680\" height=\"813\" src=\"https:\/\/karlosarguinano.com\/public\/media\/2023\/05\/hotel-karlos-arguinano-zarautz.jpg\" alt=\"\" class=\"wp-image-735\" srcset=\"https:\/\/karlosarguinano.com\/public\/media\/2023\/05\/hotel-karlos-arguinano-zarautz.jpg 680w, https:\/\/karlosarguinano.com\/public\/media\/2023\/05\/hotel-karlos-arguinano-zarautz-251x300.jpg 251w\" sizes=\"auto, (max-width: 680px) 100vw, 680px\" \/><\/figure>\n<\/div>\n\n\n\n<div class=\"wp-block-uagb-container uagb-block-b0f8c9f7\">\n<h3 class=\"wp-block-heading\">1990 <br>Karlos and Luisi open the Hotel above the restaurant.<\/h3>\n\n\n\n<p>In 1990, Karlos and Luisi expanded the business by opening the hotel with a total of 12 rooms that still retain the essence of the Villa Aiala.<br><br>The hotel, located in exceptional surroundings, is situated in a privileged enclave: right on the beach of Zarauz. The sound of the waves and the sea views make the hotel a dream place where guests can relax and rest like nowhere else. A unique combination of family atmosphere, warm decoration, cosy spaces and friendly service make every visitor feel at home.<\/p>\n<\/div>\n<\/div><\/div>\n\n\n\n<div class=\"wp-block-uagb-container uagb-block-47548617 alignfull uagb-is-root-container\"><div class=\"uagb-container-inner-blocks-wrap\">\n<div class=\"wp-block-uagb-container uagb-block-ea5c2dbf\">\n<figure class=\"wp-block-image size-large is-resized anime\"><img loading=\"lazy\" decoding=\"async\" src=\"https:\/\/karlosarguinano.com\/public\/media\/2023\/09\/ARGAZKI-FAMILIA-1024x692.png\" alt=\"ARGAZKI FAMILIA\" class=\"wp-image-2265\" style=\"width:823px;height:591px\" width=\"823\" height=\"591\"\/><\/figure>\n\n\n\n<div class=\"wp-block-uagb-container uagb-block-8724105a\">\n<h3 class=\"wp-block-heading\">2010 <br>Argui\u00f1ano second generation.<\/h3>\n\n\n\n<p>The Argui\u00f1ano family currently runs Villa Aiala, where Karlos Argui\u00f1ano&#8217;s Hotel Restaurant is located.<br><br>Karlos and Luisi are gradually delegating the management of the project to five of their children, who have been involved in the family project for as long as they can remember. After 20 years of living together, of Karlos&#8217; continuous success on television, of teaching and learning between father\/mother and children\u2026 the generational turn over comes. The children take over the baton. However, after 45 years, Karlos and Luisi are still present in the project.<\/p>\n<\/div>\n<\/div>\n\n\n\n<div class=\"wp-block-uagb-container uagb-block-213adecf\">\n<figure class=\"wp-block-image size-large\"><img loading=\"lazy\" decoding=\"async\" width=\"1024\" height=\"683\" src=\"https:\/\/karlosarguinano.com\/public\/media\/2023\/09\/ArguinanoFamilia23\u00b4_G-1024x683.jpg\" alt=\"Arguin\u0303anoFamilia23\u00b4_G\" class=\"wp-image-2249\" srcset=\"https:\/\/karlosarguinano.com\/public\/media\/2023\/09\/ArguinanoFamilia23\u00b4_G-1024x683.jpg 1024w, https:\/\/karlosarguinano.com\/public\/media\/2023\/09\/ArguinanoFamilia23\u00b4_G-300x200.jpg 300w, https:\/\/karlosarguinano.com\/public\/media\/2023\/09\/ArguinanoFamilia23\u00b4_G-768x512.jpg 768w, https:\/\/karlosarguinano.com\/public\/media\/2023\/09\/ArguinanoFamilia23\u00b4_G-1536x1024.jpg 1536w, https:\/\/karlosarguinano.com\/public\/media\/2023\/09\/ArguinanoFamilia23\u00b4_G-2048x1365.jpg 2048w\" sizes=\"auto, (max-width: 1024px) 100vw, 1024px\" \/><\/figure>\n<\/div>\n<\/div><\/div>\n\n\n\n<div class=\"wp-block-uagb-container uagb-block-ba9dc6c5 alignfull uagb-is-root-container\"><div class=\"uagb-container-inner-blocks-wrap\">\n<figure class=\"wp-block-image size-full anime\"><img loading=\"lazy\" decoding=\"async\" width=\"2000\" height=\"1125\" src=\"https:\/\/karlosarguinano.com\/public\/media\/2023\/06\/villa-aiala-karlos-arguinano-hotel-restaurante-zarautz.jpg\" alt=\"\" class=\"wp-image-1305\" srcset=\"https:\/\/karlosarguinano.com\/public\/media\/2023\/06\/villa-aiala-karlos-arguinano-hotel-restaurante-zarautz.jpg 2000w, https:\/\/karlosarguinano.com\/public\/media\/2023\/06\/villa-aiala-karlos-arguinano-hotel-restaurante-zarautz-300x169.jpg 300w, https:\/\/karlosarguinano.com\/public\/media\/2023\/06\/villa-aiala-karlos-arguinano-hotel-restaurante-zarautz-1024x576.jpg 1024w, https:\/\/karlosarguinano.com\/public\/media\/2023\/06\/villa-aiala-karlos-arguinano-hotel-restaurante-zarautz-768x432.jpg 768w, https:\/\/karlosarguinano.com\/public\/media\/2023\/06\/villa-aiala-karlos-arguinano-hotel-restaurante-zarautz-1536x864.jpg 1536w\" sizes=\"auto, (max-width: 2000px) 100vw, 2000px\" \/><\/figure>\n<\/div><\/div>\n\n\n\n<div class=\"wp-block-uagb-container uagb-block-6c7c7962 alignfull uagb-is-root-container\"><div class=\"uagb-container-inner-blocks-wrap\">\n<div class=\"wp-block-uagb-container uagb-block-5fdb4b5a\">\n<h3 class=\"wp-block-heading\">Villa Aiala, OVER 120 years of history.<\/h3>\n<\/div>\n\n\n\n<div class=\"wp-block-uagb-container uagb-block-c855dd59\">\n<div style=\"height:15px\" aria-hidden=\"true\" class=\"wp-block-spacer\"><\/div>\n\n\n\n<p>The old stone mansion, with a stately appearance and known as Villa Aiala, is now Karlos Argui\u00f1ano&#8217;s Hotel Restaurant.<br><br>Its environment and surroundings; the aroma of the sea, of the mountain air, of a cuisine with character; of flavours that thrill; the feel of soft sheets, of the breeze on the skin, smooth and soft after a walk on the beach; the sound of the sea waves, a delicate melody that lulls you to rest. All this, and much more, happens at the Hotel Restaurant KA.<\/p>\n<\/div>\n<\/div><\/div>\n\n\n\n<div class=\"wp-block-uagb-container uagb-block-5fffc3e5 alignfull uagb-is-root-container\"><div class=\"uagb-container-inner-blocks-wrap\">\n<hr class=\"wp-block-separator has-alpha-channel-opacity linea\"\/>\n<\/div><\/div>\n\n\n\n<div class=\"wp-block-uagb-container barracontacto uagb-block-af312a1d alignfull uagb-is-root-container\"><div class=\"uagb-container-inner-blocks-wrap\">\n<div class=\"wp-block-uagb-container ayudar uagb-block-e57fb508\">\n<p class=\"has-text-align-center has-small-font-size\">100% Txakolina<\/p>\n\n\n\n<h4 class=\"wp-block-heading has-text-align-center\">Bodega K5<\/h4>\n\n\n\n<p class=\"has-text-align-center\"><a rel=\"noreferrer noopener\" href=\"https:\/\/www.bodegak5.com\" target=\"_blank\">Visit website<\/a><\/p>\n<\/div>\n\n\n\n<div class=\"wp-block-uagb-container ayudar uagb-block-29128369\">\n<p class=\"has-text-align-center has-small-font-size\">Restaurant \/ Weddings<\/p>\n\n\n\n<h4 class=\"wp-block-heading has-text-align-center\">Argui\u00f1ano Anaiak<\/h4>\n\n\n\n<p class=\"has-text-align-center\"><a rel=\"noreferrer noopener\" href=\"http:\/\/www.aiala.es\/a.anaiak\/\" target=\"_blank\">Visit website<\/a><\/p>\n<\/div>\n\n\n\n<div class=\"wp-block-uagb-container uagb-block-7aba91be\">\n<p class=\"has-text-align-center has-small-font-size\">Cuisine School<\/p>\n\n\n\n<h4 class=\"wp-block-heading has-text-align-center\">Aiala<\/h4>\n\n\n\n<p class=\"has-text-align-center\"><a href=\"http:\/\/www.aiala.es\" target=\"_blank\" rel=\"noreferrer noopener\">Visit website<\/a><\/p>\n<\/div>\n<\/div><\/div>\n\n\n\n<div class=\"wp-block-uagb-container uagb-block-5299cf87 alignfull uagb-is-root-container\"><div class=\"uagb-container-inner-blocks-wrap\">\n<hr class=\"wp-block-separator has-alpha-channel-opacity linea\"\/>\n<\/div><\/div>\n","protected":false},"excerpt":{"rendered":"<p>KA, Karlos Argui\u00f1ano&#8217;s Hotel Restaurant, is a family business that began with the opening of the restaurant in 1979. 1979 Karlos Argui\u00f1ano opens the restaurant. 1990 Karlos and Luisi open the Hotel above the restaurant. 2010 Argui\u00f1ano second generation. 1979 Karlos Argui\u00f1ano opens the restaurant. KA, Karlos Argui\u00f1ano&#8217;s Hotel Restaurant, is a family business that [&hellip;]<\/p>\n","protected":false},"author":1,"featured_media":0,"parent":0,"menu_order":0,"comment_status":"closed","ping_status":"closed","template":"normalpage.php","meta":{"_uag_custom_page_level_css":"","slim_seo":{"title":"Argui\u00f1ano Family - Karlos Argui\u00f1ano","description":"KA, Karlos Argui\u00f1ano's Hotel Restaurant, is a family business that began with the opening of the restaurant in 1979. 1979 Karlos Argui\u00f1ano opens the restaurant."},"footnotes":""},"class_list":["post-1619","page","type-page","status-publish","hentry"],"uagb_featured_image_src":{"full":false,"thumbnail":false,"medium":false,"medium_large":false,"large":false,"1536x1536":false,"2048x2048":false},"uagb_author_info":{"display_name":"axliweb","author_link":"https:\/\/karlosarguinano.com\/en\/author\/axliweb\/"},"uagb_comment_info":0,"uagb_excerpt":"KA, Karlos Argui\u00f1ano&#8217;s Hotel Restaurant, is a family business that began with the opening of the restaurant in 1979. 1979 Karlos Argui\u00f1ano opens the restaurant. 1990 Karlos and Luisi open the Hotel above the restaurant. 2010 Argui\u00f1ano second generation. 1979 Karlos Argui\u00f1ano opens the restaurant. KA, Karlos Argui\u00f1ano&#8217;s Hotel Restaurant, is a family business that&hellip;","_links":{"self":[{"href":"https:\/\/karlosarguinano.com\/en\/wp-json\/wp\/v2\/pages\/1619","targetHints":{"allow":["GET"]}}],"collection":[{"href":"https:\/\/karlosarguinano.com\/en\/wp-json\/wp\/v2\/pages"}],"about":[{"href":"https:\/\/karlosarguinano.com\/en\/wp-json\/wp\/v2\/types\/page"}],"author":[{"embeddable":true,"href":"https:\/\/karlosarguinano.com\/en\/wp-json\/wp\/v2\/users\/1"}],"replies":[{"embeddable":true,"href":"https:\/\/karlosarguinano.com\/en\/wp-json\/wp\/v2\/comments?post=1619"}],"version-history":[{"count":4,"href":"https:\/\/karlosarguinano.com\/en\/wp-json\/wp\/v2\/pages\/1619\/revisions"}],"predecessor-version":[{"id":2291,"href":"https:\/\/karlosarguinano.com\/en\/wp-json\/wp\/v2\/pages\/1619\/revisions\/2291"}],"wp:attachment":[{"href":"https:\/\/karlosarguinano.com\/en\/wp-json\/wp\/v2\/media?parent=1619"}],"curies":[{"name":"wp","href":"https:\/\/api.w.org\/{rel}","templated":true}]}}